{"id":3473,"date":"2023-05-09T18:20:10","date_gmt":"2023-05-09T18:20:10","guid":{"rendered":"https:\/\/jardindelasalmas.com\/web\/?page_id=3473"},"modified":"2023-07-12T00:21:16","modified_gmt":"2023-07-12T00:21:16","slug":"podcast-10-un-arbol-que-resurge-te-gustaria-volver-a-nacer","status":"publish","type":"page","link":"https:\/\/jardindelasalmas.com\/web\/podcast-10-un-arbol-que-resurge-te-gustaria-volver-a-nacer\/","title":{"rendered":"Podcast 10 \u2013 Un \u00e1rbol que resurge \u00bfte gustar\u00eda volver a nacer?"},"content":{"rendered":"\t\t<div data-elementor-type=\"wp-page\" data-elementor-id=\"3473\" class=\"elementor elementor-3473\">\n\t\t\t\t\t\t<section class=\"elementor-section elementor-top-section elementor-element elementor-element-316d2cc1 elementor-section-boxed elementor-section-height-default elementor-section-height-default\" data-id=\"316d2cc1\" data-element_type=\"section\" data-e-type=\"section\">\n\t\t\t\t\t\t<div class=\"elementor-container elementor-column-gap-default\">\n\t\t\t\t\t<div class=\"elementor-column elementor-col-100 elementor-top-column elementor-element elementor-element-361ddb90\" data-id=\"361ddb90\" data-element_type=\"column\" data-e-type=\"column\">\n\t\t\t<div class=\"elementor-widget-wrap elementor-element-populated\">\n\t\t\t\t\t\t<div class=\"elementor-element elementor-element-4e50c53c elementor-widget elementor-widget-text-editor\" data-id=\"4e50c53c\" data-element_type=\"widget\" data-e-type=\"widget\" data-widget_type=\"text-editor.default\">\n\t\t\t\t<div class=\"elementor-widget-container\">\n\t\t\t\t\t\t\t\t\t\r\n<p>Un podcast es una serie de archivos de audio que se encuentran disponibles en diversas aplicaciones de audio. <br \/>La duraci\u00f3n de cada episodio es de alrededor de 20 minutos y se pueden escuchar en l\u00ednea o bien descargarlas a un dispositivo personal. <br \/><br \/><span style=\"color: #ff0000;\"><strong>Cada episodio es una Visita en la cual se recorren los sectores del Jard\u00edn, se relatan historias referidas a los diversos tipos de almas que aqu\u00ed moran aqu\u00ed, sus caracter\u00edsticas f\u00edsicas y su significado espiritual.<\/strong><\/span><\/p>\r\n\t\t\t\t\t\t\t\t<\/div>\n\t\t\t\t<\/div>\n\t\t\t\t<div class=\"elementor-element elementor-element-273dd115 elementor-widget-divider--separator-type-pattern elementor-widget-divider--view-line elementor-widget elementor-widget-divider\" data-id=\"273dd115\" data-element_type=\"widget\" data-e-type=\"widget\" data-widget_type=\"divider.default\">\n\t\t\t\t<div class=\"elementor-widget-container\">\n\t\t\t\t\t\t\t<div class=\"elementor-divider\" style=\"--divider-pattern-url: url(&quot;data:image\/svg+xml,%3Csvg xmlns=&#039;http:\/\/www.w3.org\/2000\/svg&#039; preserveAspectRatio=&#039;none&#039; overflow=&#039;visible&#039; height=&#039;100%&#039; viewBox=&#039;0 0 24 24&#039; fill=&#039;none&#039; stroke=&#039;black&#039; stroke-width=&#039;1&#039; stroke-linecap=&#039;square&#039; stroke-miterlimit=&#039;10&#039;%3E%3Cpath d=&#039;M0,21c3.3,0,8.3-0.9,15.7-7.1c6.6-5.4,4.4-9.3,2.4-10.3c-3.4-1.8-7.7,1.3-7.3,8.8C11.2,20,17.1,21,24,21&#039;\/%3E%3C\/svg%3E&quot;);\">\n\t\t\t<span class=\"elementor-divider-separator\">\n\t\t\t\t\t\t<\/span>\n\t\t<\/div>\n\t\t\t\t\t\t<\/div>\n\t\t\t\t<\/div>\n\t\t\t\t\t<\/div>\n\t\t<\/div>\n\t\t\t\t\t<\/div>\n\t\t<\/section>\n\t\t\t\t<section class=\"elementor-section elementor-top-section elementor-element elementor-element-1c37053f elementor-section-boxed elementor-section-height-default elementor-section-height-default\" data-id=\"1c37053f\" data-element_type=\"section\" data-e-type=\"section\">\n\t\t\t\t\t\t<div class=\"elementor-container elementor-column-gap-default\">\n\t\t\t\t\t<div class=\"elementor-column elementor-col-33 elementor-top-column elementor-element elementor-element-36e09297\" data-id=\"36e09297\" data-element_type=\"column\" data-e-type=\"column\">\n\t\t\t<div class=\"elementor-widget-wrap elementor-element-populated\">\n\t\t\t\t\t\t<div class=\"elementor-element elementor-element-624e1479 elementor-widget elementor-widget-image\" data-id=\"624e1479\" data-element_type=\"widget\" data-e-type=\"widget\" data-widget_type=\"image.default\">\n\t\t\t\t<div class=\"elementor-widget-container\">\n\t\t\t\t\t\t\t\t\t\t\t\t<figure class=\"wp-caption\">\n\t\t\t\t\t\t\t\t\t\t\t<a href=\"https:\/\/open.spotify.com\/album\/0NdBxAEg1CNcOLRA7DQtsC?si=UwIJee4mTRGf7U_9VNQ9WA\" target=\"_blank\">\n\t\t\t\t\t\t\t<img fetchpriority=\"high\" decoding=\"async\" width=\"640\" height=\"640\" src=\"https:\/\/jardindelasalmas.com\/web\/wp-content\/uploads\/2023\/05\/balsamo_p10-1024x1024.jpg\" class=\"attachment-large size-large wp-image-3477\" alt=\"\" srcset=\"https:\/\/jardindelasalmas.com\/web\/wp-content\/uploads\/2023\/05\/balsamo_p10-1024x1024.jpg 1024w, https:\/\/jardindelasalmas.com\/web\/wp-content\/uploads\/2023\/05\/balsamo_p10-300x300.jpg 300w, https:\/\/jardindelasalmas.com\/web\/wp-content\/uploads\/2023\/05\/balsamo_p10-150x150.jpg 150w, https:\/\/jardindelasalmas.com\/web\/wp-content\/uploads\/2023\/05\/balsamo_p10-768x768.jpg 768w, https:\/\/jardindelasalmas.com\/web\/wp-content\/uploads\/2023\/05\/balsamo_p10-650x650.jpg 650w, https:\/\/jardindelasalmas.com\/web\/wp-content\/uploads\/2023\/05\/balsamo_p10-470x470.jpg 470w, https:\/\/jardindelasalmas.com\/web\/wp-content\/uploads\/2023\/05\/balsamo_p10-100x100.jpg 100w, https:\/\/jardindelasalmas.com\/web\/wp-content\/uploads\/2023\/05\/balsamo_p10-48x48.jpg 48w, https:\/\/jardindelasalmas.com\/web\/wp-content\/uploads\/2023\/05\/balsamo_p10.jpg 1077w\" sizes=\"(max-width: 640px) 100vw, 640px\" \/>\t\t\t\t\t\t\t\t<\/a>\n\t\t\t\t\t\t\t\t\t\t\t<figcaption class=\"widget-image-caption wp-caption-text\">Podcast 10<\/figcaption>\n\t\t\t\t\t\t\t\t\t\t<\/figure>\n\t\t\t\t\t\t\t\t\t<\/div>\n\t\t\t\t<\/div>\n\t\t\t\t\t<\/div>\n\t\t<\/div>\n\t\t\t\t<div class=\"elementor-column elementor-col-66 elementor-top-column elementor-element elementor-element-3143d7c1\" data-id=\"3143d7c1\" data-element_type=\"column\" data-e-type=\"column\">\n\t\t\t<div class=\"elementor-widget-wrap elementor-element-populated\">\n\t\t\t\t\t\t<div class=\"elementor-element elementor-element-32a63517 elementor-widget elementor-widget-spacer\" data-id=\"32a63517\" data-element_type=\"widget\" data-e-type=\"widget\" data-widget_type=\"spacer.default\">\n\t\t\t\t<div class=\"elementor-widget-container\">\n\t\t\t\t\t\t\t<div class=\"elementor-spacer\">\n\t\t\t<div class=\"elementor-spacer-inner\"><\/div>\n\t\t<\/div>\n\t\t\t\t\t\t<\/div>\n\t\t\t\t<\/div>\n\t\t\t\t<div class=\"elementor-element elementor-element-28b05a14 elementor-widget elementor-widget-heading\" data-id=\"28b05a14\" data-element_type=\"widget\" data-e-type=\"widget\" data-widget_type=\"heading.default\">\n\t\t\t\t<div class=\"elementor-widget-container\">\n\t\t\t\t\t<h2 class=\"elementor-heading-title elementor-size-default\">Podcast 10 \u2013 <span style=\"font-size: 25.6px\">Un \u00e1rbol que resurge \u00bfte gustar\u00eda volver a nacer?\n<\/span><\/h2>\t\t\t\t<\/div>\n\t\t\t\t<\/div>\n\t\t\t\t<div class=\"elementor-element elementor-element-60f9fd48 elementor-widget-divider--view-line elementor-widget elementor-widget-divider\" data-id=\"60f9fd48\" data-element_type=\"widget\" data-e-type=\"widget\" data-widget_type=\"divider.default\">\n\t\t\t\t<div class=\"elementor-widget-container\">\n\t\t\t\t\t\t\t<div class=\"elementor-divider\">\n\t\t\t<span class=\"elementor-divider-separator\">\n\t\t\t\t\t\t<\/span>\n\t\t<\/div>\n\t\t\t\t\t\t<\/div>\n\t\t\t\t<\/div>\n\t\t\t\t<div class=\"elementor-element elementor-element-68c3f66e elementor-widget elementor-widget-text-editor\" data-id=\"68c3f66e\" data-element_type=\"widget\" data-e-type=\"widget\" data-widget_type=\"text-editor.default\">\n\t\t\t\t<div class=\"elementor-widget-container\">\n\t\t\t\t\t\t\t\t\t<p>\u00bfNo te sucede a veces que te sorprendes imaginando c\u00f3mo ser\u00eda tu vida si tuvieras la oportunidad de nacer de nuevo? Tal vez en otra familia, o en otra \u00e9poca, o en otras condiciones materiales, o en otro pa\u00eds\u2026 <br \/>Imaginas que todo ser\u00eda diferente. Nacer\u00edas en otra familia. Vivir\u00edas con otra gente. Hablar\u00edas otro idioma. Te dedicar\u00edas a algo que verdaderamente te apasiona. Y sin embargo\u2026<br \/>En esta visita conoceremos la ra\u00edz espiritual de la resurrecci\u00f3n. \u00bfTe animas a acompa\u00f1arme?<br \/>Tambi\u00e9n puedes escuchar este podcast en Spotify, Google Podcast, Ivoox y ListenNotes.<br \/><br \/>Te invito a visitar mi sitio web:<br \/>http:\/\/www.jardindelasalmas.com\/web<br \/>O a seguirme en las redes sociales:<br \/>IG: @jardindelasalmas<br \/>FB: Visita guiada al Jard\u00edn de las Almas<\/p>\t\t\t\t\t\t\t\t<\/div>\n\t\t\t\t<\/div>\n\t\t\t\t<div class=\"elementor-element elementor-element-7ca8c841 elementor-widget elementor-widget-wp-widget-media_audio\" data-id=\"7ca8c841\" data-element_type=\"widget\" data-e-type=\"widget\" data-widget_type=\"wp-widget-media_audio.default\">\n\t\t\t\t<div class=\"elementor-widget-container\">\n\t\t\t\t\t<div id=\"waveplayer-65cd5fe810f77d2faf507250e4d9e4f9-69e0786fb6c9c\" class=\"waveplayer loading wvpl-skin-play_n_wave wvpl-palette-800e3a14c86733ad9ccc96fd80850d88 wvpl-size-sm wvpl-shape-square wvpl-style-light wvpl-full-width-playlist\" data-limit=\"0\" data-mode=\"normal\" data-palette=\"141f24-2f4651-e9edef-bed0d8-557a89-83b2c7-238fbd-49b6e6-205e79-a6d6ea-21779b-5fb2d6\" data-override_wave_colors=\"1\" data-instance_id=\"65cd5fe810f77d2faf507250e4d9e4f9-69e0786fb6c9c\">\n\t<div class=\"wvpl-controls\">\n\t\t<div class=\"wvpl-icon wvpl-play\"><\/div>\n\t<\/div>\n\t<div class=\"wvpl-wave\">\n\t\t<div class=\"wvpl-overlay\">\n\t\t\t<svg>\n\t\t\t\t<use xlink:href=\"#waveform-animation\" \/>\n\t\t\t<\/svg>\n\t\t\t<div class=\"percentage\"><\/div>\n\t\t\t<div class=\"wvpl-loading\">\n\t\t\t\t<div class=\"wvpl-loading-progress\"><\/div>\n\t\t\t<\/div>\n\t\t\t<div class=\"message\"><\/div>\n\t\t<\/div>\n\t\t<div class=\"wvpl-position\"><\/div>\n\t\t<div class=\"wvpl-waveform\"><\/div>\n\t\t<div class=\"wvpl-duration\"><\/div>\n\t<\/div>\n<\/div>\n\t\t\t\t<\/div>\n\t\t\t\t<\/div>\n\t\t\t\t\t<\/div>\n\t\t<\/div>\n\t\t\t\t\t<\/div>\n\t\t<\/section>\n\t\t\t\t<section class=\"elementor-section elementor-top-section elementor-element elementor-element-db52a94 elementor-section-boxed elementor-section-height-default elementor-section-height-default\" data-id=\"db52a94\" data-element_type=\"section\" data-e-type=\"section\">\n\t\t\t\t\t\t<div class=\"elementor-container elementor-column-gap-default\">\n\t\t\t\t\t<div class=\"elementor-column elementor-col-100 elementor-top-column elementor-element elementor-element-62a9bb62\" data-id=\"62a9bb62\" data-element_type=\"column\" data-e-type=\"column\">\n\t\t\t<div class=\"elementor-widget-wrap elementor-element-populated\">\n\t\t\t\t\t\t<div class=\"elementor-element elementor-element-3bdcb8d9 elementor-widget elementor-widget-text-editor\" data-id=\"3bdcb8d9\" data-element_type=\"widget\" data-e-type=\"widget\" data-widget_type=\"text-editor.default\">\n\t\t\t\t<div class=\"elementor-widget-container\">\n\t\t\t\t\t\t\t\t\t<p style=\"text-align: center;\">Puede escuchar estos podcast en su celular en cualquiera de estas plataformas: <br>Spotify, Google Podcast, Ivoox y ListenNotes.<\/p>\t\t\t\t\t\t\t\t<\/div>\n\t\t\t\t<\/div>\n\t\t\t\t<div class=\"elementor-element elementor-element-6187c056 elementor-widget-divider--separator-type-pattern elementor-widget-divider--view-line elementor-widget elementor-widget-divider\" data-id=\"6187c056\" data-element_type=\"widget\" data-e-type=\"widget\" data-widget_type=\"divider.default\">\n\t\t\t\t<div class=\"elementor-widget-container\">\n\t\t\t\t\t\t\t<div class=\"elementor-divider\" style=\"--divider-pattern-url: url(&quot;data:image\/svg+xml,%3Csvg xmlns=&#039;http:\/\/www.w3.org\/2000\/svg&#039; preserveAspectRatio=&#039;none&#039; overflow=&#039;visible&#039; height=&#039;100%&#039; viewBox=&#039;0 0 24 24&#039; fill=&#039;none&#039; stroke=&#039;black&#039; stroke-width=&#039;1&#039; stroke-linecap=&#039;square&#039; stroke-miterlimit=&#039;10&#039;%3E%3Cpath d=&#039;M0,21c3.3,0,8.3-0.9,15.7-7.1c6.6-5.4,4.4-9.3,2.4-10.3c-3.4-1.8-7.7,1.3-7.3,8.8C11.2,20,17.1,21,24,21&#039;\/%3E%3C\/svg%3E&quot;);\">\n\t\t\t<span class=\"elementor-divider-separator\">\n\t\t\t\t\t\t<\/span>\n\t\t<\/div>\n\t\t\t\t\t\t<\/div>\n\t\t\t\t<\/div>\n\t\t\t\t<div class=\"elementor-element elementor-element-9da1943 elementor-widget elementor-widget-image\" data-id=\"9da1943\" data-element_type=\"widget\" data-e-type=\"widget\" data-widget_type=\"image.default\">\n\t\t\t\t<div class=\"elementor-widget-container\">\n\t\t\t\t\t\t\t\t\t\t\t\t<figure class=\"wp-caption\">\n\t\t\t\t\t\t\t\t\t\t\t<a href=\"https:\/\/jardindelasalmas.com\/web\/podcast-11-un-alma-fecunda\">\n\t\t\t\t\t\t\t<img decoding=\"async\" width=\"640\" height=\"113\" src=\"https:\/\/jardindelasalmas.com\/web\/wp-content\/uploads\/2023\/05\/PODCAST-home11-1-1024x181.jpg\" class=\"attachment-large size-large wp-image-3513\" alt=\"\" srcset=\"https:\/\/jardindelasalmas.com\/web\/wp-content\/uploads\/2023\/05\/PODCAST-home11-1-1024x181.jpg 1024w, https:\/\/jardindelasalmas.com\/web\/wp-content\/uploads\/2023\/05\/PODCAST-home11-1-300x53.jpg 300w, https:\/\/jardindelasalmas.com\/web\/wp-content\/uploads\/2023\/05\/PODCAST-home11-1-768x136.jpg 768w, https:\/\/jardindelasalmas.com\/web\/wp-content\/uploads\/2023\/05\/PODCAST-home11-1-1536x272.jpg 1536w, https:\/\/jardindelasalmas.com\/web\/wp-content\/uploads\/2023\/05\/PODCAST-home11-1.jpg 1913w\" sizes=\"(max-width: 640px) 100vw, 640px\" \/>\t\t\t\t\t\t\t\t<\/a>\n\t\t\t\t\t\t\t\t\t\t\t<figcaption class=\"widget-image-caption wp-caption-text\"><\/figcaption>\n\t\t\t\t\t\t\t\t\t\t<\/figure>\n\t\t\t\t\t\t\t\t\t<\/div>\n\t\t\t\t<\/div>\n\t\t\t\t<div class=\"elementor-element elementor-element-2225c01 elementor-widget elementor-widget-text-editor\" data-id=\"2225c01\" data-element_type=\"widget\" data-e-type=\"widget\" data-widget_type=\"text-editor.default\">\n\t\t\t\t<div class=\"elementor-widget-container\">\n\t\t\t\t\t\t\t\t\t<p style=\"text-align: center;\"><em><strong>Deje aqu\u00ed sus comentarios sobre la visita que acaba de realizar &#8230;<\/strong><\/em><\/p>\t\t\t\t\t\t\t\t<\/div>\n\t\t\t\t<\/div>\n\t\t\t\t\t<\/div>\n\t\t<\/div>\n\t\t\t\t\t<\/div>\n\t\t<\/section>\n\t\t\t\t<\/div>\n\t\t","protected":false},"excerpt":{"rendered":"<p>Un podcast es una serie de archivos de audio que se encuentran disponibles en diversas aplicaciones de audio. La duraci\u00f3n de cada episodio es de alrededor de 20 minutos y se pueden escuchar en l\u00ednea o bien descargarlas a un dispositivo personal. Cada episodio es una Visita en la cual se recorren los sectores del [&hellip;]<\/p>\n","protected":false},"author":1,"featured_media":0,"parent":0,"menu_order":0,"comment_status":"open","ping_status":"closed","template":"","meta":{"footnotes":""},"class_list":["post-3473","page","type-page","status-publish","hentry"],"yoast_head":"<!-- This site is optimized with the Yoast SEO plugin v27.4 - https:\/\/yoast.com\/product\/yoast-seo-wordpress\/ -->\n<title>Podcast 10 \u2013 Un \u00e1rbol que resurge \u00bfte gustar\u00eda volver a nacer? - Visita guiada al Jard\u00edn de las Almas<\/title>\n<meta name=\"robots\" content=\"index, follow, max-snippet:-1, max-image-preview:large, max-video-preview:-1\" \/>\n<link rel=\"canonical\" href=\"https:\/\/jardindelasalmas.com\/web\/podcast-10-un-arbol-que-resurge-te-gustaria-volver-a-nacer\/\" \/>\n<meta property=\"og:locale\" content=\"es_ES\" \/>\n<meta property=\"og:type\" content=\"article\" \/>\n<meta property=\"og:title\" content=\"Podcast 10 \u2013 Un \u00e1rbol que resurge \u00bfte gustar\u00eda volver a nacer? - Visita guiada al Jard\u00edn de las Almas\" \/>\n<meta property=\"og:description\" content=\"Un podcast es una serie de archivos de audio que se encuentran disponibles en diversas aplicaciones de audio. La duraci\u00f3n de cada episodio es de alrededor de 20 minutos y se pueden escuchar en l\u00ednea o bien descargarlas a un dispositivo personal. Cada episodio es una Visita en la cual se recorren los sectores del [&hellip;]\" \/>\n<meta property=\"og:url\" content=\"https:\/\/jardindelasalmas.com\/web\/podcast-10-un-arbol-que-resurge-te-gustaria-volver-a-nacer\/\" \/>\n<meta property=\"og:site_name\" content=\"Visita guiada al Jard\u00edn de las Almas\" \/>\n<meta property=\"article:publisher\" content=\"https:\/\/www.facebook.com\/profile.php?id=100090224005995\" \/>\n<meta property=\"article:modified_time\" content=\"2023-07-12T00:21:16+00:00\" \/>\n<meta property=\"og:image\" content=\"https:\/\/jardindelasalmas.com\/web\/wp-content\/uploads\/2023\/05\/balsamo_p10-1024x1024.jpg\" \/>\n<meta name=\"twitter:card\" content=\"summary_large_image\" \/>\n<meta name=\"twitter:label1\" content=\"Tiempo de lectura\" \/>\n\t<meta name=\"twitter:data1\" content=\"2 minutos\" \/>\n<script type=\"application\/ld+json\" class=\"yoast-schema-graph\">{\"@context\":\"https:\\\/\\\/schema.org\",\"@graph\":[{\"@type\":\"WebPage\",\"@id\":\"https:\\\/\\\/jardindelasalmas.com\\\/web\\\/podcast-10-un-arbol-que-resurge-te-gustaria-volver-a-nacer\\\/\",\"url\":\"https:\\\/\\\/jardindelasalmas.com\\\/web\\\/podcast-10-un-arbol-que-resurge-te-gustaria-volver-a-nacer\\\/\",\"name\":\"Podcast 10 \u2013 Un \u00e1rbol que resurge \u00bfte gustar\u00eda volver a nacer? - Visita guiada al Jard\u00edn de las Almas\",\"isPartOf\":{\"@id\":\"https:\\\/\\\/jardindelasalmas.com\\\/web\\\/#website\"},\"primaryImageOfPage\":{\"@id\":\"https:\\\/\\\/jardindelasalmas.com\\\/web\\\/podcast-10-un-arbol-que-resurge-te-gustaria-volver-a-nacer\\\/#primaryimage\"},\"image\":{\"@id\":\"https:\\\/\\\/jardindelasalmas.com\\\/web\\\/podcast-10-un-arbol-que-resurge-te-gustaria-volver-a-nacer\\\/#primaryimage\"},\"thumbnailUrl\":\"https:\\\/\\\/jardindelasalmas.com\\\/web\\\/wp-content\\\/uploads\\\/2023\\\/05\\\/balsamo_p10-1024x1024.jpg\",\"datePublished\":\"2023-05-09T18:20:10+00:00\",\"dateModified\":\"2023-07-12T00:21:16+00:00\",\"breadcrumb\":{\"@id\":\"https:\\\/\\\/jardindelasalmas.com\\\/web\\\/podcast-10-un-arbol-que-resurge-te-gustaria-volver-a-nacer\\\/#breadcrumb\"},\"inLanguage\":\"es\",\"potentialAction\":[{\"@type\":\"ReadAction\",\"target\":[\"https:\\\/\\\/jardindelasalmas.com\\\/web\\\/podcast-10-un-arbol-que-resurge-te-gustaria-volver-a-nacer\\\/\"]}]},{\"@type\":\"ImageObject\",\"inLanguage\":\"es\",\"@id\":\"https:\\\/\\\/jardindelasalmas.com\\\/web\\\/podcast-10-un-arbol-que-resurge-te-gustaria-volver-a-nacer\\\/#primaryimage\",\"url\":\"https:\\\/\\\/jardindelasalmas.com\\\/web\\\/wp-content\\\/uploads\\\/2023\\\/05\\\/balsamo_p10.jpg\",\"contentUrl\":\"https:\\\/\\\/jardindelasalmas.com\\\/web\\\/wp-content\\\/uploads\\\/2023\\\/05\\\/balsamo_p10.jpg\",\"width\":1077,\"height\":1077},{\"@type\":\"BreadcrumbList\",\"@id\":\"https:\\\/\\\/jardindelasalmas.com\\\/web\\\/podcast-10-un-arbol-que-resurge-te-gustaria-volver-a-nacer\\\/#breadcrumb\",\"itemListElement\":[{\"@type\":\"ListItem\",\"position\":1,\"name\":\"Portada\",\"item\":\"https:\\\/\\\/jardindelasalmas.com\\\/web\\\/\"},{\"@type\":\"ListItem\",\"position\":2,\"name\":\"Podcast 10 \u2013 Un \u00e1rbol que resurge \u00bfte gustar\u00eda volver a nacer?\"}]},{\"@type\":\"WebSite\",\"@id\":\"https:\\\/\\\/jardindelasalmas.com\\\/web\\\/#website\",\"url\":\"https:\\\/\\\/jardindelasalmas.com\\\/web\\\/\",\"name\":\"Visita guiada al Jard\u00edn de las Almas\",\"description\":\"podcast + cursos\",\"publisher\":{\"@id\":\"https:\\\/\\\/jardindelasalmas.com\\\/web\\\/#\\\/schema\\\/person\\\/082637eaa66432090856e2beebef5d5f\"},\"potentialAction\":[{\"@type\":\"SearchAction\",\"target\":{\"@type\":\"EntryPoint\",\"urlTemplate\":\"https:\\\/\\\/jardindelasalmas.com\\\/web\\\/?s={search_term_string}\"},\"query-input\":{\"@type\":\"PropertyValueSpecification\",\"valueRequired\":true,\"valueName\":\"search_term_string\"}}],\"inLanguage\":\"es\"},{\"@type\":[\"Person\",\"Organization\"],\"@id\":\"https:\\\/\\\/jardindelasalmas.com\\\/web\\\/#\\\/schema\\\/person\\\/082637eaa66432090856e2beebef5d5f\",\"name\":\"Daniel Schulman\",\"image\":{\"@type\":\"ImageObject\",\"inLanguage\":\"es\",\"@id\":\"https:\\\/\\\/jardindelasalmas.com\\\/web\\\/wp-content\\\/uploads\\\/2022\\\/11\\\/cropped-favicon_512px.jpg\",\"url\":\"https:\\\/\\\/jardindelasalmas.com\\\/web\\\/wp-content\\\/uploads\\\/2022\\\/11\\\/cropped-favicon_512px.jpg\",\"contentUrl\":\"https:\\\/\\\/jardindelasalmas.com\\\/web\\\/wp-content\\\/uploads\\\/2022\\\/11\\\/cropped-favicon_512px.jpg\",\"width\":512,\"height\":512,\"caption\":\"Daniel Schulman\"},\"logo\":{\"@id\":\"https:\\\/\\\/jardindelasalmas.com\\\/web\\\/wp-content\\\/uploads\\\/2022\\\/11\\\/cropped-favicon_512px.jpg\"},\"sameAs\":[\"https:\\\/\\\/jardindelasalmas.com\\\/\",\"https:\\\/\\\/www.facebook.com\\\/profile.php?id=100090224005995\",\"https:\\\/\\\/www.instagram.com\\\/jardindelasalmas\"]}]}<\/script>\n<!-- \/ Yoast SEO plugin. -->","yoast_head_json":{"title":"Podcast 10 \u2013 Un \u00e1rbol que resurge \u00bfte gustar\u00eda volver a nacer? - Visita guiada al Jard\u00edn de las Almas","robots":{"index":"index","follow":"follow","max-snippet":"max-snippet:-1","max-image-preview":"max-image-preview:large","max-video-preview":"max-video-preview:-1"},"canonical":"https:\/\/jardindelasalmas.com\/web\/podcast-10-un-arbol-que-resurge-te-gustaria-volver-a-nacer\/","og_locale":"es_ES","og_type":"article","og_title":"Podcast 10 \u2013 Un \u00e1rbol que resurge \u00bfte gustar\u00eda volver a nacer? - Visita guiada al Jard\u00edn de las Almas","og_description":"Un podcast es una serie de archivos de audio que se encuentran disponibles en diversas aplicaciones de audio. La duraci\u00f3n de cada episodio es de alrededor de 20 minutos y se pueden escuchar en l\u00ednea o bien descargarlas a un dispositivo personal. Cada episodio es una Visita en la cual se recorren los sectores del [&hellip;]","og_url":"https:\/\/jardindelasalmas.com\/web\/podcast-10-un-arbol-que-resurge-te-gustaria-volver-a-nacer\/","og_site_name":"Visita guiada al Jard\u00edn de las Almas","article_publisher":"https:\/\/www.facebook.com\/profile.php?id=100090224005995","article_modified_time":"2023-07-12T00:21:16+00:00","og_image":[{"url":"https:\/\/jardindelasalmas.com\/web\/wp-content\/uploads\/2023\/05\/balsamo_p10-1024x1024.jpg","type":"","width":"","height":""}],"twitter_card":"summary_large_image","twitter_misc":{"Tiempo de lectura":"2 minutos"},"schema":{"@context":"https:\/\/schema.org","@graph":[{"@type":"WebPage","@id":"https:\/\/jardindelasalmas.com\/web\/podcast-10-un-arbol-que-resurge-te-gustaria-volver-a-nacer\/","url":"https:\/\/jardindelasalmas.com\/web\/podcast-10-un-arbol-que-resurge-te-gustaria-volver-a-nacer\/","name":"Podcast 10 \u2013 Un \u00e1rbol que resurge \u00bfte gustar\u00eda volver a nacer? - Visita guiada al Jard\u00edn de las Almas","isPartOf":{"@id":"https:\/\/jardindelasalmas.com\/web\/#website"},"primaryImageOfPage":{"@id":"https:\/\/jardindelasalmas.com\/web\/podcast-10-un-arbol-que-resurge-te-gustaria-volver-a-nacer\/#primaryimage"},"image":{"@id":"https:\/\/jardindelasalmas.com\/web\/podcast-10-un-arbol-que-resurge-te-gustaria-volver-a-nacer\/#primaryimage"},"thumbnailUrl":"https:\/\/jardindelasalmas.com\/web\/wp-content\/uploads\/2023\/05\/balsamo_p10-1024x1024.jpg","datePublished":"2023-05-09T18:20:10+00:00","dateModified":"2023-07-12T00:21:16+00:00","breadcrumb":{"@id":"https:\/\/jardindelasalmas.com\/web\/podcast-10-un-arbol-que-resurge-te-gustaria-volver-a-nacer\/#breadcrumb"},"inLanguage":"es","potentialAction":[{"@type":"ReadAction","target":["https:\/\/jardindelasalmas.com\/web\/podcast-10-un-arbol-que-resurge-te-gustaria-volver-a-nacer\/"]}]},{"@type":"ImageObject","inLanguage":"es","@id":"https:\/\/jardindelasalmas.com\/web\/podcast-10-un-arbol-que-resurge-te-gustaria-volver-a-nacer\/#primaryimage","url":"https:\/\/jardindelasalmas.com\/web\/wp-content\/uploads\/2023\/05\/balsamo_p10.jpg","contentUrl":"https:\/\/jardindelasalmas.com\/web\/wp-content\/uploads\/2023\/05\/balsamo_p10.jpg","width":1077,"height":1077},{"@type":"BreadcrumbList","@id":"https:\/\/jardindelasalmas.com\/web\/podcast-10-un-arbol-que-resurge-te-gustaria-volver-a-nacer\/#breadcrumb","itemListElement":[{"@type":"ListItem","position":1,"name":"Portada","item":"https:\/\/jardindelasalmas.com\/web\/"},{"@type":"ListItem","position":2,"name":"Podcast 10 \u2013 Un \u00e1rbol que resurge \u00bfte gustar\u00eda volver a nacer?"}]},{"@type":"WebSite","@id":"https:\/\/jardindelasalmas.com\/web\/#website","url":"https:\/\/jardindelasalmas.com\/web\/","name":"Visita guiada al Jard\u00edn de las Almas","description":"podcast + cursos","publisher":{"@id":"https:\/\/jardindelasalmas.com\/web\/#\/schema\/person\/082637eaa66432090856e2beebef5d5f"},"potentialAction":[{"@type":"SearchAction","target":{"@type":"EntryPoint","urlTemplate":"https:\/\/jardindelasalmas.com\/web\/?s={search_term_string}"},"query-input":{"@type":"PropertyValueSpecification","valueRequired":true,"valueName":"search_term_string"}}],"inLanguage":"es"},{"@type":["Person","Organization"],"@id":"https:\/\/jardindelasalmas.com\/web\/#\/schema\/person\/082637eaa66432090856e2beebef5d5f","name":"Daniel Schulman","image":{"@type":"ImageObject","inLanguage":"es","@id":"https:\/\/jardindelasalmas.com\/web\/wp-content\/uploads\/2022\/11\/cropped-favicon_512px.jpg","url":"https:\/\/jardindelasalmas.com\/web\/wp-content\/uploads\/2022\/11\/cropped-favicon_512px.jpg","contentUrl":"https:\/\/jardindelasalmas.com\/web\/wp-content\/uploads\/2022\/11\/cropped-favicon_512px.jpg","width":512,"height":512,"caption":"Daniel Schulman"},"logo":{"@id":"https:\/\/jardindelasalmas.com\/web\/wp-content\/uploads\/2022\/11\/cropped-favicon_512px.jpg"},"sameAs":["https:\/\/jardindelasalmas.com\/","https:\/\/www.facebook.com\/profile.php?id=100090224005995","https:\/\/www.instagram.com\/jardindelasalmas"]}]}},"_links":{"self":[{"href":"https:\/\/jardindelasalmas.com\/web\/wp-json\/wp\/v2\/pages\/3473","targetHints":{"allow":["GET"]}}],"collection":[{"href":"https:\/\/jardindelasalmas.com\/web\/wp-json\/wp\/v2\/pages"}],"about":[{"href":"https:\/\/jardindelasalmas.com\/web\/wp-json\/wp\/v2\/types\/page"}],"author":[{"embeddable":true,"href":"https:\/\/jardindelasalmas.com\/web\/wp-json\/wp\/v2\/users\/1"}],"replies":[{"embeddable":true,"href":"https:\/\/jardindelasalmas.com\/web\/wp-json\/wp\/v2\/comments?post=3473"}],"version-history":[{"count":10,"href":"https:\/\/jardindelasalmas.com\/web\/wp-json\/wp\/v2\/pages\/3473\/revisions"}],"predecessor-version":[{"id":3688,"href":"https:\/\/jardindelasalmas.com\/web\/wp-json\/wp\/v2\/pages\/3473\/revisions\/3688"}],"wp:attachment":[{"href":"https:\/\/jardindelasalmas.com\/web\/wp-json\/wp\/v2\/media?parent=3473"}],"curies":[{"name":"wp","href":"https:\/\/api.w.org\/{rel}","templated":true}]}}