{"id":3193,"date":"2023-03-04T00:12:06","date_gmt":"2023-03-04T00:12:06","guid":{"rendered":"https:\/\/jardindelasalmas.com\/web\/?page_id=3193"},"modified":"2023-03-04T00:14:52","modified_gmt":"2023-03-04T00:14:52","slug":"etz-harimon-el-granado","status":"publish","type":"page","link":"https:\/\/jardindelasalmas.com\/web\/etz-harimon-el-granado\/","title":{"rendered":"Etz Harim\u00f3n (El granado)"},"content":{"rendered":"\t\t<div data-elementor-type=\"wp-page\" data-elementor-id=\"3193\" class=\"elementor elementor-3193\">\n\t\t\t\t\t\t<section class=\"elementor-section elementor-top-section elementor-element elementor-element-505de177 elementor-section-boxed elementor-section-height-default elementor-section-height-default\" data-id=\"505de177\" data-element_type=\"section\" data-e-type=\"section\">\n\t\t\t\t\t\t<div class=\"elementor-container elementor-column-gap-default\">\n\t\t\t\t\t<div class=\"elementor-column elementor-col-100 elementor-top-column elementor-element elementor-element-25ad1fdb\" data-id=\"25ad1fdb\" data-element_type=\"column\" data-e-type=\"column\">\n\t\t\t<div class=\"elementor-widget-wrap elementor-element-populated\">\n\t\t\t\t\t\t\t<\/div>\n\t\t<\/div>\n\t\t\t\t\t<\/div>\n\t\t<\/section>\n\t\t\t\t<section class=\"elementor-section elementor-top-section elementor-element elementor-element-572843a elementor-section-boxed elementor-section-height-default elementor-section-height-default\" data-id=\"572843a\" data-element_type=\"section\" data-e-type=\"section\">\n\t\t\t\t\t\t<div class=\"elementor-container elementor-column-gap-default\">\n\t\t\t\t\t<div class=\"elementor-column elementor-col-100 elementor-top-column elementor-element elementor-element-9a81f6f\" data-id=\"9a81f6f\" data-element_type=\"column\" data-e-type=\"column\">\n\t\t\t<div class=\"elementor-widget-wrap elementor-element-populated\">\n\t\t\t\t\t\t<div class=\"elementor-element elementor-element-1058018 elementor-widget elementor-widget-text-editor\" data-id=\"1058018\" data-element_type=\"widget\" data-e-type=\"widget\" data-widget_type=\"text-editor.default\">\n\t\t\t\t<div class=\"elementor-widget-container\">\n\t\t\t\t\t\t\t\t\t<p>Int\u00e9rprete: <strong>Orit Atar<\/strong><br \/>Letra: <strong>Yaacov Orland<\/strong><br \/>M\u00fasica: <strong>Yiedidiah Admon<\/strong><\/p><p><div class=\"wptb-container-legacy\" data-table-id=\"3141\">\n    <table class=\"wptb-preview-table wptb-table-preview-head wptb-element-main-table_setting-1802 edit-active\" data-reconstraction=\"1\" data-wptb-adaptive-table=\"0\" data-wptb-table-tds-sum-max-width=\"232\" data-wptb-cells-width-auto-count=\"2\" style=\"display: table;\" data-table-columns=\"2\" role=\"table\" data-wptb-responsive-directives=\"eyJyZXNwb25zaXZlRW5hYmxlZCI6dHJ1ZSwicmVzcG9uc2l2ZU1vZGUiOiJhdXRvIiwicHJlc2VydmVSb3dDb2xvciI6ZmFsc2UsInJlbGF0aXZlV2lkdGgiOiJ3aW5kb3ciLCJoZWFkZXJGdWxseU1lcmdlZCI6ZmFsc2UsIm1vZGVPcHRpb25zIjp7ImF1dG8iOnsiZGlzYWJsZWQiOnsiZGVza3RvcCI6ZmFsc2UsInRhYmxldCI6ZmFsc2UsIm1vYmlsZSI6ZmFsc2V9LCJ0b3BSb3dBc0hlYWRlciI6eyJkZXNrdG9wIjpmYWxzZSwidGFibGV0Ijp0cnVlLCJtb2JpbGUiOnRydWV9LCJyZXBlYXRNZXJnZWRIZWFkZXIiOnsiZGVza3RvcCI6dHJ1ZSwidGFibGV0Ijp0cnVlLCJtb2JpbGUiOnRydWV9LCJzdGF0aWNUb3BSb3ciOnsiZGVza3RvcCI6ZmFsc2UsInRhYmxldCI6ZmFsc2UsIm1vYmlsZSI6ZmFsc2V9LCJjZWxsU3RhY2tEaXJlY3Rpb24iOnsiZGVza3RvcCI6InJvdyIsInRhYmxldCI6InJvdyIsIm1vYmlsZSI6ImNvbHVtbiJ9LCJjZWxsc1BlclJvdyI6eyJkZXNrdG9wIjoxLCJ0YWJsZXQiOjIsIm1vYmlsZSI6Mn19fSwiYnJlYWtwb2ludHMiOnsiZGVza3RvcCI6eyJuYW1lIjoiZGVza3RvcCIsIndpZHRoIjoxMDI0fSwidGFibGV0Ijp7Im5hbWUiOiJ0YWJsZXQiLCJ3aWR0aCI6NzAwfSwibW9iaWxlIjp7Im5hbWUiOiJtb2JpbGUiLCJ3aWR0aCI6MzAwfX19\" data-wptb-table-directives=\"eyJpbm5lckJvcmRlcnMiOnsiYWN0aXZlIjoiYWxsIiwiYm9yZGVyV2lkdGgiOiIiLCJib3JkZXJSYWRpdXNlcyI6eyJhbGwiOmZhbHNlfX19\" data-wptb-extra-styles=\"LyogRW50ZXIgeW91ciBjdXN0b20gQ1NTIHJ1bGVzIGhlcmUgKi8=\" data-wptb-horizontal-scroll-status=\"false\" data-wptb-header-background-color=\"#8B185AFF\"><tbody><tr class=\"wptb-row wptb-table-head\" style=\"background-color: rgb(139, 24, 90);\" data-wptb-bg-color=\"#DD9933\"><td class=\"wptb-cell\" data-x-index=\"0\" data-wptb-css-td-auto-width=\"true\" style=\"padding: 8px;\" data-y-index=\"0\" data-sorted-vertical=\"ask-disabled\"><div class=\"wptb-text-container wptb-ph-element wptb-element-text-2\" style=\"color: rgb(255, 255, 255); font-size: 15px;\"><div class=\"\" style=\"position: relative;\"><p style=\"text-align: center;\"><strong>FONETICA<\/strong><\/p><\/div><\/div><\/td><td class=\"wptb-cell\" data-x-index=\"1\" data-wptb-css-td-auto-width=\"true\" style=\"padding: 8px;\" data-y-index=\"0\" data-sorted-vertical=\"ask-disabled\"><div class=\"wptb-text-container wptb-ph-element wptb-element-text-3\" style=\"color: rgb(255, 255, 255); font-size: 15px;\"><div class=\"\" style=\"position: relative;\"><p style=\"text-align: center;\"><strong>TRADUCCI\u00d3N<\/strong><\/p><\/div><\/div><\/td><\/tr><tr class=\"wptb-row\" data-wptb-bg-color=\"\" style=\"--hover-bg-color:undefined;\"><td class=\"wptb-cell\" data-x-index=\"0\" data-wptb-css-td-auto-width=\"true\" style=\"padding: 8px;\" data-wptb-title-column=\"Name\" data-wptb-title-column-font-size=\"\" data-wptb-title-column-color=\"rgb(255, 255, 255)\" data-wptb-title-background-color=\"rgb(221, 153, 51)\" data-wptb-title-align=\"center\" data-y-index=\"1\" data-wptb-cell-vertical-alignment=\"top\"><div class=\"wptb-text-container wptb-ph-element wptb-element-text-6\" style=\"color: rgb(74, 85, 104); font-size: 15px;\"><div class=\"\" style=\"position: relative;\"><p style=\"text-align: right;\">Etz harim\u00f3n nat\u00e1n reij\u00f3<br>Meiam hamelaj LeIerij\u00f3<br>Shav, jomati gdudej mindod<br>Shav tamati gdodej mindod.<\/p><p style=\"text-align: right;\"><br><\/p><p style=\"text-align: right;\">Otzrot ofir utzri Guilad<br>Rejev mitzraim shalalti laj bat,<br>Elef hazemer etl\u00e9 laj magu\u00e9n,<br>Min haieor ve ad haIard\u00e9n.<\/p><p style=\"text-align: right;\"><br><\/p><p style=\"text-align: right;\">At kelul\u00e1 mikol kalot,<br>At degul\u00e1 kenidgalot<br>Shtaim haeinaij kshtaim ionim,<br>Vekol kolej paamonim.<\/p><p style=\"text-align: right;\"><br><\/p><p style=\"text-align: right;\">Laj hatruot, laj hazerim,<br>Laj kol shiltei haguiborim;<br>\u00bfMa li jeil elef, uma revav\u00e1?<br>Levavi mitmal\u00e9 ahav\u00e1.<\/p><p style=\"text-align: right;\"><br><\/p><p style=\"text-align: right;\">Shav el hakeshet, shav hajetz<br>Shav harim\u00f3n el rosh haetz,<br>Laj veeilaij hajail iujal,<br>Boi kal\u00e1, ki rad haleil.<\/p><\/div><\/div><\/td><td class=\"wptb-cell\" data-x-index=\"1\" data-wptb-css-td-auto-width=\"true\" style=\"padding: 8px;\" data-wptb-title-column=\"Position\" data-wptb-title-column-font-size=\"\" data-wptb-title-column-color=\"rgb(255, 255, 255)\" data-wptb-title-background-color=\"rgb(221, 153, 51)\" data-wptb-title-align=\"center\" data-y-index=\"1\" data-wptb-cell-vertical-alignment=\"top\"><div class=\"wptb-text-container wptb-ph-element wptb-element-text-9\" style=\"color: rgb(74, 85, 104); font-size: 15px;\"><div class=\"\" style=\"position: relative;\"><p>El granado desprendi\u00f3 su aroma<\/p><p>Desde el Mar Muerto hasta Jeric\u00f3<\/p><p>Regresa, muro m\u00edo, tu batall\u00f3n vaga<\/p><p>Regresa, mi inocente, ha llegado tu amante.<\/p><p><br><\/p><p>Los tesoros de Ofir y las tribus de Guilad<\/p><p>Detuve los carros egipcios, hija<\/p><p>Con mil canciones te har\u00e9 un escudo<\/p><p>Desde el Nilo hasta el Jord\u00e1n.<\/p><p><br><\/p><p>Eres la m\u00e1s bella de todas las novias<\/p><p>Eres la mejor de todas<\/p><p>Tus ojos son como dos palomas<\/p><p>Y el sonido de tu voz como campanas.<\/p><p><br><\/p><p>Para ti las trompetas, para ti los ramos<\/p><p>Para ti todas las se\u00f1ales de los h\u00e9roes<\/p><p>\u00bfQu\u00e9 son mil soldados para m\u00ed?<\/p><p>Mi coraz\u00f3n muere de amor.<\/p><p><br><\/p><p>Regres\u00f3 el arco, regres\u00f3 la flecha<\/p><p>La granada a la copa del \u00e1rbol.<\/p><p>Para ti y contigo la rama va a poder,<\/p><p>Ven novia, que cae la noche.<\/p><\/div><\/div><\/td><\/tr><\/tbody><\/table>\n<\/div>\n<\/p>\t\t\t\t\t\t\t\t<\/div>\n\t\t\t\t<\/div>\n\t\t\t\t\t<\/div>\n\t\t<\/div>\n\t\t\t\t\t<\/div>\n\t\t<\/section>\n\t\t\t\t<section class=\"elementor-section elementor-top-section elementor-element elementor-element-10fe284 elementor-section-boxed elementor-section-height-default elementor-section-height-default\" data-id=\"10fe284\" data-element_type=\"section\" data-e-type=\"section\">\n\t\t\t\t\t\t<div class=\"elementor-container elementor-column-gap-default\">\n\t\t\t\t\t<div class=\"elementor-column elementor-col-100 elementor-top-column elementor-element elementor-element-167b420\" data-id=\"167b420\" data-element_type=\"column\" data-e-type=\"column\">\n\t\t\t<div class=\"elementor-widget-wrap elementor-element-populated\">\n\t\t\t\t\t\t<div class=\"elementor-element elementor-element-8be1cb1 elementor-widget elementor-widget-html\" data-id=\"8be1cb1\" data-element_type=\"widget\" data-e-type=\"widget\" data-widget_type=\"html.default\">\n\t\t\t\t<div class=\"elementor-widget-container\">\n\t\t\t\t\t<iframe width=\"560\" height=\"315\" src=\"https:\/\/www.youtube.com\/embed\/IufPK1KR9gs\" title=\"YouTube video player\" frameborder=\"0\" allow=\"accelerometer; autoplay; clipboard-write; encrypted-media; gyroscope; picture-in-picture; web-share\" allowfullscreen><\/iframe>\t\t\t\t<\/div>\n\t\t\t\t<\/div>\n\t\t\t\t\t<\/div>\n\t\t<\/div>\n\t\t\t\t\t<\/div>\n\t\t<\/section>\n\t\t\t\t<section class=\"elementor-section elementor-top-section elementor-element elementor-element-9f7bd80 elementor-section-boxed elementor-section-height-default elementor-section-height-default\" data-id=\"9f7bd80\" data-element_type=\"section\" data-e-type=\"section\">\n\t\t\t\t\t\t<div class=\"elementor-container elementor-column-gap-default\">\n\t\t\t\t\t<div class=\"elementor-column elementor-col-100 elementor-top-column elementor-element elementor-element-e9f1260\" data-id=\"e9f1260\" data-element_type=\"column\" data-e-type=\"column\">\n\t\t\t<div class=\"elementor-widget-wrap elementor-element-populated\">\n\t\t\t\t\t\t<div class=\"elementor-element elementor-element-f245430 elementor-widget elementor-widget-html\" data-id=\"f245430\" data-element_type=\"widget\" data-e-type=\"widget\" data-widget_type=\"html.default\">\n\t\t\t\t<div class=\"elementor-widget-container\">\n\t\t\t\t\tPara acceder a la Playlist en Spotify haga clic en el siguiente enlace:\t\t\t\t<\/div>\n\t\t\t\t<\/div>\n\t\t\t\t<div class=\"elementor-element elementor-element-95d134f elementor-widget elementor-widget-image\" data-id=\"95d134f\" data-element_type=\"widget\" data-e-type=\"widget\" data-widget_type=\"image.default\">\n\t\t\t\t<div class=\"elementor-widget-container\">\n\t\t\t\t\t\t\t\t\t\t\t\t\t\t\t\t<a href=\"https:\/\/open.spotify.com\/playlist\/1zvBqMmv9y3kz9CRrIVZdx?si=3ae82524d64146c4&#038;nd=1\" target=\"_blank\">\n\t\t\t\t\t\t\t<img fetchpriority=\"high\" decoding=\"async\" width=\"640\" height=\"108\" src=\"https:\/\/jardindelasalmas.com\/web\/wp-content\/uploads\/2023\/02\/playlist-1024x173.png\" class=\"attachment-large size-large wp-image-2941\" alt=\"\" srcset=\"https:\/\/jardindelasalmas.com\/web\/wp-content\/uploads\/2023\/02\/playlist-1024x173.png 1024w, https:\/\/jardindelasalmas.com\/web\/wp-content\/uploads\/2023\/02\/playlist-300x51.png 300w, https:\/\/jardindelasalmas.com\/web\/wp-content\/uploads\/2023\/02\/playlist-768x130.png 768w, https:\/\/jardindelasalmas.com\/web\/wp-content\/uploads\/2023\/02\/playlist-470x79.png 470w, https:\/\/jardindelasalmas.com\/web\/wp-content\/uploads\/2023\/02\/playlist.png 1189w\" sizes=\"(max-width: 640px) 100vw, 640px\" \/>\t\t\t\t\t\t\t\t<\/a>\n\t\t\t\t\t\t\t\t\t\t\t\t\t\t\t<\/div>\n\t\t\t\t<\/div>\n\t\t\t\t\t<\/div>\n\t\t<\/div>\n\t\t\t\t\t<\/div>\n\t\t<\/section>\n\t\t\t\t<\/div>\n\t\t","protected":false},"excerpt":{"rendered":"<p>Int\u00e9rprete: Orit AtarLetra: Yaacov OrlandM\u00fasica: Yiedidiah Admon Para acceder a la Playlist en Spotify haga clic en el siguiente enlace:<\/p>\n","protected":false},"author":1,"featured_media":0,"parent":0,"menu_order":0,"comment_status":"open","ping_status":"closed","template":"","meta":{"footnotes":""},"class_list":["post-3193","page","type-page","status-publish","hentry"],"yoast_head":"<!-- This site is optimized with the Yoast SEO plugin v27.3 - https:\/\/yoast.com\/product\/yoast-seo-wordpress\/ -->\n<title>Etz Harim\u00f3n (El granado) - Visita guiada al Jard\u00edn de las Almas<\/title>\n<meta name=\"robots\" content=\"index, follow, max-snippet:-1, max-image-preview:large, max-video-preview:-1\" \/>\n<link rel=\"canonical\" href=\"https:\/\/jardindelasalmas.com\/web\/etz-harimon-el-granado\/\" \/>\n<meta property=\"og:locale\" content=\"es_ES\" \/>\n<meta property=\"og:type\" content=\"article\" \/>\n<meta property=\"og:title\" content=\"Etz Harim\u00f3n (El granado) - Visita guiada al Jard\u00edn de las Almas\" \/>\n<meta property=\"og:description\" content=\"Int\u00e9rprete: Orit AtarLetra: Yaacov OrlandM\u00fasica: Yiedidiah Admon Para acceder a la Playlist en Spotify haga clic en el siguiente enlace:\" \/>\n<meta property=\"og:url\" content=\"https:\/\/jardindelasalmas.com\/web\/etz-harimon-el-granado\/\" \/>\n<meta property=\"og:site_name\" content=\"Visita guiada al Jard\u00edn de las Almas\" \/>\n<meta property=\"article:publisher\" content=\"https:\/\/www.facebook.com\/profile.php?id=100090224005995\" \/>\n<meta property=\"article:modified_time\" content=\"2023-03-04T00:14:52+00:00\" \/>\n<meta property=\"og:image\" content=\"https:\/\/jardindelasalmas.com\/web\/wp-content\/uploads\/2023\/02\/playlist-1024x173.png\" \/>\n<meta name=\"twitter:card\" content=\"summary_large_image\" \/>\n<script type=\"application\/ld+json\" class=\"yoast-schema-graph\">{\"@context\":\"https:\\\/\\\/schema.org\",\"@graph\":[{\"@type\":\"WebPage\",\"@id\":\"https:\\\/\\\/jardindelasalmas.com\\\/web\\\/etz-harimon-el-granado\\\/\",\"url\":\"https:\\\/\\\/jardindelasalmas.com\\\/web\\\/etz-harimon-el-granado\\\/\",\"name\":\"Etz Harim\u00f3n (El granado) - Visita guiada al Jard\u00edn de las Almas\",\"isPartOf\":{\"@id\":\"https:\\\/\\\/jardindelasalmas.com\\\/web\\\/#website\"},\"primaryImageOfPage\":{\"@id\":\"https:\\\/\\\/jardindelasalmas.com\\\/web\\\/etz-harimon-el-granado\\\/#primaryimage\"},\"image\":{\"@id\":\"https:\\\/\\\/jardindelasalmas.com\\\/web\\\/etz-harimon-el-granado\\\/#primaryimage\"},\"thumbnailUrl\":\"https:\\\/\\\/jardindelasalmas.com\\\/web\\\/wp-content\\\/uploads\\\/2023\\\/02\\\/playlist-1024x173.png\",\"datePublished\":\"2023-03-04T00:12:06+00:00\",\"dateModified\":\"2023-03-04T00:14:52+00:00\",\"breadcrumb\":{\"@id\":\"https:\\\/\\\/jardindelasalmas.com\\\/web\\\/etz-harimon-el-granado\\\/#breadcrumb\"},\"inLanguage\":\"es\",\"potentialAction\":[{\"@type\":\"ReadAction\",\"target\":[\"https:\\\/\\\/jardindelasalmas.com\\\/web\\\/etz-harimon-el-granado\\\/\"]}]},{\"@type\":\"ImageObject\",\"inLanguage\":\"es\",\"@id\":\"https:\\\/\\\/jardindelasalmas.com\\\/web\\\/etz-harimon-el-granado\\\/#primaryimage\",\"url\":\"https:\\\/\\\/jardindelasalmas.com\\\/web\\\/wp-content\\\/uploads\\\/2023\\\/02\\\/playlist.png\",\"contentUrl\":\"https:\\\/\\\/jardindelasalmas.com\\\/web\\\/wp-content\\\/uploads\\\/2023\\\/02\\\/playlist.png\",\"width\":1189,\"height\":201},{\"@type\":\"BreadcrumbList\",\"@id\":\"https:\\\/\\\/jardindelasalmas.com\\\/web\\\/etz-harimon-el-granado\\\/#breadcrumb\",\"itemListElement\":[{\"@type\":\"ListItem\",\"position\":1,\"name\":\"Portada\",\"item\":\"https:\\\/\\\/jardindelasalmas.com\\\/web\\\/\"},{\"@type\":\"ListItem\",\"position\":2,\"name\":\"Etz Harim\u00f3n (El granado)\"}]},{\"@type\":\"WebSite\",\"@id\":\"https:\\\/\\\/jardindelasalmas.com\\\/web\\\/#website\",\"url\":\"https:\\\/\\\/jardindelasalmas.com\\\/web\\\/\",\"name\":\"Visita guiada al Jard\u00edn de las Almas\",\"description\":\"podcast + cursos\",\"publisher\":{\"@id\":\"https:\\\/\\\/jardindelasalmas.com\\\/web\\\/#\\\/schema\\\/person\\\/082637eaa66432090856e2beebef5d5f\"},\"potentialAction\":[{\"@type\":\"SearchAction\",\"target\":{\"@type\":\"EntryPoint\",\"urlTemplate\":\"https:\\\/\\\/jardindelasalmas.com\\\/web\\\/?s={search_term_string}\"},\"query-input\":{\"@type\":\"PropertyValueSpecification\",\"valueRequired\":true,\"valueName\":\"search_term_string\"}}],\"inLanguage\":\"es\"},{\"@type\":[\"Person\",\"Organization\"],\"@id\":\"https:\\\/\\\/jardindelasalmas.com\\\/web\\\/#\\\/schema\\\/person\\\/082637eaa66432090856e2beebef5d5f\",\"name\":\"Daniel Schulman\",\"image\":{\"@type\":\"ImageObject\",\"inLanguage\":\"es\",\"@id\":\"https:\\\/\\\/jardindelasalmas.com\\\/web\\\/wp-content\\\/uploads\\\/2022\\\/11\\\/cropped-favicon_512px.jpg\",\"url\":\"https:\\\/\\\/jardindelasalmas.com\\\/web\\\/wp-content\\\/uploads\\\/2022\\\/11\\\/cropped-favicon_512px.jpg\",\"contentUrl\":\"https:\\\/\\\/jardindelasalmas.com\\\/web\\\/wp-content\\\/uploads\\\/2022\\\/11\\\/cropped-favicon_512px.jpg\",\"width\":512,\"height\":512,\"caption\":\"Daniel Schulman\"},\"logo\":{\"@id\":\"https:\\\/\\\/jardindelasalmas.com\\\/web\\\/wp-content\\\/uploads\\\/2022\\\/11\\\/cropped-favicon_512px.jpg\"},\"sameAs\":[\"https:\\\/\\\/jardindelasalmas.com\\\/\",\"https:\\\/\\\/www.facebook.com\\\/profile.php?id=100090224005995\",\"https:\\\/\\\/www.instagram.com\\\/jardindelasalmas\"]}]}<\/script>\n<!-- \/ Yoast SEO plugin. -->","yoast_head_json":{"title":"Etz Harim\u00f3n (El granado) - Visita guiada al Jard\u00edn de las Almas","robots":{"index":"index","follow":"follow","max-snippet":"max-snippet:-1","max-image-preview":"max-image-preview:large","max-video-preview":"max-video-preview:-1"},"canonical":"https:\/\/jardindelasalmas.com\/web\/etz-harimon-el-granado\/","og_locale":"es_ES","og_type":"article","og_title":"Etz Harim\u00f3n (El granado) - Visita guiada al Jard\u00edn de las Almas","og_description":"Int\u00e9rprete: Orit AtarLetra: Yaacov OrlandM\u00fasica: Yiedidiah Admon Para acceder a la Playlist en Spotify haga clic en el siguiente enlace:","og_url":"https:\/\/jardindelasalmas.com\/web\/etz-harimon-el-granado\/","og_site_name":"Visita guiada al Jard\u00edn de las Almas","article_publisher":"https:\/\/www.facebook.com\/profile.php?id=100090224005995","article_modified_time":"2023-03-04T00:14:52+00:00","og_image":[{"url":"https:\/\/jardindelasalmas.com\/web\/wp-content\/uploads\/2023\/02\/playlist-1024x173.png","type":"","width":"","height":""}],"twitter_card":"summary_large_image","schema":{"@context":"https:\/\/schema.org","@graph":[{"@type":"WebPage","@id":"https:\/\/jardindelasalmas.com\/web\/etz-harimon-el-granado\/","url":"https:\/\/jardindelasalmas.com\/web\/etz-harimon-el-granado\/","name":"Etz Harim\u00f3n (El granado) - Visita guiada al Jard\u00edn de las Almas","isPartOf":{"@id":"https:\/\/jardindelasalmas.com\/web\/#website"},"primaryImageOfPage":{"@id":"https:\/\/jardindelasalmas.com\/web\/etz-harimon-el-granado\/#primaryimage"},"image":{"@id":"https:\/\/jardindelasalmas.com\/web\/etz-harimon-el-granado\/#primaryimage"},"thumbnailUrl":"https:\/\/jardindelasalmas.com\/web\/wp-content\/uploads\/2023\/02\/playlist-1024x173.png","datePublished":"2023-03-04T00:12:06+00:00","dateModified":"2023-03-04T00:14:52+00:00","breadcrumb":{"@id":"https:\/\/jardindelasalmas.com\/web\/etz-harimon-el-granado\/#breadcrumb"},"inLanguage":"es","potentialAction":[{"@type":"ReadAction","target":["https:\/\/jardindelasalmas.com\/web\/etz-harimon-el-granado\/"]}]},{"@type":"ImageObject","inLanguage":"es","@id":"https:\/\/jardindelasalmas.com\/web\/etz-harimon-el-granado\/#primaryimage","url":"https:\/\/jardindelasalmas.com\/web\/wp-content\/uploads\/2023\/02\/playlist.png","contentUrl":"https:\/\/jardindelasalmas.com\/web\/wp-content\/uploads\/2023\/02\/playlist.png","width":1189,"height":201},{"@type":"BreadcrumbList","@id":"https:\/\/jardindelasalmas.com\/web\/etz-harimon-el-granado\/#breadcrumb","itemListElement":[{"@type":"ListItem","position":1,"name":"Portada","item":"https:\/\/jardindelasalmas.com\/web\/"},{"@type":"ListItem","position":2,"name":"Etz Harim\u00f3n (El granado)"}]},{"@type":"WebSite","@id":"https:\/\/jardindelasalmas.com\/web\/#website","url":"https:\/\/jardindelasalmas.com\/web\/","name":"Visita guiada al Jard\u00edn de las Almas","description":"podcast + cursos","publisher":{"@id":"https:\/\/jardindelasalmas.com\/web\/#\/schema\/person\/082637eaa66432090856e2beebef5d5f"},"potentialAction":[{"@type":"SearchAction","target":{"@type":"EntryPoint","urlTemplate":"https:\/\/jardindelasalmas.com\/web\/?s={search_term_string}"},"query-input":{"@type":"PropertyValueSpecification","valueRequired":true,"valueName":"search_term_string"}}],"inLanguage":"es"},{"@type":["Person","Organization"],"@id":"https:\/\/jardindelasalmas.com\/web\/#\/schema\/person\/082637eaa66432090856e2beebef5d5f","name":"Daniel Schulman","image":{"@type":"ImageObject","inLanguage":"es","@id":"https:\/\/jardindelasalmas.com\/web\/wp-content\/uploads\/2022\/11\/cropped-favicon_512px.jpg","url":"https:\/\/jardindelasalmas.com\/web\/wp-content\/uploads\/2022\/11\/cropped-favicon_512px.jpg","contentUrl":"https:\/\/jardindelasalmas.com\/web\/wp-content\/uploads\/2022\/11\/cropped-favicon_512px.jpg","width":512,"height":512,"caption":"Daniel Schulman"},"logo":{"@id":"https:\/\/jardindelasalmas.com\/web\/wp-content\/uploads\/2022\/11\/cropped-favicon_512px.jpg"},"sameAs":["https:\/\/jardindelasalmas.com\/","https:\/\/www.facebook.com\/profile.php?id=100090224005995","https:\/\/www.instagram.com\/jardindelasalmas"]}]}},"_links":{"self":[{"href":"https:\/\/jardindelasalmas.com\/web\/wp-json\/wp\/v2\/pages\/3193","targetHints":{"allow":["GET"]}}],"collection":[{"href":"https:\/\/jardindelasalmas.com\/web\/wp-json\/wp\/v2\/pages"}],"about":[{"href":"https:\/\/jardindelasalmas.com\/web\/wp-json\/wp\/v2\/types\/page"}],"author":[{"embeddable":true,"href":"https:\/\/jardindelasalmas.com\/web\/wp-json\/wp\/v2\/users\/1"}],"replies":[{"embeddable":true,"href":"https:\/\/jardindelasalmas.com\/web\/wp-json\/wp\/v2\/comments?post=3193"}],"version-history":[{"count":3,"href":"https:\/\/jardindelasalmas.com\/web\/wp-json\/wp\/v2\/pages\/3193\/revisions"}],"predecessor-version":[{"id":3197,"href":"https:\/\/jardindelasalmas.com\/web\/wp-json\/wp\/v2\/pages\/3193\/revisions\/3197"}],"wp:attachment":[{"href":"https:\/\/jardindelasalmas.com\/web\/wp-json\/wp\/v2\/media?parent=3193"}],"curies":[{"name":"wp","href":"https:\/\/api.w.org\/{rel}","templated":true}]}}