{"id":3187,"date":"2023-03-04T00:08:32","date_gmt":"2023-03-04T00:08:32","guid":{"rendered":"https:\/\/jardindelasalmas.com\/web\/?page_id=3187"},"modified":"2023-03-04T00:10:58","modified_gmt":"2023-03-04T00:10:58","slug":"be-eretz-ahavati-en-la-tierra-que-amo","status":"publish","type":"page","link":"https:\/\/jardindelasalmas.com\/web\/be-eretz-ahavati-en-la-tierra-que-amo\/","title":{"rendered":"Be Eretz Ahavati (En la Tierra que amo)"},"content":{"rendered":"\t\t<div data-elementor-type=\"wp-page\" data-elementor-id=\"3187\" class=\"elementor elementor-3187\">\n\t\t\t\t\t\t<section class=\"elementor-section elementor-top-section elementor-element elementor-element-505de177 elementor-section-boxed elementor-section-height-default elementor-section-height-default\" data-id=\"505de177\" data-element_type=\"section\" data-e-type=\"section\">\n\t\t\t\t\t\t<div class=\"elementor-container elementor-column-gap-default\">\n\t\t\t\t\t<div class=\"elementor-column elementor-col-100 elementor-top-column elementor-element elementor-element-25ad1fdb\" data-id=\"25ad1fdb\" data-element_type=\"column\" data-e-type=\"column\">\n\t\t\t<div class=\"elementor-widget-wrap elementor-element-populated\">\n\t\t\t\t\t\t\t<\/div>\n\t\t<\/div>\n\t\t\t\t\t<\/div>\n\t\t<\/section>\n\t\t\t\t<section class=\"elementor-section elementor-top-section elementor-element elementor-element-572843a elementor-section-boxed elementor-section-height-default elementor-section-height-default\" data-id=\"572843a\" data-element_type=\"section\" data-e-type=\"section\">\n\t\t\t\t\t\t<div class=\"elementor-container elementor-column-gap-default\">\n\t\t\t\t\t<div class=\"elementor-column elementor-col-100 elementor-top-column elementor-element elementor-element-9a81f6f\" data-id=\"9a81f6f\" data-element_type=\"column\" data-e-type=\"column\">\n\t\t\t<div class=\"elementor-widget-wrap elementor-element-populated\">\n\t\t\t\t\t\t<div class=\"elementor-element elementor-element-1058018 elementor-widget elementor-widget-text-editor\" data-id=\"1058018\" data-element_type=\"widget\" data-e-type=\"widget\" data-widget_type=\"text-editor.default\">\n\t\t\t\t<div class=\"elementor-widget-container\">\n\t\t\t\t\t\t\t\t\t<p>Int\u00e9rprete: <strong>Ifat Lerner<\/strong><br \/>Letra: <strong>Lea Goldberg<\/strong><br \/>M\u00fasica: <strong>Moni Amarilio<\/strong><\/p><p><div class=\"wptb-container-legacy\" data-table-id=\"3140\">\n    <table class=\"wptb-preview-table wptb-table-preview-head wptb-element-main-table_setting-1802\" data-reconstraction=\"1\" data-wptb-adaptive-table=\"0\" data-wptb-table-tds-sum-max-width=\"232\" data-wptb-cells-width-auto-count=\"2\" style=\"display: table;\" data-table-columns=\"2\" role=\"table\" data-wptb-responsive-directives=\"eyJyZXNwb25zaXZlRW5hYmxlZCI6dHJ1ZSwicmVzcG9uc2l2ZU1vZGUiOiJhdXRvIiwicHJlc2VydmVSb3dDb2xvciI6ZmFsc2UsInJlbGF0aXZlV2lkdGgiOiJ3aW5kb3ciLCJoZWFkZXJGdWxseU1lcmdlZCI6ZmFsc2UsIm1vZGVPcHRpb25zIjp7ImF1dG8iOnsiZGlzYWJsZWQiOnsiZGVza3RvcCI6ZmFsc2UsInRhYmxldCI6ZmFsc2UsIm1vYmlsZSI6ZmFsc2V9LCJ0b3BSb3dBc0hlYWRlciI6eyJkZXNrdG9wIjpmYWxzZSwidGFibGV0Ijp0cnVlLCJtb2JpbGUiOnRydWV9LCJyZXBlYXRNZXJnZWRIZWFkZXIiOnsiZGVza3RvcCI6dHJ1ZSwidGFibGV0Ijp0cnVlLCJtb2JpbGUiOnRydWV9LCJzdGF0aWNUb3BSb3ciOnsiZGVza3RvcCI6ZmFsc2UsInRhYmxldCI6ZmFsc2UsIm1vYmlsZSI6ZmFsc2V9LCJjZWxsU3RhY2tEaXJlY3Rpb24iOnsiZGVza3RvcCI6InJvdyIsInRhYmxldCI6InJvdyIsIm1vYmlsZSI6ImNvbHVtbiJ9LCJjZWxsc1BlclJvdyI6eyJkZXNrdG9wIjoxLCJ0YWJsZXQiOjIsIm1vYmlsZSI6Mn19fSwiYnJlYWtwb2ludHMiOnsiZGVza3RvcCI6eyJuYW1lIjoiZGVza3RvcCIsIndpZHRoIjoxMDI0fSwidGFibGV0Ijp7Im5hbWUiOiJ0YWJsZXQiLCJ3aWR0aCI6NzAwfSwibW9iaWxlIjp7Im5hbWUiOiJtb2JpbGUiLCJ3aWR0aCI6MzAwfX19\" data-wptb-table-directives=\"eyJpbm5lckJvcmRlcnMiOnsiYWN0aXZlIjoiYWxsIiwiYm9yZGVyV2lkdGgiOiIiLCJib3JkZXJSYWRpdXNlcyI6eyJhbGwiOmZhbHNlfX19\" data-wptb-extra-styles=\"LyogRW50ZXIgeW91ciBjdXN0b20gQ1NTIHJ1bGVzIGhlcmUgKi8=\" data-wptb-horizontal-scroll-status=\"false\" data-wptb-header-background-color=\"#8B185AFF\"><tbody><tr class=\"wptb-row wptb-table-head\" style=\"background-color: rgb(139, 24, 90);\" data-wptb-bg-color=\"#DD9933\"><td class=\"wptb-cell\" data-x-index=\"0\" data-wptb-css-td-auto-width=\"true\" style=\"padding: 8px;\" data-y-index=\"0\" data-sorted-vertical=\"ask-disabled\"><div class=\"wptb-text-container wptb-ph-element wptb-element-text-2\" style=\"color: rgb(255, 255, 255); font-size: 15px;\"><div class=\"\" style=\"position: relative;\"><p style=\"text-align: center;\"><strong>FONETICA<\/strong><\/p><\/div><\/div><\/td><td class=\"wptb-cell\" data-x-index=\"1\" data-wptb-css-td-auto-width=\"true\" style=\"padding: 8px;\" data-y-index=\"0\" data-sorted-vertical=\"ask-disabled\"><div class=\"wptb-text-container wptb-ph-element wptb-element-text-3\" style=\"color: rgb(255, 255, 255); font-size: 15px;\"><div class=\"\" style=\"position: relative;\"><p style=\"text-align: center;\"><strong>TRADUCCI\u00d3N<\/strong><\/p><\/div><\/div><\/td><\/tr><tr class=\"wptb-row\" data-wptb-bg-color=\"\" style=\"--hover-bg-color:undefined;\"><td class=\"wptb-cell\" data-x-index=\"0\" data-wptb-css-td-auto-width=\"true\" style=\"padding: 8px;\" data-wptb-title-column=\"Name\" data-wptb-title-column-font-size=\"\" data-wptb-title-column-color=\"rgb(255, 255, 255)\" data-wptb-title-background-color=\"rgb(221, 153, 51)\" data-wptb-title-align=\"center\" data-y-index=\"1\" data-wptb-cell-vertical-alignment=\"top\"><div class=\"wptb-text-container wptb-ph-element wptb-element-text-6 edit-active\" style=\"color: rgb(74, 85, 104); font-size: 15px;\"><div class=\"\" style=\"position: relative;\"><p style=\"text-align: right;\">Be Eretz ahavat\u00ed hashaked por\u00e9aj<\/p><p style=\"text-align: right;\">Be Eretz ahavat\u00ed mejakim leor\u00e9aj<\/p><p style=\"text-align: right;\">Sheva alamot, sheva imaot<\/p><p style=\"text-align: right;\">Sheva kalot bashaar<\/p><p style=\"text-align: right;\"><br><\/p><p style=\"text-align: right;\">Beeretz ahavar\u00ed al hatzar\u00edaj deguel<\/p><p style=\"text-align: right;\">Be Eretz ahavat\u00ed iav\u00f3 ol\u00e9 reguel<\/p><p style=\"text-align: right;\">Beshaa tov\u00e1 besha\u00e1 tov\u00e1<\/p><p style=\"text-align: right;\">Ha Mashkij\u00e1 kol tzaar<\/p><p style=\"text-align: right;\"><br>Aj mi einei nesher lo irehu<\/p><p style=\"text-align: right;\">Um\u00ed lev jajam lo vaikirenu<\/p><p style=\"text-align: right;\">Mi lo it\u00e9?<\/p><p style=\"text-align: right;\">Mi lo isgu\u00e9?<\/p><p style=\"text-align: right;\">Mim iftaj lo hadelet?<\/p><p style=\"text-align: right;\"><br><\/p><p style=\"text-align: right;\">Beeretz ahavar\u00ed al hatzar\u00edaj deguel<\/p><p style=\"text-align: right;\">Be Eretz ahavat\u00ed iav\u00f3 ol\u00e9 reguel<\/p><p style=\"text-align: right;\">Beshaa tov, besha\u00e1 tov\u00e1<\/p><p style=\"text-align: right;\">Hamashkij\u00e1 kol tzaar<\/p><p style=\"text-align: right;\"><br><\/p><p style=\"text-align: right;\">Aj mi einei nesher lo irehu\u2026<\/p><\/div><\/div><\/td><td class=\"wptb-cell\" data-x-index=\"1\" data-wptb-css-td-auto-width=\"true\" style=\"padding: 8px;\" data-wptb-title-column=\"Position\" data-wptb-title-column-font-size=\"\" data-wptb-title-column-color=\"rgb(255, 255, 255)\" data-wptb-title-background-color=\"rgb(221, 153, 51)\" data-wptb-title-align=\"center\" data-y-index=\"1\" data-wptb-cell-vertical-alignment=\"top\"><div class=\"wptb-text-container wptb-ph-element wptb-element-text-9\" style=\"color: rgb(74, 85, 104); font-size: 15px;\"><div class=\"\" style=\"position: relative;\"><p>En la tierra que amo florece el almendro,<\/p><p>En la tierra que amo aguardan al hu\u00e9sped<\/p><p>Siete doncellas, siete madres<\/p><p>Siete novias en la puerta.<\/p><p><br><\/p><p>En la tierra que amo ondea un pend\u00f3n sobre una torre<\/p><p>A la tierra que amo vendr\u00e1 el peregrino<\/p><p>En buena hora, en la hora bendita<\/p><p>En la hora que hace olvidar el dolor.<\/p><p><br><\/p><p>Mas quien mis ojos de \u00e1guila vean<\/p><p>Y cuyo sabio coraz\u00f3n reconozca,<\/p><p>No me enga\u00f1ar\u00e9 con \u00e9l,<\/p><p>No errar\u00e9 con \u00e9l.<\/p><p>\u00bfQui\u00e9n le abrir\u00e1 la puerta?<\/p><p><br><\/p><p>En la tierra que amo, ondea un pend\u00f3n sobre una torre<\/p><p>A la tierra que amo vendr\u00e1n peregrinos<\/p><p>En buena hora, en la hora bendita<\/p><p>En&nbsp; la hora que hace olvidar el dolor<\/p><p><br><\/p><p>\u00bfQui\u00e9n tiene vista de \u00e1guila\u2026?<\/p><\/div><\/div><\/td><\/tr><\/tbody><\/table>\n<\/div>\n<\/p>\t\t\t\t\t\t\t\t<\/div>\n\t\t\t\t<\/div>\n\t\t\t\t\t<\/div>\n\t\t<\/div>\n\t\t\t\t\t<\/div>\n\t\t<\/section>\n\t\t\t\t<section class=\"elementor-section elementor-top-section elementor-element elementor-element-10fe284 elementor-section-boxed elementor-section-height-default elementor-section-height-default\" data-id=\"10fe284\" data-element_type=\"section\" data-e-type=\"section\">\n\t\t\t\t\t\t<div class=\"elementor-container elementor-column-gap-default\">\n\t\t\t\t\t<div class=\"elementor-column elementor-col-100 elementor-top-column elementor-element elementor-element-167b420\" data-id=\"167b420\" data-element_type=\"column\" data-e-type=\"column\">\n\t\t\t<div class=\"elementor-widget-wrap elementor-element-populated\">\n\t\t\t\t\t\t<div class=\"elementor-element elementor-element-8be1cb1 elementor-widget elementor-widget-html\" data-id=\"8be1cb1\" data-element_type=\"widget\" data-e-type=\"widget\" data-widget_type=\"html.default\">\n\t\t\t\t<div class=\"elementor-widget-container\">\n\t\t\t\t\t<iframe width=\"560\" height=\"315\" src=\"https:\/\/www.youtube.com\/embed\/fQtivyLFVeA\" title=\"YouTube video player\" frameborder=\"0\" allow=\"accelerometer; autoplay; clipboard-write; encrypted-media; gyroscope; picture-in-picture; web-share\" allowfullscreen><\/iframe>\t\t\t\t<\/div>\n\t\t\t\t<\/div>\n\t\t\t\t\t<\/div>\n\t\t<\/div>\n\t\t\t\t\t<\/div>\n\t\t<\/section>\n\t\t\t\t<section class=\"elementor-section elementor-top-section elementor-element elementor-element-9f7bd80 elementor-section-boxed elementor-section-height-default elementor-section-height-default\" data-id=\"9f7bd80\" data-element_type=\"section\" data-e-type=\"section\">\n\t\t\t\t\t\t<div class=\"elementor-container elementor-column-gap-default\">\n\t\t\t\t\t<div class=\"elementor-column elementor-col-100 elementor-top-column elementor-element elementor-element-e9f1260\" data-id=\"e9f1260\" data-element_type=\"column\" data-e-type=\"column\">\n\t\t\t<div class=\"elementor-widget-wrap elementor-element-populated\">\n\t\t\t\t\t\t<div class=\"elementor-element elementor-element-f245430 elementor-widget elementor-widget-html\" data-id=\"f245430\" data-element_type=\"widget\" data-e-type=\"widget\" data-widget_type=\"html.default\">\n\t\t\t\t<div class=\"elementor-widget-container\">\n\t\t\t\t\tPara acceder a la Playlist en Spotify haga clic en el siguiente enlace:\t\t\t\t<\/div>\n\t\t\t\t<\/div>\n\t\t\t\t<div class=\"elementor-element elementor-element-95d134f elementor-widget elementor-widget-image\" data-id=\"95d134f\" data-element_type=\"widget\" data-e-type=\"widget\" data-widget_type=\"image.default\">\n\t\t\t\t<div class=\"elementor-widget-container\">\n\t\t\t\t\t\t\t\t\t\t\t\t\t\t\t\t<a href=\"https:\/\/open.spotify.com\/playlist\/1zvBqMmv9y3kz9CRrIVZdx?si=3ae82524d64146c4&#038;nd=1\" target=\"_blank\">\n\t\t\t\t\t\t\t<img fetchpriority=\"high\" decoding=\"async\" width=\"640\" height=\"108\" src=\"https:\/\/jardindelasalmas.com\/web\/wp-content\/uploads\/2023\/02\/playlist-1024x173.png\" class=\"attachment-large size-large wp-image-2941\" alt=\"\" srcset=\"https:\/\/jardindelasalmas.com\/web\/wp-content\/uploads\/2023\/02\/playlist-1024x173.png 1024w, https:\/\/jardindelasalmas.com\/web\/wp-content\/uploads\/2023\/02\/playlist-300x51.png 300w, https:\/\/jardindelasalmas.com\/web\/wp-content\/uploads\/2023\/02\/playlist-768x130.png 768w, https:\/\/jardindelasalmas.com\/web\/wp-content\/uploads\/2023\/02\/playlist-470x79.png 470w, https:\/\/jardindelasalmas.com\/web\/wp-content\/uploads\/2023\/02\/playlist.png 1189w\" sizes=\"(max-width: 640px) 100vw, 640px\" \/>\t\t\t\t\t\t\t\t<\/a>\n\t\t\t\t\t\t\t\t\t\t\t\t\t\t\t<\/div>\n\t\t\t\t<\/div>\n\t\t\t\t\t<\/div>\n\t\t<\/div>\n\t\t\t\t\t<\/div>\n\t\t<\/section>\n\t\t\t\t<\/div>\n\t\t","protected":false},"excerpt":{"rendered":"<p>Int\u00e9rprete: Ifat LernerLetra: Lea GoldbergM\u00fasica: Moni Amarilio Para acceder a la Playlist en Spotify haga clic en el siguiente enlace:<\/p>\n","protected":false},"author":1,"featured_media":0,"parent":0,"menu_order":0,"comment_status":"open","ping_status":"closed","template":"","meta":{"footnotes":""},"class_list":["post-3187","page","type-page","status-publish","hentry"],"yoast_head":"<!-- This site is optimized with the Yoast SEO plugin v27.4 - https:\/\/yoast.com\/product\/yoast-seo-wordpress\/ -->\n<title>Be Eretz Ahavati (En la Tierra que amo) - Visita guiada al Jard\u00edn de las Almas<\/title>\n<meta name=\"robots\" content=\"index, follow, max-snippet:-1, max-image-preview:large, max-video-preview:-1\" \/>\n<link rel=\"canonical\" href=\"https:\/\/jardindelasalmas.com\/web\/be-eretz-ahavati-en-la-tierra-que-amo\/\" \/>\n<meta property=\"og:locale\" content=\"es_ES\" \/>\n<meta property=\"og:type\" content=\"article\" \/>\n<meta property=\"og:title\" content=\"Be Eretz Ahavati (En la Tierra que amo) - Visita guiada al Jard\u00edn de las Almas\" \/>\n<meta property=\"og:description\" content=\"Int\u00e9rprete: Ifat LernerLetra: Lea GoldbergM\u00fasica: Moni Amarilio Para acceder a la Playlist en Spotify haga clic en el siguiente enlace:\" \/>\n<meta property=\"og:url\" content=\"https:\/\/jardindelasalmas.com\/web\/be-eretz-ahavati-en-la-tierra-que-amo\/\" \/>\n<meta property=\"og:site_name\" content=\"Visita guiada al Jard\u00edn de las Almas\" \/>\n<meta property=\"article:publisher\" content=\"https:\/\/www.facebook.com\/profile.php?id=100090224005995\" \/>\n<meta property=\"article:modified_time\" content=\"2023-03-04T00:10:58+00:00\" \/>\n<meta property=\"og:image\" content=\"https:\/\/jardindelasalmas.com\/web\/wp-content\/uploads\/2023\/02\/playlist-1024x173.png\" \/>\n<meta name=\"twitter:card\" content=\"summary_large_image\" \/>\n<script type=\"application\/ld+json\" class=\"yoast-schema-graph\">{\"@context\":\"https:\\\/\\\/schema.org\",\"@graph\":[{\"@type\":\"WebPage\",\"@id\":\"https:\\\/\\\/jardindelasalmas.com\\\/web\\\/be-eretz-ahavati-en-la-tierra-que-amo\\\/\",\"url\":\"https:\\\/\\\/jardindelasalmas.com\\\/web\\\/be-eretz-ahavati-en-la-tierra-que-amo\\\/\",\"name\":\"Be Eretz Ahavati (En la Tierra que amo) - Visita guiada al Jard\u00edn de las Almas\",\"isPartOf\":{\"@id\":\"https:\\\/\\\/jardindelasalmas.com\\\/web\\\/#website\"},\"primaryImageOfPage\":{\"@id\":\"https:\\\/\\\/jardindelasalmas.com\\\/web\\\/be-eretz-ahavati-en-la-tierra-que-amo\\\/#primaryimage\"},\"image\":{\"@id\":\"https:\\\/\\\/jardindelasalmas.com\\\/web\\\/be-eretz-ahavati-en-la-tierra-que-amo\\\/#primaryimage\"},\"thumbnailUrl\":\"https:\\\/\\\/jardindelasalmas.com\\\/web\\\/wp-content\\\/uploads\\\/2023\\\/02\\\/playlist-1024x173.png\",\"datePublished\":\"2023-03-04T00:08:32+00:00\",\"dateModified\":\"2023-03-04T00:10:58+00:00\",\"breadcrumb\":{\"@id\":\"https:\\\/\\\/jardindelasalmas.com\\\/web\\\/be-eretz-ahavati-en-la-tierra-que-amo\\\/#breadcrumb\"},\"inLanguage\":\"es\",\"potentialAction\":[{\"@type\":\"ReadAction\",\"target\":[\"https:\\\/\\\/jardindelasalmas.com\\\/web\\\/be-eretz-ahavati-en-la-tierra-que-amo\\\/\"]}]},{\"@type\":\"ImageObject\",\"inLanguage\":\"es\",\"@id\":\"https:\\\/\\\/jardindelasalmas.com\\\/web\\\/be-eretz-ahavati-en-la-tierra-que-amo\\\/#primaryimage\",\"url\":\"https:\\\/\\\/jardindelasalmas.com\\\/web\\\/wp-content\\\/uploads\\\/2023\\\/02\\\/playlist.png\",\"contentUrl\":\"https:\\\/\\\/jardindelasalmas.com\\\/web\\\/wp-content\\\/uploads\\\/2023\\\/02\\\/playlist.png\",\"width\":1189,\"height\":201},{\"@type\":\"BreadcrumbList\",\"@id\":\"https:\\\/\\\/jardindelasalmas.com\\\/web\\\/be-eretz-ahavati-en-la-tierra-que-amo\\\/#breadcrumb\",\"itemListElement\":[{\"@type\":\"ListItem\",\"position\":1,\"name\":\"Portada\",\"item\":\"https:\\\/\\\/jardindelasalmas.com\\\/web\\\/\"},{\"@type\":\"ListItem\",\"position\":2,\"name\":\"Be Eretz Ahavati (En la Tierra que amo)\"}]},{\"@type\":\"WebSite\",\"@id\":\"https:\\\/\\\/jardindelasalmas.com\\\/web\\\/#website\",\"url\":\"https:\\\/\\\/jardindelasalmas.com\\\/web\\\/\",\"name\":\"Visita guiada al Jard\u00edn de las Almas\",\"description\":\"podcast + cursos\",\"publisher\":{\"@id\":\"https:\\\/\\\/jardindelasalmas.com\\\/web\\\/#\\\/schema\\\/person\\\/082637eaa66432090856e2beebef5d5f\"},\"potentialAction\":[{\"@type\":\"SearchAction\",\"target\":{\"@type\":\"EntryPoint\",\"urlTemplate\":\"https:\\\/\\\/jardindelasalmas.com\\\/web\\\/?s={search_term_string}\"},\"query-input\":{\"@type\":\"PropertyValueSpecification\",\"valueRequired\":true,\"valueName\":\"search_term_string\"}}],\"inLanguage\":\"es\"},{\"@type\":[\"Person\",\"Organization\"],\"@id\":\"https:\\\/\\\/jardindelasalmas.com\\\/web\\\/#\\\/schema\\\/person\\\/082637eaa66432090856e2beebef5d5f\",\"name\":\"Daniel Schulman\",\"image\":{\"@type\":\"ImageObject\",\"inLanguage\":\"es\",\"@id\":\"https:\\\/\\\/jardindelasalmas.com\\\/web\\\/wp-content\\\/uploads\\\/2022\\\/11\\\/cropped-favicon_512px.jpg\",\"url\":\"https:\\\/\\\/jardindelasalmas.com\\\/web\\\/wp-content\\\/uploads\\\/2022\\\/11\\\/cropped-favicon_512px.jpg\",\"contentUrl\":\"https:\\\/\\\/jardindelasalmas.com\\\/web\\\/wp-content\\\/uploads\\\/2022\\\/11\\\/cropped-favicon_512px.jpg\",\"width\":512,\"height\":512,\"caption\":\"Daniel Schulman\"},\"logo\":{\"@id\":\"https:\\\/\\\/jardindelasalmas.com\\\/web\\\/wp-content\\\/uploads\\\/2022\\\/11\\\/cropped-favicon_512px.jpg\"},\"sameAs\":[\"https:\\\/\\\/jardindelasalmas.com\\\/\",\"https:\\\/\\\/www.facebook.com\\\/profile.php?id=100090224005995\",\"https:\\\/\\\/www.instagram.com\\\/jardindelasalmas\"]}]}<\/script>\n<!-- \/ Yoast SEO plugin. -->","yoast_head_json":{"title":"Be Eretz Ahavati (En la Tierra que amo) - Visita guiada al Jard\u00edn de las Almas","robots":{"index":"index","follow":"follow","max-snippet":"max-snippet:-1","max-image-preview":"max-image-preview:large","max-video-preview":"max-video-preview:-1"},"canonical":"https:\/\/jardindelasalmas.com\/web\/be-eretz-ahavati-en-la-tierra-que-amo\/","og_locale":"es_ES","og_type":"article","og_title":"Be Eretz Ahavati (En la Tierra que amo) - Visita guiada al Jard\u00edn de las Almas","og_description":"Int\u00e9rprete: Ifat LernerLetra: Lea GoldbergM\u00fasica: Moni Amarilio Para acceder a la Playlist en Spotify haga clic en el siguiente enlace:","og_url":"https:\/\/jardindelasalmas.com\/web\/be-eretz-ahavati-en-la-tierra-que-amo\/","og_site_name":"Visita guiada al Jard\u00edn de las Almas","article_publisher":"https:\/\/www.facebook.com\/profile.php?id=100090224005995","article_modified_time":"2023-03-04T00:10:58+00:00","og_image":[{"url":"https:\/\/jardindelasalmas.com\/web\/wp-content\/uploads\/2023\/02\/playlist-1024x173.png","type":"","width":"","height":""}],"twitter_card":"summary_large_image","schema":{"@context":"https:\/\/schema.org","@graph":[{"@type":"WebPage","@id":"https:\/\/jardindelasalmas.com\/web\/be-eretz-ahavati-en-la-tierra-que-amo\/","url":"https:\/\/jardindelasalmas.com\/web\/be-eretz-ahavati-en-la-tierra-que-amo\/","name":"Be Eretz Ahavati (En la Tierra que amo) - Visita guiada al Jard\u00edn de las Almas","isPartOf":{"@id":"https:\/\/jardindelasalmas.com\/web\/#website"},"primaryImageOfPage":{"@id":"https:\/\/jardindelasalmas.com\/web\/be-eretz-ahavati-en-la-tierra-que-amo\/#primaryimage"},"image":{"@id":"https:\/\/jardindelasalmas.com\/web\/be-eretz-ahavati-en-la-tierra-que-amo\/#primaryimage"},"thumbnailUrl":"https:\/\/jardindelasalmas.com\/web\/wp-content\/uploads\/2023\/02\/playlist-1024x173.png","datePublished":"2023-03-04T00:08:32+00:00","dateModified":"2023-03-04T00:10:58+00:00","breadcrumb":{"@id":"https:\/\/jardindelasalmas.com\/web\/be-eretz-ahavati-en-la-tierra-que-amo\/#breadcrumb"},"inLanguage":"es","potentialAction":[{"@type":"ReadAction","target":["https:\/\/jardindelasalmas.com\/web\/be-eretz-ahavati-en-la-tierra-que-amo\/"]}]},{"@type":"ImageObject","inLanguage":"es","@id":"https:\/\/jardindelasalmas.com\/web\/be-eretz-ahavati-en-la-tierra-que-amo\/#primaryimage","url":"https:\/\/jardindelasalmas.com\/web\/wp-content\/uploads\/2023\/02\/playlist.png","contentUrl":"https:\/\/jardindelasalmas.com\/web\/wp-content\/uploads\/2023\/02\/playlist.png","width":1189,"height":201},{"@type":"BreadcrumbList","@id":"https:\/\/jardindelasalmas.com\/web\/be-eretz-ahavati-en-la-tierra-que-amo\/#breadcrumb","itemListElement":[{"@type":"ListItem","position":1,"name":"Portada","item":"https:\/\/jardindelasalmas.com\/web\/"},{"@type":"ListItem","position":2,"name":"Be Eretz Ahavati (En la Tierra que amo)"}]},{"@type":"WebSite","@id":"https:\/\/jardindelasalmas.com\/web\/#website","url":"https:\/\/jardindelasalmas.com\/web\/","name":"Visita guiada al Jard\u00edn de las Almas","description":"podcast + cursos","publisher":{"@id":"https:\/\/jardindelasalmas.com\/web\/#\/schema\/person\/082637eaa66432090856e2beebef5d5f"},"potentialAction":[{"@type":"SearchAction","target":{"@type":"EntryPoint","urlTemplate":"https:\/\/jardindelasalmas.com\/web\/?s={search_term_string}"},"query-input":{"@type":"PropertyValueSpecification","valueRequired":true,"valueName":"search_term_string"}}],"inLanguage":"es"},{"@type":["Person","Organization"],"@id":"https:\/\/jardindelasalmas.com\/web\/#\/schema\/person\/082637eaa66432090856e2beebef5d5f","name":"Daniel Schulman","image":{"@type":"ImageObject","inLanguage":"es","@id":"https:\/\/jardindelasalmas.com\/web\/wp-content\/uploads\/2022\/11\/cropped-favicon_512px.jpg","url":"https:\/\/jardindelasalmas.com\/web\/wp-content\/uploads\/2022\/11\/cropped-favicon_512px.jpg","contentUrl":"https:\/\/jardindelasalmas.com\/web\/wp-content\/uploads\/2022\/11\/cropped-favicon_512px.jpg","width":512,"height":512,"caption":"Daniel Schulman"},"logo":{"@id":"https:\/\/jardindelasalmas.com\/web\/wp-content\/uploads\/2022\/11\/cropped-favicon_512px.jpg"},"sameAs":["https:\/\/jardindelasalmas.com\/","https:\/\/www.facebook.com\/profile.php?id=100090224005995","https:\/\/www.instagram.com\/jardindelasalmas"]}]}},"_links":{"self":[{"href":"https:\/\/jardindelasalmas.com\/web\/wp-json\/wp\/v2\/pages\/3187","targetHints":{"allow":["GET"]}}],"collection":[{"href":"https:\/\/jardindelasalmas.com\/web\/wp-json\/wp\/v2\/pages"}],"about":[{"href":"https:\/\/jardindelasalmas.com\/web\/wp-json\/wp\/v2\/types\/page"}],"author":[{"embeddable":true,"href":"https:\/\/jardindelasalmas.com\/web\/wp-json\/wp\/v2\/users\/1"}],"replies":[{"embeddable":true,"href":"https:\/\/jardindelasalmas.com\/web\/wp-json\/wp\/v2\/comments?post=3187"}],"version-history":[{"count":4,"href":"https:\/\/jardindelasalmas.com\/web\/wp-json\/wp\/v2\/pages\/3187\/revisions"}],"predecessor-version":[{"id":3201,"href":"https:\/\/jardindelasalmas.com\/web\/wp-json\/wp\/v2\/pages\/3187\/revisions\/3201"}],"wp:attachment":[{"href":"https:\/\/jardindelasalmas.com\/web\/wp-json\/wp\/v2\/media?parent=3187"}],"curies":[{"name":"wp","href":"https:\/\/api.w.org\/{rel}","templated":true}]}}