{"id":3159,"date":"2023-03-03T23:53:11","date_gmt":"2023-03-03T23:53:11","guid":{"rendered":"https:\/\/jardindelasalmas.com\/web\/?page_id=3159"},"modified":"2023-03-03T23:54:06","modified_gmt":"2023-03-03T23:54:06","slug":"tzel-etz-tamar-la-sombra-de-la-palma","status":"publish","type":"page","link":"https:\/\/jardindelasalmas.com\/web\/tzel-etz-tamar-la-sombra-de-la-palma\/","title":{"rendered":"Tzel etz tamar (La sombra de la palma)"},"content":{"rendered":"\t\t<div data-elementor-type=\"wp-page\" data-elementor-id=\"3159\" class=\"elementor elementor-3159\">\n\t\t\t\t\t\t<section class=\"elementor-section elementor-top-section elementor-element elementor-element-505de177 elementor-section-boxed elementor-section-height-default elementor-section-height-default\" data-id=\"505de177\" data-element_type=\"section\" data-e-type=\"section\">\n\t\t\t\t\t\t<div class=\"elementor-container elementor-column-gap-default\">\n\t\t\t\t\t<div class=\"elementor-column elementor-col-100 elementor-top-column elementor-element elementor-element-25ad1fdb\" data-id=\"25ad1fdb\" data-element_type=\"column\" data-e-type=\"column\">\n\t\t\t<div class=\"elementor-widget-wrap elementor-element-populated\">\n\t\t\t\t\t\t\t<\/div>\n\t\t<\/div>\n\t\t\t\t\t<\/div>\n\t\t<\/section>\n\t\t\t\t<section class=\"elementor-section elementor-top-section elementor-element elementor-element-572843a elementor-section-boxed elementor-section-height-default elementor-section-height-default\" data-id=\"572843a\" data-element_type=\"section\" data-e-type=\"section\">\n\t\t\t\t\t\t<div class=\"elementor-container elementor-column-gap-default\">\n\t\t\t\t\t<div class=\"elementor-column elementor-col-100 elementor-top-column elementor-element elementor-element-9a81f6f\" data-id=\"9a81f6f\" data-element_type=\"column\" data-e-type=\"column\">\n\t\t\t<div class=\"elementor-widget-wrap elementor-element-populated\">\n\t\t\t\t\t\t<div class=\"elementor-element elementor-element-1058018 elementor-widget elementor-widget-text-editor\" data-id=\"1058018\" data-element_type=\"widget\" data-e-type=\"widget\" data-widget_type=\"text-editor.default\">\n\t\t\t\t<div class=\"elementor-widget-container\">\n\t\t\t\t\t\t\t\t\t<p>Letra: <strong>Efrayim Wainstein<\/strong><strong><br \/><\/strong>M\u00fasica: <strong>Jaim Kobrin<\/strong><strong><br \/><\/strong>Int\u00e9rprete: <strong>Glykeria y Shlomi Shabat<\/strong><\/p><p><div class=\"wptb-container-legacy\" data-table-id=\"3136\">\n    <table class=\"wptb-preview-table wptb-table-preview-head wptb-element-main-table_setting-1802\" data-reconstraction=\"1\" data-wptb-adaptive-table=\"0\" data-wptb-table-tds-sum-max-width=\"232\" data-wptb-cells-width-auto-count=\"2\" style=\"display: table;\" data-table-columns=\"2\" role=\"table\" data-wptb-responsive-directives=\"eyJyZXNwb25zaXZlRW5hYmxlZCI6dHJ1ZSwicmVzcG9uc2l2ZU1vZGUiOiJhdXRvIiwicHJlc2VydmVSb3dDb2xvciI6ZmFsc2UsInJlbGF0aXZlV2lkdGgiOiJ3aW5kb3ciLCJoZWFkZXJGdWxseU1lcmdlZCI6ZmFsc2UsIm1vZGVPcHRpb25zIjp7ImF1dG8iOnsiZGlzYWJsZWQiOnsiZGVza3RvcCI6ZmFsc2UsInRhYmxldCI6ZmFsc2UsIm1vYmlsZSI6ZmFsc2V9LCJ0b3BSb3dBc0hlYWRlciI6eyJkZXNrdG9wIjpmYWxzZSwidGFibGV0Ijp0cnVlLCJtb2JpbGUiOnRydWV9LCJyZXBlYXRNZXJnZWRIZWFkZXIiOnsiZGVza3RvcCI6dHJ1ZSwidGFibGV0Ijp0cnVlLCJtb2JpbGUiOnRydWV9LCJzdGF0aWNUb3BSb3ciOnsiZGVza3RvcCI6ZmFsc2UsInRhYmxldCI6ZmFsc2UsIm1vYmlsZSI6ZmFsc2V9LCJjZWxsU3RhY2tEaXJlY3Rpb24iOnsiZGVza3RvcCI6InJvdyIsInRhYmxldCI6InJvdyIsIm1vYmlsZSI6ImNvbHVtbiJ9LCJjZWxsc1BlclJvdyI6eyJkZXNrdG9wIjoxLCJ0YWJsZXQiOjIsIm1vYmlsZSI6Mn19fSwiYnJlYWtwb2ludHMiOnsiZGVza3RvcCI6eyJuYW1lIjoiZGVza3RvcCIsIndpZHRoIjoxMDI0fSwidGFibGV0Ijp7Im5hbWUiOiJ0YWJsZXQiLCJ3aWR0aCI6NzAwfSwibW9iaWxlIjp7Im5hbWUiOiJtb2JpbGUiLCJ3aWR0aCI6MzAwfX19\" data-wptb-table-directives=\"eyJpbm5lckJvcmRlcnMiOnsiYWN0aXZlIjoiYWxsIiwiYm9yZGVyV2lkdGgiOiIiLCJib3JkZXJSYWRpdXNlcyI6eyJhbGwiOmZhbHNlfX19\" data-wptb-extra-styles=\"LyogRW50ZXIgeW91ciBjdXN0b20gQ1NTIHJ1bGVzIGhlcmUgKi8=\" data-wptb-horizontal-scroll-status=\"false\" data-wptb-header-background-color=\"#8B185AFF\"><tbody><tr class=\"wptb-row wptb-table-head\" style=\"background-color: rgb(139, 24, 90);\" data-wptb-bg-color=\"#DD9933\"><td class=\"wptb-cell\" data-x-index=\"0\" data-wptb-css-td-auto-width=\"true\" style=\"padding: 8px;\" data-y-index=\"0\" data-sorted-vertical=\"ask-disabled\"><div class=\"wptb-text-container wptb-ph-element wptb-element-text-2\" style=\"color: rgb(255, 255, 255); font-size: 15px;\"><div class=\"\" style=\"position: relative;\"><p style=\"text-align: center;\"><strong>FONETICA<\/strong><\/p><\/div><\/div><\/td><td class=\"wptb-cell\" data-x-index=\"1\" data-wptb-css-td-auto-width=\"true\" style=\"padding: 8px;\" data-y-index=\"0\" data-sorted-vertical=\"ask-disabled\"><div class=\"wptb-text-container wptb-ph-element wptb-element-text-3\" style=\"color: rgb(255, 255, 255); font-size: 15px;\"><div class=\"\" style=\"position: relative;\"><p style=\"text-align: center;\"><strong>TRADUCCI\u00d3N<\/strong><\/p><\/div><\/div><\/td><\/tr><tr class=\"wptb-row\" data-wptb-bg-color=\"\" style=\"--hover-bg-color:undefined;\"><td class=\"wptb-cell\" data-x-index=\"0\" data-wptb-css-td-auto-width=\"true\" style=\"padding: 8px;\" data-wptb-title-column=\"Name\" data-wptb-title-column-font-size=\"\" data-wptb-title-column-color=\"rgb(255, 255, 255)\" data-wptb-title-background-color=\"rgb(221, 153, 51)\" data-wptb-title-align=\"center\" data-y-index=\"1\" data-wptb-cell-vertical-alignment=\"top\"><div class=\"wptb-text-container wptb-ph-element wptb-element-text-6 edit-active\" style=\"color: rgb(74, 85, 104); font-size: 15px;\"><div class=\"\" style=\"position: relative;\"><p style=\"text-align: right;\">Tsel etz tamar veor iareaj<\/p><p style=\"text-align: right;\">Umanguinat kinor taksim et halev<\/p><p style=\"text-align: right;\">Ol\u00e9 batzlil, roed, bokea<\/p><p style=\"text-align: right;\">Mimeitarim nishpaj keev<\/p><p style=\"text-align: right;\"><br><\/p><p style=\"text-align: right;\">Naguen kinor naguen shireja<\/p><p style=\"text-align: right;\">Ma rav hajoshej vehasheket saviv<\/p><p style=\"text-align: right;\">Manguinoteja iashkiju et sibl\u00ed<\/p><p style=\"text-align: right;\"><br><\/p><p style=\"text-align: right;\">Naguen, naguena<\/p><p style=\"text-align: right;\">lekol tzlileja ma naim hu hajalom<\/p><p style=\"text-align: right;\">Naguen, naguena<\/p><p style=\"text-align: right;\">shm\u00e1 iareaj et koli sham bamarom<\/p><p style=\"text-align: right;\">Oy lama lama,<\/p><p style=\"text-align: right;\">bispatj\u00e1 hiksamtani?<\/p><p style=\"text-align: right;\">Liv\u00ed kavashta veazabtani<\/p><p style=\"text-align: right;\">Oev, koev, vesobel<\/p><p style=\"text-align: right;\"><br><\/p><p style=\"text-align: right;\">Nadam kinor nejb\u00e1 iareaj<\/p><p style=\"text-align: right;\">Uvadmam\u00e1 ed manguin\u00e1 od nishm\u00e1<\/p><p style=\"text-align: right;\">al ma velama El iodea,<\/p><p style=\"text-align: right;\">al ma olam ajzar ver\u00e1<\/p><p style=\"text-align: right;\"><br><\/p><p style=\"text-align: right;\"><\/p><p style=\"text-align: right;\"><br>Bearpilei avar tof\u00eda<\/p><p style=\"text-align: right;\">dmut ahuva, tavei panim mukarim<\/p><p style=\"text-align: right;\">kinor iashm\u00eda shai zijronot<\/p><p style=\"text-align: right;\">ko neimim.<\/p><p style=\"text-align: right;\"><br><\/p><p style=\"text-align: right;\">Naguen, naguena\u2026<\/p><\/div><\/div><\/td><td class=\"wptb-cell\" data-x-index=\"1\" data-wptb-css-td-auto-width=\"true\" style=\"padding: 8px;\" data-wptb-title-column=\"Position\" data-wptb-title-column-font-size=\"\" data-wptb-title-column-color=\"rgb(255, 255, 255)\" data-wptb-title-background-color=\"rgb(221, 153, 51)\" data-wptb-title-align=\"center\" data-y-index=\"1\" data-wptb-cell-vertical-alignment=\"top\"><div class=\"wptb-text-container wptb-ph-element wptb-element-text-9\" style=\"color: rgb(74, 85, 104); font-size: 15px;\"><div class=\"\" style=\"position: relative;\"><p>La sombra de la palma y la luz de la luna.<\/p><p>Y una melod\u00eda de viol\u00edn derrite el coraz\u00f3n.<\/p><p>El sonido sube, tiembla y emana<\/p><p>De las cuerdas brota el dolor.<\/p><p><br><\/p><p>Toca, viol\u00edn, toca tu canci\u00f3n<\/p><p>Cu\u00e1nta oscuridad y silencio alrededor,<\/p><p>Tus melod\u00edas reparar\u00e1n mi aflicci\u00f3n.<\/p><p><br><\/p><p>Toca, toca,<\/p><p>al son de tus sonidos que agradable es el sue\u00f1o<\/p><p>Toca, toca,<\/p><p>la luna oir\u00e1 mi voz all\u00e1 arriba<\/p><p>Ay, \u00bfpor qu\u00e9<\/p><p>me encantaste con tus labios?<\/p><p>Me robaste el coraz\u00f3n y me dejaste.<\/p><p>El amor duele y hace sufrir.<\/p><p><br><\/p><p>El viol\u00edn ha callado, la luna se oculta<\/p><p>Y en el silencio, el eco de una melod\u00eda<\/p><p>Se escucha todav\u00eda.<\/p><p>Sobre qu\u00e9 y por qu\u00e9, solo \u00c9l lo sabe<\/p><p>\u00bfPor qu\u00e9 el mundo es cruel y mezquino?<\/p><p><br><\/p><p>De las brumas de la tierra saldr\u00e1<\/p><p>Una amada figura con un rostro familiar.<\/p><p>Un viol\u00edn tocar\u00e1 un regalo<\/p><p>de gratos recuerdos.<\/p><p><br><\/p><p>Toca, toca\u2026<\/p><\/div><\/div><\/td><\/tr><\/tbody><\/table>\n<\/div>\n<\/p>\t\t\t\t\t\t\t\t<\/div>\n\t\t\t\t<\/div>\n\t\t\t\t\t<\/div>\n\t\t<\/div>\n\t\t\t\t\t<\/div>\n\t\t<\/section>\n\t\t\t\t<section class=\"elementor-section elementor-top-section elementor-element elementor-element-10fe284 elementor-section-boxed elementor-section-height-default elementor-section-height-default\" data-id=\"10fe284\" data-element_type=\"section\" data-e-type=\"section\">\n\t\t\t\t\t\t<div class=\"elementor-container elementor-column-gap-default\">\n\t\t\t\t\t<div class=\"elementor-column elementor-col-100 elementor-top-column elementor-element elementor-element-167b420\" data-id=\"167b420\" data-element_type=\"column\" data-e-type=\"column\">\n\t\t\t<div class=\"elementor-widget-wrap elementor-element-populated\">\n\t\t\t\t\t\t<div class=\"elementor-element elementor-element-8be1cb1 elementor-widget elementor-widget-html\" data-id=\"8be1cb1\" data-element_type=\"widget\" data-e-type=\"widget\" data-widget_type=\"html.default\">\n\t\t\t\t<div class=\"elementor-widget-container\">\n\t\t\t\t\t<iframe width=\"560\" height=\"315\" src=\"https:\/\/www.youtube.com\/embed\/AB5_Mg6b_Rg\" title=\"YouTube video player\" frameborder=\"0\" allow=\"accelerometer; autoplay; clipboard-write; encrypted-media; gyroscope; picture-in-picture; web-share\" allowfullscreen><\/iframe>\t\t\t\t<\/div>\n\t\t\t\t<\/div>\n\t\t\t\t\t<\/div>\n\t\t<\/div>\n\t\t\t\t\t<\/div>\n\t\t<\/section>\n\t\t\t\t<section class=\"elementor-section elementor-top-section elementor-element elementor-element-9f7bd80 elementor-section-boxed elementor-section-height-default elementor-section-height-default\" data-id=\"9f7bd80\" data-element_type=\"section\" data-e-type=\"section\">\n\t\t\t\t\t\t<div class=\"elementor-container elementor-column-gap-default\">\n\t\t\t\t\t<div class=\"elementor-column elementor-col-100 elementor-top-column elementor-element elementor-element-e9f1260\" data-id=\"e9f1260\" data-element_type=\"column\" data-e-type=\"column\">\n\t\t\t<div class=\"elementor-widget-wrap elementor-element-populated\">\n\t\t\t\t\t\t<div class=\"elementor-element elementor-element-f245430 elementor-widget elementor-widget-html\" data-id=\"f245430\" data-element_type=\"widget\" data-e-type=\"widget\" data-widget_type=\"html.default\">\n\t\t\t\t<div class=\"elementor-widget-container\">\n\t\t\t\t\tPara acceder a la Playlist en Spotify haga clic en el siguiente enlace:\t\t\t\t<\/div>\n\t\t\t\t<\/div>\n\t\t\t\t<div class=\"elementor-element elementor-element-95d134f elementor-widget elementor-widget-image\" data-id=\"95d134f\" data-element_type=\"widget\" data-e-type=\"widget\" data-widget_type=\"image.default\">\n\t\t\t\t<div class=\"elementor-widget-container\">\n\t\t\t\t\t\t\t\t\t\t\t\t\t\t\t\t<a href=\"https:\/\/open.spotify.com\/playlist\/1zvBqMmv9y3kz9CRrIVZdx?si=3ae82524d64146c4&#038;nd=1\" target=\"_blank\">\n\t\t\t\t\t\t\t<img fetchpriority=\"high\" decoding=\"async\" width=\"640\" height=\"108\" src=\"https:\/\/jardindelasalmas.com\/web\/wp-content\/uploads\/2023\/02\/playlist-1024x173.png\" class=\"attachment-large size-large wp-image-2941\" alt=\"\" srcset=\"https:\/\/jardindelasalmas.com\/web\/wp-content\/uploads\/2023\/02\/playlist-1024x173.png 1024w, https:\/\/jardindelasalmas.com\/web\/wp-content\/uploads\/2023\/02\/playlist-300x51.png 300w, https:\/\/jardindelasalmas.com\/web\/wp-content\/uploads\/2023\/02\/playlist-768x130.png 768w, https:\/\/jardindelasalmas.com\/web\/wp-content\/uploads\/2023\/02\/playlist-470x79.png 470w, https:\/\/jardindelasalmas.com\/web\/wp-content\/uploads\/2023\/02\/playlist.png 1189w\" sizes=\"(max-width: 640px) 100vw, 640px\" \/>\t\t\t\t\t\t\t\t<\/a>\n\t\t\t\t\t\t\t\t\t\t\t\t\t\t\t<\/div>\n\t\t\t\t<\/div>\n\t\t\t\t\t<\/div>\n\t\t<\/div>\n\t\t\t\t\t<\/div>\n\t\t<\/section>\n\t\t\t\t<\/div>\n\t\t","protected":false},"excerpt":{"rendered":"<p>Letra: Efrayim WainsteinM\u00fasica: Jaim KobrinInt\u00e9rprete: Glykeria y Shlomi Shabat Para acceder a la Playlist en Spotify haga clic en el siguiente enlace:<\/p>\n","protected":false},"author":1,"featured_media":0,"parent":0,"menu_order":0,"comment_status":"open","ping_status":"closed","template":"","meta":{"footnotes":""},"class_list":["post-3159","page","type-page","status-publish","hentry"],"yoast_head":"<!-- This site is optimized with the Yoast SEO plugin v27.4 - https:\/\/yoast.com\/product\/yoast-seo-wordpress\/ -->\n<title>Tzel etz tamar (La sombra de la palma) - Visita guiada al Jard\u00edn de las Almas<\/title>\n<meta name=\"robots\" content=\"index, follow, max-snippet:-1, max-image-preview:large, max-video-preview:-1\" \/>\n<link rel=\"canonical\" href=\"https:\/\/jardindelasalmas.com\/web\/tzel-etz-tamar-la-sombra-de-la-palma\/\" \/>\n<meta property=\"og:locale\" content=\"es_ES\" \/>\n<meta property=\"og:type\" content=\"article\" \/>\n<meta property=\"og:title\" content=\"Tzel etz tamar (La sombra de la palma) - Visita guiada al Jard\u00edn de las Almas\" \/>\n<meta property=\"og:description\" content=\"Letra: Efrayim WainsteinM\u00fasica: Jaim KobrinInt\u00e9rprete: Glykeria y Shlomi Shabat Para acceder a la Playlist en Spotify haga clic en el siguiente enlace:\" \/>\n<meta property=\"og:url\" content=\"https:\/\/jardindelasalmas.com\/web\/tzel-etz-tamar-la-sombra-de-la-palma\/\" \/>\n<meta property=\"og:site_name\" content=\"Visita guiada al Jard\u00edn de las Almas\" \/>\n<meta property=\"article:publisher\" content=\"https:\/\/www.facebook.com\/profile.php?id=100090224005995\" \/>\n<meta property=\"article:modified_time\" content=\"2023-03-03T23:54:06+00:00\" \/>\n<meta property=\"og:image\" content=\"https:\/\/jardindelasalmas.com\/web\/wp-content\/uploads\/2023\/02\/playlist-1024x173.png\" \/>\n<meta name=\"twitter:card\" content=\"summary_large_image\" \/>\n<script type=\"application\/ld+json\" class=\"yoast-schema-graph\">{\"@context\":\"https:\\\/\\\/schema.org\",\"@graph\":[{\"@type\":\"WebPage\",\"@id\":\"https:\\\/\\\/jardindelasalmas.com\\\/web\\\/tzel-etz-tamar-la-sombra-de-la-palma\\\/\",\"url\":\"https:\\\/\\\/jardindelasalmas.com\\\/web\\\/tzel-etz-tamar-la-sombra-de-la-palma\\\/\",\"name\":\"Tzel etz tamar (La sombra de la palma) - Visita guiada al Jard\u00edn de las Almas\",\"isPartOf\":{\"@id\":\"https:\\\/\\\/jardindelasalmas.com\\\/web\\\/#website\"},\"primaryImageOfPage\":{\"@id\":\"https:\\\/\\\/jardindelasalmas.com\\\/web\\\/tzel-etz-tamar-la-sombra-de-la-palma\\\/#primaryimage\"},\"image\":{\"@id\":\"https:\\\/\\\/jardindelasalmas.com\\\/web\\\/tzel-etz-tamar-la-sombra-de-la-palma\\\/#primaryimage\"},\"thumbnailUrl\":\"https:\\\/\\\/jardindelasalmas.com\\\/web\\\/wp-content\\\/uploads\\\/2023\\\/02\\\/playlist-1024x173.png\",\"datePublished\":\"2023-03-03T23:53:11+00:00\",\"dateModified\":\"2023-03-03T23:54:06+00:00\",\"breadcrumb\":{\"@id\":\"https:\\\/\\\/jardindelasalmas.com\\\/web\\\/tzel-etz-tamar-la-sombra-de-la-palma\\\/#breadcrumb\"},\"inLanguage\":\"es\",\"potentialAction\":[{\"@type\":\"ReadAction\",\"target\":[\"https:\\\/\\\/jardindelasalmas.com\\\/web\\\/tzel-etz-tamar-la-sombra-de-la-palma\\\/\"]}]},{\"@type\":\"ImageObject\",\"inLanguage\":\"es\",\"@id\":\"https:\\\/\\\/jardindelasalmas.com\\\/web\\\/tzel-etz-tamar-la-sombra-de-la-palma\\\/#primaryimage\",\"url\":\"https:\\\/\\\/jardindelasalmas.com\\\/web\\\/wp-content\\\/uploads\\\/2023\\\/02\\\/playlist.png\",\"contentUrl\":\"https:\\\/\\\/jardindelasalmas.com\\\/web\\\/wp-content\\\/uploads\\\/2023\\\/02\\\/playlist.png\",\"width\":1189,\"height\":201},{\"@type\":\"BreadcrumbList\",\"@id\":\"https:\\\/\\\/jardindelasalmas.com\\\/web\\\/tzel-etz-tamar-la-sombra-de-la-palma\\\/#breadcrumb\",\"itemListElement\":[{\"@type\":\"ListItem\",\"position\":1,\"name\":\"Portada\",\"item\":\"https:\\\/\\\/jardindelasalmas.com\\\/web\\\/\"},{\"@type\":\"ListItem\",\"position\":2,\"name\":\"Tzel etz tamar (La sombra de la palma)\"}]},{\"@type\":\"WebSite\",\"@id\":\"https:\\\/\\\/jardindelasalmas.com\\\/web\\\/#website\",\"url\":\"https:\\\/\\\/jardindelasalmas.com\\\/web\\\/\",\"name\":\"Visita guiada al Jard\u00edn de las Almas\",\"description\":\"podcast + cursos\",\"publisher\":{\"@id\":\"https:\\\/\\\/jardindelasalmas.com\\\/web\\\/#\\\/schema\\\/person\\\/082637eaa66432090856e2beebef5d5f\"},\"potentialAction\":[{\"@type\":\"SearchAction\",\"target\":{\"@type\":\"EntryPoint\",\"urlTemplate\":\"https:\\\/\\\/jardindelasalmas.com\\\/web\\\/?s={search_term_string}\"},\"query-input\":{\"@type\":\"PropertyValueSpecification\",\"valueRequired\":true,\"valueName\":\"search_term_string\"}}],\"inLanguage\":\"es\"},{\"@type\":[\"Person\",\"Organization\"],\"@id\":\"https:\\\/\\\/jardindelasalmas.com\\\/web\\\/#\\\/schema\\\/person\\\/082637eaa66432090856e2beebef5d5f\",\"name\":\"Daniel Schulman\",\"image\":{\"@type\":\"ImageObject\",\"inLanguage\":\"es\",\"@id\":\"https:\\\/\\\/jardindelasalmas.com\\\/web\\\/wp-content\\\/uploads\\\/2022\\\/11\\\/cropped-favicon_512px.jpg\",\"url\":\"https:\\\/\\\/jardindelasalmas.com\\\/web\\\/wp-content\\\/uploads\\\/2022\\\/11\\\/cropped-favicon_512px.jpg\",\"contentUrl\":\"https:\\\/\\\/jardindelasalmas.com\\\/web\\\/wp-content\\\/uploads\\\/2022\\\/11\\\/cropped-favicon_512px.jpg\",\"width\":512,\"height\":512,\"caption\":\"Daniel Schulman\"},\"logo\":{\"@id\":\"https:\\\/\\\/jardindelasalmas.com\\\/web\\\/wp-content\\\/uploads\\\/2022\\\/11\\\/cropped-favicon_512px.jpg\"},\"sameAs\":[\"https:\\\/\\\/jardindelasalmas.com\\\/\",\"https:\\\/\\\/www.facebook.com\\\/profile.php?id=100090224005995\",\"https:\\\/\\\/www.instagram.com\\\/jardindelasalmas\"]}]}<\/script>\n<!-- \/ Yoast SEO plugin. -->","yoast_head_json":{"title":"Tzel etz tamar (La sombra de la palma) - Visita guiada al Jard\u00edn de las Almas","robots":{"index":"index","follow":"follow","max-snippet":"max-snippet:-1","max-image-preview":"max-image-preview:large","max-video-preview":"max-video-preview:-1"},"canonical":"https:\/\/jardindelasalmas.com\/web\/tzel-etz-tamar-la-sombra-de-la-palma\/","og_locale":"es_ES","og_type":"article","og_title":"Tzel etz tamar (La sombra de la palma) - Visita guiada al Jard\u00edn de las Almas","og_description":"Letra: Efrayim WainsteinM\u00fasica: Jaim KobrinInt\u00e9rprete: Glykeria y Shlomi Shabat Para acceder a la Playlist en Spotify haga clic en el siguiente enlace:","og_url":"https:\/\/jardindelasalmas.com\/web\/tzel-etz-tamar-la-sombra-de-la-palma\/","og_site_name":"Visita guiada al Jard\u00edn de las Almas","article_publisher":"https:\/\/www.facebook.com\/profile.php?id=100090224005995","article_modified_time":"2023-03-03T23:54:06+00:00","og_image":[{"url":"https:\/\/jardindelasalmas.com\/web\/wp-content\/uploads\/2023\/02\/playlist-1024x173.png","type":"","width":"","height":""}],"twitter_card":"summary_large_image","schema":{"@context":"https:\/\/schema.org","@graph":[{"@type":"WebPage","@id":"https:\/\/jardindelasalmas.com\/web\/tzel-etz-tamar-la-sombra-de-la-palma\/","url":"https:\/\/jardindelasalmas.com\/web\/tzel-etz-tamar-la-sombra-de-la-palma\/","name":"Tzel etz tamar (La sombra de la palma) - Visita guiada al Jard\u00edn de las Almas","isPartOf":{"@id":"https:\/\/jardindelasalmas.com\/web\/#website"},"primaryImageOfPage":{"@id":"https:\/\/jardindelasalmas.com\/web\/tzel-etz-tamar-la-sombra-de-la-palma\/#primaryimage"},"image":{"@id":"https:\/\/jardindelasalmas.com\/web\/tzel-etz-tamar-la-sombra-de-la-palma\/#primaryimage"},"thumbnailUrl":"https:\/\/jardindelasalmas.com\/web\/wp-content\/uploads\/2023\/02\/playlist-1024x173.png","datePublished":"2023-03-03T23:53:11+00:00","dateModified":"2023-03-03T23:54:06+00:00","breadcrumb":{"@id":"https:\/\/jardindelasalmas.com\/web\/tzel-etz-tamar-la-sombra-de-la-palma\/#breadcrumb"},"inLanguage":"es","potentialAction":[{"@type":"ReadAction","target":["https:\/\/jardindelasalmas.com\/web\/tzel-etz-tamar-la-sombra-de-la-palma\/"]}]},{"@type":"ImageObject","inLanguage":"es","@id":"https:\/\/jardindelasalmas.com\/web\/tzel-etz-tamar-la-sombra-de-la-palma\/#primaryimage","url":"https:\/\/jardindelasalmas.com\/web\/wp-content\/uploads\/2023\/02\/playlist.png","contentUrl":"https:\/\/jardindelasalmas.com\/web\/wp-content\/uploads\/2023\/02\/playlist.png","width":1189,"height":201},{"@type":"BreadcrumbList","@id":"https:\/\/jardindelasalmas.com\/web\/tzel-etz-tamar-la-sombra-de-la-palma\/#breadcrumb","itemListElement":[{"@type":"ListItem","position":1,"name":"Portada","item":"https:\/\/jardindelasalmas.com\/web\/"},{"@type":"ListItem","position":2,"name":"Tzel etz tamar (La sombra de la palma)"}]},{"@type":"WebSite","@id":"https:\/\/jardindelasalmas.com\/web\/#website","url":"https:\/\/jardindelasalmas.com\/web\/","name":"Visita guiada al Jard\u00edn de las Almas","description":"podcast + cursos","publisher":{"@id":"https:\/\/jardindelasalmas.com\/web\/#\/schema\/person\/082637eaa66432090856e2beebef5d5f"},"potentialAction":[{"@type":"SearchAction","target":{"@type":"EntryPoint","urlTemplate":"https:\/\/jardindelasalmas.com\/web\/?s={search_term_string}"},"query-input":{"@type":"PropertyValueSpecification","valueRequired":true,"valueName":"search_term_string"}}],"inLanguage":"es"},{"@type":["Person","Organization"],"@id":"https:\/\/jardindelasalmas.com\/web\/#\/schema\/person\/082637eaa66432090856e2beebef5d5f","name":"Daniel Schulman","image":{"@type":"ImageObject","inLanguage":"es","@id":"https:\/\/jardindelasalmas.com\/web\/wp-content\/uploads\/2022\/11\/cropped-favicon_512px.jpg","url":"https:\/\/jardindelasalmas.com\/web\/wp-content\/uploads\/2022\/11\/cropped-favicon_512px.jpg","contentUrl":"https:\/\/jardindelasalmas.com\/web\/wp-content\/uploads\/2022\/11\/cropped-favicon_512px.jpg","width":512,"height":512,"caption":"Daniel Schulman"},"logo":{"@id":"https:\/\/jardindelasalmas.com\/web\/wp-content\/uploads\/2022\/11\/cropped-favicon_512px.jpg"},"sameAs":["https:\/\/jardindelasalmas.com\/","https:\/\/www.facebook.com\/profile.php?id=100090224005995","https:\/\/www.instagram.com\/jardindelasalmas"]}]}},"_links":{"self":[{"href":"https:\/\/jardindelasalmas.com\/web\/wp-json\/wp\/v2\/pages\/3159","targetHints":{"allow":["GET"]}}],"collection":[{"href":"https:\/\/jardindelasalmas.com\/web\/wp-json\/wp\/v2\/pages"}],"about":[{"href":"https:\/\/jardindelasalmas.com\/web\/wp-json\/wp\/v2\/types\/page"}],"author":[{"embeddable":true,"href":"https:\/\/jardindelasalmas.com\/web\/wp-json\/wp\/v2\/users\/1"}],"replies":[{"embeddable":true,"href":"https:\/\/jardindelasalmas.com\/web\/wp-json\/wp\/v2\/comments?post=3159"}],"version-history":[{"count":3,"href":"https:\/\/jardindelasalmas.com\/web\/wp-json\/wp\/v2\/pages\/3159\/revisions"}],"predecessor-version":[{"id":3163,"href":"https:\/\/jardindelasalmas.com\/web\/wp-json\/wp\/v2\/pages\/3159\/revisions\/3163"}],"wp:attachment":[{"href":"https:\/\/jardindelasalmas.com\/web\/wp-json\/wp\/v2\/media?parent=3159"}],"curies":[{"name":"wp","href":"https:\/\/api.w.org\/{rel}","templated":true}]}}