{"id":2390,"date":"2022-11-17T20:25:10","date_gmt":"2022-11-17T20:25:10","guid":{"rendered":"https:\/\/jardindelasalmas.com\/web\/?page_id=2390"},"modified":"2023-08-11T23:11:48","modified_gmt":"2023-08-11T23:11:48","slug":"fundamentos-del-logo","status":"publish","type":"page","link":"https:\/\/jardindelasalmas.com\/web\/fundamentos-del-logo\/","title":{"rendered":"\u00bfQUE REPRESENTA EL LOGO?"},"content":{"rendered":"<p><strong><img fetchpriority=\"high\" decoding=\"async\" class=\"aligncenter wp-image-2530 size-full\" src=\"https:\/\/jardindelasalmas.com\/web\/wp-content\/uploads\/2022\/12\/logo-fundamentos.jpg\" alt=\"\" width=\"1913\" height=\"629\" srcset=\"https:\/\/jardindelasalmas.com\/web\/wp-content\/uploads\/2022\/12\/logo-fundamentos.jpg 1913w, https:\/\/jardindelasalmas.com\/web\/wp-content\/uploads\/2022\/12\/logo-fundamentos-300x99.jpg 300w, https:\/\/jardindelasalmas.com\/web\/wp-content\/uploads\/2022\/12\/logo-fundamentos-1024x337.jpg 1024w, https:\/\/jardindelasalmas.com\/web\/wp-content\/uploads\/2022\/12\/logo-fundamentos-768x253.jpg 768w, https:\/\/jardindelasalmas.com\/web\/wp-content\/uploads\/2022\/12\/logo-fundamentos-1536x505.jpg 1536w, https:\/\/jardindelasalmas.com\/web\/wp-content\/uploads\/2022\/12\/logo-fundamentos-470x155.jpg 470w\" sizes=\"(max-width: 1913px) 100vw, 1913px\" \/><\/strong><\/p>\n<p><strong>El logo tiene la imagen de una rama de Lirios del Valle junto a un trozo de granada.<\/strong><\/p>\n<p>El Lirio del Valle es una flor que crece en las profundidades y simboliza el renacimiento y la humildad.<\/p>\n<p>Est\u00e1 asociada con el amor y el retorno de la felicidad.<\/p>\n<p>La granada es un s\u00edmbolo de fecundidad, concordia y estabilidad. Seg\u00fan la tradici\u00f3n, cuando se abre una granada, cualquiera sea su tama\u00f1o, el fruto contiene siempre 613 granos, que equivalen a los preceptos b\u00edblicos. Debido a esto el consumo de granadas tiene un lugar central en la celebraci\u00f3n del A\u00f1o Nuevo Jud\u00edo.<\/p>\n<p><strong>\u00a0<\/strong><\/p>\n","protected":false},"excerpt":{"rendered":"<p>El logo tiene la imagen de una rama de Lirios del Valle junto a un trozo de granada. El Lirio del Valle es una flor que crece en las profundidades y simboliza el renacimiento y la humildad. Est\u00e1 asociada con el amor y el retorno de la felicidad. La granada es un s\u00edmbolo de fecundidad, [&hellip;]<\/p>\n","protected":false},"author":1,"featured_media":0,"parent":0,"menu_order":0,"comment_status":"closed","ping_status":"closed","template":"","meta":{"footnotes":""},"class_list":["post-2390","page","type-page","status-publish","hentry"],"yoast_head":"<!-- This site is optimized with the Yoast SEO plugin v27.4 - https:\/\/yoast.com\/product\/yoast-seo-wordpress\/ -->\n<title>\u00bfQu\u00e9 representa el logo del Jard\u00edn de las Almas?<\/title>\n<meta name=\"description\" content=\"c\u00f3mo sanar heridas del alma; c\u00f3mo sanar heridas del alma seg\u00fan la biblia; \u00bfQu\u00e9 representa el logo del Jard\u00edn de las Almas?\" \/>\n<meta name=\"robots\" content=\"index, follow, max-snippet:-1, max-image-preview:large, max-video-preview:-1\" \/>\n<link rel=\"canonical\" href=\"https:\/\/jardindelasalmas.com\/web\/fundamentos-del-logo\/\" \/>\n<meta property=\"og:locale\" content=\"es_ES\" \/>\n<meta property=\"og:type\" content=\"article\" \/>\n<meta property=\"og:title\" content=\"\u00bfQu\u00e9 representa el logo del Jard\u00edn de las Almas?\" \/>\n<meta property=\"og:description\" content=\"c\u00f3mo sanar heridas del alma; c\u00f3mo sanar heridas del alma seg\u00fan la biblia; \u00bfQu\u00e9 representa el logo del Jard\u00edn de las Almas?\" \/>\n<meta property=\"og:url\" content=\"https:\/\/jardindelasalmas.com\/web\/fundamentos-del-logo\/\" \/>\n<meta property=\"og:site_name\" content=\"Visita guiada al Jard\u00edn de las Almas\" \/>\n<meta property=\"article:publisher\" content=\"https:\/\/www.facebook.com\/profile.php?id=100090224005995\" \/>\n<meta property=\"article:modified_time\" content=\"2023-08-11T23:11:48+00:00\" \/>\n<meta property=\"og:image\" content=\"https:\/\/jardindelasalmas.com\/web\/wp-content\/uploads\/2022\/12\/logo-fundamentos.jpg\" \/>\n<meta name=\"twitter:card\" content=\"summary_large_image\" \/>\n<meta name=\"twitter:label1\" content=\"Tiempo de lectura\" \/>\n\t<meta name=\"twitter:data1\" content=\"1 minuto\" \/>\n<script type=\"application\/ld+json\" class=\"yoast-schema-graph\">{\"@context\":\"https:\\\/\\\/schema.org\",\"@graph\":[{\"@type\":\"WebPage\",\"@id\":\"https:\\\/\\\/jardindelasalmas.com\\\/web\\\/fundamentos-del-logo\\\/\",\"url\":\"https:\\\/\\\/jardindelasalmas.com\\\/web\\\/fundamentos-del-logo\\\/\",\"name\":\"\u00bfQu\u00e9 representa el logo del Jard\u00edn de las Almas?\",\"isPartOf\":{\"@id\":\"https:\\\/\\\/jardindelasalmas.com\\\/web\\\/#website\"},\"primaryImageOfPage\":{\"@id\":\"https:\\\/\\\/jardindelasalmas.com\\\/web\\\/fundamentos-del-logo\\\/#primaryimage\"},\"image\":{\"@id\":\"https:\\\/\\\/jardindelasalmas.com\\\/web\\\/fundamentos-del-logo\\\/#primaryimage\"},\"thumbnailUrl\":\"https:\\\/\\\/jardindelasalmas.com\\\/web\\\/wp-content\\\/uploads\\\/2022\\\/12\\\/logo-fundamentos.jpg\",\"datePublished\":\"2022-11-17T20:25:10+00:00\",\"dateModified\":\"2023-08-11T23:11:48+00:00\",\"description\":\"c\u00f3mo sanar heridas del alma; c\u00f3mo sanar heridas del alma seg\u00fan la biblia; \u00bfQu\u00e9 representa el logo del Jard\u00edn de las Almas?\",\"breadcrumb\":{\"@id\":\"https:\\\/\\\/jardindelasalmas.com\\\/web\\\/fundamentos-del-logo\\\/#breadcrumb\"},\"inLanguage\":\"es\",\"potentialAction\":[{\"@type\":\"ReadAction\",\"target\":[\"https:\\\/\\\/jardindelasalmas.com\\\/web\\\/fundamentos-del-logo\\\/\"]}]},{\"@type\":\"ImageObject\",\"inLanguage\":\"es\",\"@id\":\"https:\\\/\\\/jardindelasalmas.com\\\/web\\\/fundamentos-del-logo\\\/#primaryimage\",\"url\":\"https:\\\/\\\/jardindelasalmas.com\\\/web\\\/wp-content\\\/uploads\\\/2022\\\/12\\\/logo-fundamentos.jpg\",\"contentUrl\":\"https:\\\/\\\/jardindelasalmas.com\\\/web\\\/wp-content\\\/uploads\\\/2022\\\/12\\\/logo-fundamentos.jpg\",\"width\":1913,\"height\":629},{\"@type\":\"BreadcrumbList\",\"@id\":\"https:\\\/\\\/jardindelasalmas.com\\\/web\\\/fundamentos-del-logo\\\/#breadcrumb\",\"itemListElement\":[{\"@type\":\"ListItem\",\"position\":1,\"name\":\"Portada\",\"item\":\"https:\\\/\\\/jardindelasalmas.com\\\/web\\\/\"},{\"@type\":\"ListItem\",\"position\":2,\"name\":\"\u00bfQUE REPRESENTA EL LOGO?\"}]},{\"@type\":\"WebSite\",\"@id\":\"https:\\\/\\\/jardindelasalmas.com\\\/web\\\/#website\",\"url\":\"https:\\\/\\\/jardindelasalmas.com\\\/web\\\/\",\"name\":\"Visita guiada al Jard\u00edn de las Almas\",\"description\":\"podcast + cursos\",\"publisher\":{\"@id\":\"https:\\\/\\\/jardindelasalmas.com\\\/web\\\/#\\\/schema\\\/person\\\/082637eaa66432090856e2beebef5d5f\"},\"potentialAction\":[{\"@type\":\"SearchAction\",\"target\":{\"@type\":\"EntryPoint\",\"urlTemplate\":\"https:\\\/\\\/jardindelasalmas.com\\\/web\\\/?s={search_term_string}\"},\"query-input\":{\"@type\":\"PropertyValueSpecification\",\"valueRequired\":true,\"valueName\":\"search_term_string\"}}],\"inLanguage\":\"es\"},{\"@type\":[\"Person\",\"Organization\"],\"@id\":\"https:\\\/\\\/jardindelasalmas.com\\\/web\\\/#\\\/schema\\\/person\\\/082637eaa66432090856e2beebef5d5f\",\"name\":\"Daniel Schulman\",\"image\":{\"@type\":\"ImageObject\",\"inLanguage\":\"es\",\"@id\":\"https:\\\/\\\/jardindelasalmas.com\\\/web\\\/wp-content\\\/uploads\\\/2022\\\/11\\\/cropped-favicon_512px.jpg\",\"url\":\"https:\\\/\\\/jardindelasalmas.com\\\/web\\\/wp-content\\\/uploads\\\/2022\\\/11\\\/cropped-favicon_512px.jpg\",\"contentUrl\":\"https:\\\/\\\/jardindelasalmas.com\\\/web\\\/wp-content\\\/uploads\\\/2022\\\/11\\\/cropped-favicon_512px.jpg\",\"width\":512,\"height\":512,\"caption\":\"Daniel Schulman\"},\"logo\":{\"@id\":\"https:\\\/\\\/jardindelasalmas.com\\\/web\\\/wp-content\\\/uploads\\\/2022\\\/11\\\/cropped-favicon_512px.jpg\"},\"sameAs\":[\"https:\\\/\\\/jardindelasalmas.com\\\/\",\"https:\\\/\\\/www.facebook.com\\\/profile.php?id=100090224005995\",\"https:\\\/\\\/www.instagram.com\\\/jardindelasalmas\"]}]}<\/script>\n<!-- \/ Yoast SEO plugin. -->","yoast_head_json":{"title":"\u00bfQu\u00e9 representa el logo del Jard\u00edn de las Almas?","description":"c\u00f3mo sanar heridas del alma; c\u00f3mo sanar heridas del alma seg\u00fan la biblia; \u00bfQu\u00e9 representa el logo del Jard\u00edn de las Almas?","robots":{"index":"index","follow":"follow","max-snippet":"max-snippet:-1","max-image-preview":"max-image-preview:large","max-video-preview":"max-video-preview:-1"},"canonical":"https:\/\/jardindelasalmas.com\/web\/fundamentos-del-logo\/","og_locale":"es_ES","og_type":"article","og_title":"\u00bfQu\u00e9 representa el logo del Jard\u00edn de las Almas?","og_description":"c\u00f3mo sanar heridas del alma; c\u00f3mo sanar heridas del alma seg\u00fan la biblia; \u00bfQu\u00e9 representa el logo del Jard\u00edn de las Almas?","og_url":"https:\/\/jardindelasalmas.com\/web\/fundamentos-del-logo\/","og_site_name":"Visita guiada al Jard\u00edn de las Almas","article_publisher":"https:\/\/www.facebook.com\/profile.php?id=100090224005995","article_modified_time":"2023-08-11T23:11:48+00:00","og_image":[{"url":"https:\/\/jardindelasalmas.com\/web\/wp-content\/uploads\/2022\/12\/logo-fundamentos.jpg","type":"","width":"","height":""}],"twitter_card":"summary_large_image","twitter_misc":{"Tiempo de lectura":"1 minuto"},"schema":{"@context":"https:\/\/schema.org","@graph":[{"@type":"WebPage","@id":"https:\/\/jardindelasalmas.com\/web\/fundamentos-del-logo\/","url":"https:\/\/jardindelasalmas.com\/web\/fundamentos-del-logo\/","name":"\u00bfQu\u00e9 representa el logo del Jard\u00edn de las Almas?","isPartOf":{"@id":"https:\/\/jardindelasalmas.com\/web\/#website"},"primaryImageOfPage":{"@id":"https:\/\/jardindelasalmas.com\/web\/fundamentos-del-logo\/#primaryimage"},"image":{"@id":"https:\/\/jardindelasalmas.com\/web\/fundamentos-del-logo\/#primaryimage"},"thumbnailUrl":"https:\/\/jardindelasalmas.com\/web\/wp-content\/uploads\/2022\/12\/logo-fundamentos.jpg","datePublished":"2022-11-17T20:25:10+00:00","dateModified":"2023-08-11T23:11:48+00:00","description":"c\u00f3mo sanar heridas del alma; c\u00f3mo sanar heridas del alma seg\u00fan la biblia; \u00bfQu\u00e9 representa el logo del Jard\u00edn de las Almas?","breadcrumb":{"@id":"https:\/\/jardindelasalmas.com\/web\/fundamentos-del-logo\/#breadcrumb"},"inLanguage":"es","potentialAction":[{"@type":"ReadAction","target":["https:\/\/jardindelasalmas.com\/web\/fundamentos-del-logo\/"]}]},{"@type":"ImageObject","inLanguage":"es","@id":"https:\/\/jardindelasalmas.com\/web\/fundamentos-del-logo\/#primaryimage","url":"https:\/\/jardindelasalmas.com\/web\/wp-content\/uploads\/2022\/12\/logo-fundamentos.jpg","contentUrl":"https:\/\/jardindelasalmas.com\/web\/wp-content\/uploads\/2022\/12\/logo-fundamentos.jpg","width":1913,"height":629},{"@type":"BreadcrumbList","@id":"https:\/\/jardindelasalmas.com\/web\/fundamentos-del-logo\/#breadcrumb","itemListElement":[{"@type":"ListItem","position":1,"name":"Portada","item":"https:\/\/jardindelasalmas.com\/web\/"},{"@type":"ListItem","position":2,"name":"\u00bfQUE REPRESENTA EL LOGO?"}]},{"@type":"WebSite","@id":"https:\/\/jardindelasalmas.com\/web\/#website","url":"https:\/\/jardindelasalmas.com\/web\/","name":"Visita guiada al Jard\u00edn de las Almas","description":"podcast + cursos","publisher":{"@id":"https:\/\/jardindelasalmas.com\/web\/#\/schema\/person\/082637eaa66432090856e2beebef5d5f"},"potentialAction":[{"@type":"SearchAction","target":{"@type":"EntryPoint","urlTemplate":"https:\/\/jardindelasalmas.com\/web\/?s={search_term_string}"},"query-input":{"@type":"PropertyValueSpecification","valueRequired":true,"valueName":"search_term_string"}}],"inLanguage":"es"},{"@type":["Person","Organization"],"@id":"https:\/\/jardindelasalmas.com\/web\/#\/schema\/person\/082637eaa66432090856e2beebef5d5f","name":"Daniel Schulman","image":{"@type":"ImageObject","inLanguage":"es","@id":"https:\/\/jardindelasalmas.com\/web\/wp-content\/uploads\/2022\/11\/cropped-favicon_512px.jpg","url":"https:\/\/jardindelasalmas.com\/web\/wp-content\/uploads\/2022\/11\/cropped-favicon_512px.jpg","contentUrl":"https:\/\/jardindelasalmas.com\/web\/wp-content\/uploads\/2022\/11\/cropped-favicon_512px.jpg","width":512,"height":512,"caption":"Daniel Schulman"},"logo":{"@id":"https:\/\/jardindelasalmas.com\/web\/wp-content\/uploads\/2022\/11\/cropped-favicon_512px.jpg"},"sameAs":["https:\/\/jardindelasalmas.com\/","https:\/\/www.facebook.com\/profile.php?id=100090224005995","https:\/\/www.instagram.com\/jardindelasalmas"]}]}},"_links":{"self":[{"href":"https:\/\/jardindelasalmas.com\/web\/wp-json\/wp\/v2\/pages\/2390","targetHints":{"allow":["GET"]}}],"collection":[{"href":"https:\/\/jardindelasalmas.com\/web\/wp-json\/wp\/v2\/pages"}],"about":[{"href":"https:\/\/jardindelasalmas.com\/web\/wp-json\/wp\/v2\/types\/page"}],"author":[{"embeddable":true,"href":"https:\/\/jardindelasalmas.com\/web\/wp-json\/wp\/v2\/users\/1"}],"replies":[{"embeddable":true,"href":"https:\/\/jardindelasalmas.com\/web\/wp-json\/wp\/v2\/comments?post=2390"}],"version-history":[{"count":3,"href":"https:\/\/jardindelasalmas.com\/web\/wp-json\/wp\/v2\/pages\/2390\/revisions"}],"predecessor-version":[{"id":2531,"href":"https:\/\/jardindelasalmas.com\/web\/wp-json\/wp\/v2\/pages\/2390\/revisions\/2531"}],"wp:attachment":[{"href":"https:\/\/jardindelasalmas.com\/web\/wp-json\/wp\/v2\/media?parent=2390"}],"curies":[{"name":"wp","href":"https:\/\/api.w.org\/{rel}","templated":true}]}}