{"id":2290,"date":"2022-11-14T04:10:28","date_gmt":"2022-11-14T04:10:28","guid":{"rendered":"https:\/\/jardindelasalmas.com\/web\/?page_id=2290"},"modified":"2023-08-11T23:31:44","modified_gmt":"2023-08-11T23:31:44","slug":"libros","status":"publish","type":"page","link":"https:\/\/jardindelasalmas.com\/web\/libros\/","title":{"rendered":"Libros"},"content":{"rendered":"<h4><strong><img fetchpriority=\"high\" decoding=\"async\" class=\"aligncenter wp-image-2320 size-full\" src=\"https:\/\/jardindelasalmas.com\/web\/wp-content\/uploads\/2022\/11\/libros.jpg\" alt=\"\" width=\"1920\" height=\"629\" srcset=\"https:\/\/jardindelasalmas.com\/web\/wp-content\/uploads\/2022\/11\/libros.jpg 1920w, https:\/\/jardindelasalmas.com\/web\/wp-content\/uploads\/2022\/11\/libros-300x98.jpg 300w, https:\/\/jardindelasalmas.com\/web\/wp-content\/uploads\/2022\/11\/libros-1024x335.jpg 1024w, https:\/\/jardindelasalmas.com\/web\/wp-content\/uploads\/2022\/11\/libros-768x252.jpg 768w, https:\/\/jardindelasalmas.com\/web\/wp-content\/uploads\/2022\/11\/libros-1536x503.jpg 1536w, https:\/\/jardindelasalmas.com\/web\/wp-content\/uploads\/2022\/11\/libros-470x154.jpg 470w\" sizes=\"(max-width: 1920px) 100vw, 1920px\" \/><br \/>\n<\/strong>Libros para empezar a conocer mejor tu alma<strong><\/p>\n<p>Los libros son de dos tipos:<\/strong><\/h4>\n<p><strong>&#8211; Textos de estudio:<\/strong> Sirven para conocer desde su mismas fuentes cu\u00e1les son los fundamentos de lo que se afirma en las Visitas Guiadas. El Zohar y la Biblia Hebrea se abren para que podamos bucear en sus cientos de historias y comprender las ense\u00f1anzas subyacentes.<\/p>\n<p><strong>&#8211; Gu\u00edas pr\u00e1cticas para el trabajo espiritual individual.<\/strong> En ellas se proponen secuencias de actividades que nos permiten reconocer c\u00f3mo act\u00faan las ra\u00edces de nuestras almas en el mundo f\u00edsico y c\u00f3mo podemos armonizar con ellas.<\/p>\n<hr \/>\n<p><strong>Nuestro obsequio para quienes nos<br \/>\nvisitan en el Jard\u00edn de las Almas<\/strong><\/p>\n<p><a href=\"https:\/\/jardindelasalmas.com\/web\/libros\/libro-2\/\" rel=\"attachment wp-att-3338\"><img decoding=\"async\" class=\"alignleft wp-image-3340 size-full\" src=\"https:\/\/jardindelasalmas.com\/web\/wp-content\/uploads\/2023\/03\/libro.png\" alt=\"\" width=\"275\" height=\"275\" srcset=\"https:\/\/jardindelasalmas.com\/web\/wp-content\/uploads\/2023\/03\/libro.png 275w, https:\/\/jardindelasalmas.com\/web\/wp-content\/uploads\/2023\/03\/libro-150x150.png 150w, https:\/\/jardindelasalmas.com\/web\/wp-content\/uploads\/2023\/03\/libro-100x100.png 100w, https:\/\/jardindelasalmas.com\/web\/wp-content\/uploads\/2023\/03\/libro-48x48.png 48w\" sizes=\"(max-width: 275px) 100vw, 275px\" \/><\/a><\/p>\n<p>&nbsp;<\/p>\n<p>&nbsp;<\/p>\n<p>&nbsp;<\/p>\n<p>&nbsp;<\/p>\n<p>&nbsp;<\/p>\n<p>&nbsp;<\/p>\n<p>&nbsp;<\/p>\n<p><strong>\u00a0<\/strong><\/p>\n<hr \/>\n<p><strong><br \/>\nLa Silla Vac\u00eda: Encontrando Esperanza y Alegr\u00eda <\/strong><\/p>\n<p>Gracias a la enorme generosidad del Breslov Research Institute podemos ofrecerles\u00a0 a todos nuestros visitantes en forma gratuita un verdadero tesoro de pensamientos y consejos para vivir una vida plena y espiritual en el mundo de hoy. Es un libro para tener siempre a mano, releerlo y compartirlo con otras personas.<\/p>\n<p>Los pensamientos breves han sido tomados de todas las obras del Rebe Najm\u00e1n y tienen la finalidad de ayudarnos a ocupar nuestra silla vac\u00eda con una sonrisa en el rostro y una mirada de esperanza.<\/p>\n<p><strong>Puede recibir este libro en formato PDF<\/strong><br \/>\n<strong>complete el siguiente formulario:<\/strong><u><\/u><\/p>\n\n<div class=\"wpcf7 no-js\" id=\"wpcf7-f3337-o1\" lang=\"es-ES\" dir=\"ltr\" data-wpcf7-id=\"3337\">\n<div class=\"screen-reader-response\"><p role=\"status\" aria-live=\"polite\" aria-atomic=\"true\"><\/p> <ul><\/ul><\/div>\n<form action=\"\/web\/wp-json\/wp\/v2\/pages\/2290#wpcf7-f3337-o1\" method=\"post\" class=\"wpcf7-form init\" aria-label=\"Formulario de contacto\" novalidate=\"novalidate\" data-status=\"init\">\n<fieldset class=\"hidden-fields-container\"><input type=\"hidden\" name=\"_wpcf7\" value=\"3337\" \/><input type=\"hidden\" name=\"_wpcf7_version\" value=\"6.1.5\" \/><input type=\"hidden\" name=\"_wpcf7_locale\" value=\"es_ES\" \/><input type=\"hidden\" name=\"_wpcf7_unit_tag\" value=\"wpcf7-f3337-o1\" \/><input type=\"hidden\" name=\"_wpcf7_container_post\" value=\"0\" \/><input type=\"hidden\" name=\"_wpcf7_posted_data_hash\" value=\"\" \/>\n<\/fieldset>\n<p><label> Nombre y apellido:<br \/>\n<span class=\"wpcf7-form-control-wrap\" data-name=\"your-name\"><input size=\"40\" maxlength=\"400\" class=\"wpcf7-form-control wpcf7-text wpcf7-validates-as-required\" autocomplete=\"name\" aria-required=\"true\" aria-invalid=\"false\" value=\"\" type=\"text\" name=\"your-name\" \/><\/span> <\/label>\n<\/p>\n<p><label> Edad:<br \/>\n<span class=\"wpcf7-form-control-wrap\" data-name=\"su-edad\"><input size=\"40\" maxlength=\"400\" class=\"wpcf7-form-control wpcf7-text wpcf7-validates-as-required\" aria-required=\"true\" aria-invalid=\"false\" value=\"\" type=\"text\" name=\"su-edad\" \/><\/span> <\/label>\n<\/p>\n<p><label> Su correo electr\u00f3nico<br \/>\n<span class=\"wpcf7-form-control-wrap\" data-name=\"your-email\"><input size=\"40\" maxlength=\"400\" class=\"wpcf7-form-control wpcf7-email wpcf7-validates-as-required wpcf7-text wpcf7-validates-as-email\" autocomplete=\"email\" aria-required=\"true\" aria-invalid=\"false\" value=\"\" type=\"email\" name=\"your-email\" \/><\/span> <\/label>\n<\/p>\n<p><label> Lugar de residencia:<br \/>\n<span class=\"wpcf7-form-control-wrap\" data-name=\"su-lugar\"><input size=\"40\" maxlength=\"400\" class=\"wpcf7-form-control wpcf7-text wpcf7-validates-as-required\" aria-required=\"true\" aria-invalid=\"false\" value=\"\" type=\"text\" name=\"su-lugar\" \/><\/span> <\/label>\n<\/p>\n<p><input class=\"wpcf7-form-control wpcf7-submit has-spinner\" type=\"submit\" value=\"Enviar\" \/>\n<\/p><p style=\"display: none !important;\" class=\"akismet-fields-container\" data-prefix=\"_wpcf7_ak_\"><label>&#916;<textarea name=\"_wpcf7_ak_hp_textarea\" cols=\"45\" rows=\"8\" maxlength=\"100\"><\/textarea><\/label><input type=\"hidden\" id=\"ak_js_1\" name=\"_wpcf7_ak_js\" value=\"160\"\/><script>document.getElementById( \"ak_js_1\" ).setAttribute( \"value\", ( new Date() ).getTime() );<\/script><\/p><div class=\"wpcf7-response-output\" aria-hidden=\"true\"><\/div>\n<\/form>\n<\/div>\n\n<hr \/>\n<p><strong>\u00a1\u00a1UN NUEVO LIBRO DE OBSEQUIO PARA NUESTROS VISITANTES!!<br \/>\n<img decoding=\"async\" class=\"alignleft size-full wp-image-3451\" src=\"https:\/\/jardindelasalmas.com\/web\/wp-content\/uploads\/2023\/04\/rebe.jpg\" alt=\"\" width=\"180\" height=\"180\" srcset=\"https:\/\/jardindelasalmas.com\/web\/wp-content\/uploads\/2023\/04\/rebe.jpg 180w, https:\/\/jardindelasalmas.com\/web\/wp-content\/uploads\/2023\/04\/rebe-150x150.jpg 150w, https:\/\/jardindelasalmas.com\/web\/wp-content\/uploads\/2023\/04\/rebe-100x100.jpg 100w, https:\/\/jardindelasalmas.com\/web\/wp-content\/uploads\/2023\/04\/rebe-48x48.jpg 48w\" sizes=\"(max-width: 180px) 100vw, 180px\" \/><\/strong><\/p>\n<p>&nbsp;<\/p>\n<p>&nbsp;<\/p>\n<p>EL REBE NAJM\u00c1N Y T\u00da<\/p>\n<p>Una vez m\u00e1s, gracias a la generosidad del Breslov Research Institute, te ofrecemos en forma gratuita una selecci\u00f3n de cap\u00edtulos del libro \u201cEl Rebe Najm\u00e1n\u00a0 y t\u00fa\u201d, escrito por Ja\u00edm Kremer. All\u00ed el autor \u00a0explica con palabras simples muchas de ense\u00f1anzas e ideas que tienen\u00a0 enorme relevancia pr\u00e1ctica para nuestras vidas, como son la alegr\u00eda, la paz, aprender a buscar los puntos buenos, defender la verdad y poder reconocer los puntos buenos.<\/p>\n<p>El Rebe es el mentor y gu\u00eda espiritual que comprende las inclinaciones humanas y alienta a la persona para seguir creciendo y mejorando a partir de la alegr\u00eda, la simpleza y la fe.<\/p>\n<p><strong>Para solicitar su copia del libro en formato PDF<br \/>\ncomplete el siguiente formulario:<\/strong><\/p>\n\n<div class=\"wpcf7 no-js\" id=\"wpcf7-f3452-o2\" lang=\"es-ES\" dir=\"ltr\" data-wpcf7-id=\"3452\">\n<div class=\"screen-reader-response\"><p role=\"status\" aria-live=\"polite\" aria-atomic=\"true\"><\/p> <ul><\/ul><\/div>\n<form action=\"\/web\/wp-json\/wp\/v2\/pages\/2290#wpcf7-f3452-o2\" method=\"post\" class=\"wpcf7-form init\" aria-label=\"Formulario de contacto\" novalidate=\"novalidate\" data-status=\"init\">\n<fieldset class=\"hidden-fields-container\"><input type=\"hidden\" name=\"_wpcf7\" value=\"3452\" \/><input type=\"hidden\" name=\"_wpcf7_version\" value=\"6.1.5\" \/><input type=\"hidden\" name=\"_wpcf7_locale\" value=\"es_ES\" \/><input type=\"hidden\" name=\"_wpcf7_unit_tag\" value=\"wpcf7-f3452-o2\" \/><input type=\"hidden\" name=\"_wpcf7_container_post\" value=\"0\" \/><input type=\"hidden\" name=\"_wpcf7_posted_data_hash\" value=\"\" \/>\n<\/fieldset>\n<p><label> Nombre y apellido:<br \/>\n<span class=\"wpcf7-form-control-wrap\" data-name=\"your-name\"><input size=\"40\" maxlength=\"400\" class=\"wpcf7-form-control wpcf7-text wpcf7-validates-as-required\" autocomplete=\"name\" aria-required=\"true\" aria-invalid=\"false\" value=\"\" type=\"text\" name=\"your-name\" \/><\/span> <\/label>\n<\/p>\n<p><label> Edad:<br \/>\n<span class=\"wpcf7-form-control-wrap\" data-name=\"su-edad\"><input size=\"40\" maxlength=\"400\" class=\"wpcf7-form-control wpcf7-text wpcf7-validates-as-required\" aria-required=\"true\" aria-invalid=\"false\" value=\"\" type=\"text\" name=\"su-edad\" \/><\/span> <\/label>\n<\/p>\n<p><label> Su correo electr\u00f3nico<br \/>\n<span class=\"wpcf7-form-control-wrap\" data-name=\"your-email\"><input size=\"40\" maxlength=\"400\" class=\"wpcf7-form-control wpcf7-email wpcf7-validates-as-required wpcf7-text wpcf7-validates-as-email\" autocomplete=\"email\" aria-required=\"true\" aria-invalid=\"false\" value=\"\" type=\"email\" name=\"your-email\" \/><\/span> <\/label>\n<\/p>\n<p><label> Lugar de residencia:<br \/>\n<span class=\"wpcf7-form-control-wrap\" data-name=\"su-lugar\"><input size=\"40\" maxlength=\"400\" class=\"wpcf7-form-control wpcf7-text wpcf7-validates-as-required\" aria-required=\"true\" aria-invalid=\"false\" value=\"\" type=\"text\" name=\"su-lugar\" \/><\/span> <\/label>\n<\/p>\n<p><input class=\"wpcf7-form-control wpcf7-submit has-spinner\" type=\"submit\" value=\"Enviar\" \/>\n<\/p><p style=\"display: none !important;\" class=\"akismet-fields-container\" data-prefix=\"_wpcf7_ak_\"><label>&#916;<textarea name=\"_wpcf7_ak_hp_textarea\" cols=\"45\" rows=\"8\" maxlength=\"100\"><\/textarea><\/label><input type=\"hidden\" id=\"ak_js_2\" name=\"_wpcf7_ak_js\" value=\"55\"\/><script>document.getElementById( \"ak_js_2\" ).setAttribute( \"value\", ( new Date() ).getTime() );<\/script><\/p><div class=\"wpcf7-response-output\" aria-hidden=\"true\"><\/div>\n<\/form>\n<\/div>\n\n<hr \/>\n<p>&nbsp;<\/p>\n","protected":false},"excerpt":{"rendered":"<p>Libros para empezar a conocer mejor tu alma Los libros son de dos tipos: &#8211; Textos de estudio: Sirven para conocer desde su mismas fuentes cu\u00e1les son los fundamentos de lo que se afirma en las Visitas Guiadas. El Zohar y la Biblia Hebrea se abren para que podamos bucear en sus cientos de historias [&hellip;]<\/p>\n","protected":false},"author":1,"featured_media":0,"parent":0,"menu_order":0,"comment_status":"open","ping_status":"open","template":"","meta":{"footnotes":""},"class_list":["post-2290","page","type-page","status-publish","hentry"],"yoast_head":"<!-- This site is optimized with the Yoast SEO plugin v27.4 - https:\/\/yoast.com\/product\/yoast-seo-wordpress\/ -->\n<title>Un libro para empezar a conocer mejor\u00a0tu\u00a0alma<\/title>\n<meta name=\"description\" content=\"Un libro para empezar a conocer mejor\u00a0tu\u00a0alma c\u00f3mo sanar dolores del alma; c\u00f3mo sanar heridas del alma; c\u00f3mo sanar heridas del alma seg\u00fan la biblia\" \/>\n<meta name=\"robots\" content=\"index, follow, max-snippet:-1, max-image-preview:large, max-video-preview:-1\" \/>\n<link rel=\"canonical\" href=\"https:\/\/jardindelasalmas.com\/web\/libros\/\" \/>\n<meta property=\"og:locale\" content=\"es_ES\" \/>\n<meta property=\"og:type\" content=\"article\" \/>\n<meta property=\"og:title\" content=\"Un libro para empezar a conocer mejor\u00a0tu\u00a0alma\" \/>\n<meta property=\"og:description\" content=\"Un libro para empezar a conocer mejor\u00a0tu\u00a0alma c\u00f3mo sanar dolores del alma; c\u00f3mo sanar heridas del alma; c\u00f3mo sanar heridas del alma seg\u00fan la biblia\" \/>\n<meta property=\"og:url\" content=\"https:\/\/jardindelasalmas.com\/web\/libros\/\" \/>\n<meta property=\"og:site_name\" content=\"Visita guiada al Jard\u00edn de las Almas\" \/>\n<meta property=\"article:publisher\" content=\"https:\/\/www.facebook.com\/profile.php?id=100090224005995\" \/>\n<meta property=\"article:modified_time\" content=\"2023-08-11T23:31:44+00:00\" \/>\n<meta property=\"og:image\" content=\"https:\/\/jardindelasalmas.com\/web\/wp-content\/uploads\/2022\/11\/libros.jpg\" \/>\n<meta name=\"twitter:card\" content=\"summary_large_image\" \/>\n<meta name=\"twitter:label1\" content=\"Tiempo de lectura\" \/>\n\t<meta name=\"twitter:data1\" content=\"3 minutos\" \/>\n<script type=\"application\/ld+json\" class=\"yoast-schema-graph\">{\"@context\":\"https:\\\/\\\/schema.org\",\"@graph\":[{\"@type\":\"WebPage\",\"@id\":\"https:\\\/\\\/jardindelasalmas.com\\\/web\\\/libros\\\/\",\"url\":\"https:\\\/\\\/jardindelasalmas.com\\\/web\\\/libros\\\/\",\"name\":\"Un libro para empezar a conocer mejor\u00a0tu\u00a0alma\",\"isPartOf\":{\"@id\":\"https:\\\/\\\/jardindelasalmas.com\\\/web\\\/#website\"},\"primaryImageOfPage\":{\"@id\":\"https:\\\/\\\/jardindelasalmas.com\\\/web\\\/libros\\\/#primaryimage\"},\"image\":{\"@id\":\"https:\\\/\\\/jardindelasalmas.com\\\/web\\\/libros\\\/#primaryimage\"},\"thumbnailUrl\":\"https:\\\/\\\/jardindelasalmas.com\\\/web\\\/wp-content\\\/uploads\\\/2022\\\/11\\\/libros.jpg\",\"datePublished\":\"2022-11-14T04:10:28+00:00\",\"dateModified\":\"2023-08-11T23:31:44+00:00\",\"description\":\"Un libro para empezar a conocer mejor\u00a0tu\u00a0alma c\u00f3mo sanar dolores del alma; c\u00f3mo sanar heridas del alma; c\u00f3mo sanar heridas del alma seg\u00fan la biblia\",\"breadcrumb\":{\"@id\":\"https:\\\/\\\/jardindelasalmas.com\\\/web\\\/libros\\\/#breadcrumb\"},\"inLanguage\":\"es\",\"potentialAction\":[{\"@type\":\"ReadAction\",\"target\":[\"https:\\\/\\\/jardindelasalmas.com\\\/web\\\/libros\\\/\"]}]},{\"@type\":\"ImageObject\",\"inLanguage\":\"es\",\"@id\":\"https:\\\/\\\/jardindelasalmas.com\\\/web\\\/libros\\\/#primaryimage\",\"url\":\"https:\\\/\\\/jardindelasalmas.com\\\/web\\\/wp-content\\\/uploads\\\/2022\\\/11\\\/libros.jpg\",\"contentUrl\":\"https:\\\/\\\/jardindelasalmas.com\\\/web\\\/wp-content\\\/uploads\\\/2022\\\/11\\\/libros.jpg\",\"width\":1920,\"height\":629},{\"@type\":\"BreadcrumbList\",\"@id\":\"https:\\\/\\\/jardindelasalmas.com\\\/web\\\/libros\\\/#breadcrumb\",\"itemListElement\":[{\"@type\":\"ListItem\",\"position\":1,\"name\":\"Portada\",\"item\":\"https:\\\/\\\/jardindelasalmas.com\\\/web\\\/\"},{\"@type\":\"ListItem\",\"position\":2,\"name\":\"Libros\"}]},{\"@type\":\"WebSite\",\"@id\":\"https:\\\/\\\/jardindelasalmas.com\\\/web\\\/#website\",\"url\":\"https:\\\/\\\/jardindelasalmas.com\\\/web\\\/\",\"name\":\"Visita guiada al Jard\u00edn de las Almas\",\"description\":\"podcast + cursos\",\"publisher\":{\"@id\":\"https:\\\/\\\/jardindelasalmas.com\\\/web\\\/#\\\/schema\\\/person\\\/082637eaa66432090856e2beebef5d5f\"},\"potentialAction\":[{\"@type\":\"SearchAction\",\"target\":{\"@type\":\"EntryPoint\",\"urlTemplate\":\"https:\\\/\\\/jardindelasalmas.com\\\/web\\\/?s={search_term_string}\"},\"query-input\":{\"@type\":\"PropertyValueSpecification\",\"valueRequired\":true,\"valueName\":\"search_term_string\"}}],\"inLanguage\":\"es\"},{\"@type\":[\"Person\",\"Organization\"],\"@id\":\"https:\\\/\\\/jardindelasalmas.com\\\/web\\\/#\\\/schema\\\/person\\\/082637eaa66432090856e2beebef5d5f\",\"name\":\"Daniel Schulman\",\"image\":{\"@type\":\"ImageObject\",\"inLanguage\":\"es\",\"@id\":\"https:\\\/\\\/jardindelasalmas.com\\\/web\\\/wp-content\\\/uploads\\\/2022\\\/11\\\/cropped-favicon_512px.jpg\",\"url\":\"https:\\\/\\\/jardindelasalmas.com\\\/web\\\/wp-content\\\/uploads\\\/2022\\\/11\\\/cropped-favicon_512px.jpg\",\"contentUrl\":\"https:\\\/\\\/jardindelasalmas.com\\\/web\\\/wp-content\\\/uploads\\\/2022\\\/11\\\/cropped-favicon_512px.jpg\",\"width\":512,\"height\":512,\"caption\":\"Daniel Schulman\"},\"logo\":{\"@id\":\"https:\\\/\\\/jardindelasalmas.com\\\/web\\\/wp-content\\\/uploads\\\/2022\\\/11\\\/cropped-favicon_512px.jpg\"},\"sameAs\":[\"https:\\\/\\\/jardindelasalmas.com\\\/\",\"https:\\\/\\\/www.facebook.com\\\/profile.php?id=100090224005995\",\"https:\\\/\\\/www.instagram.com\\\/jardindelasalmas\"]}]}<\/script>\n<!-- \/ Yoast SEO plugin. -->","yoast_head_json":{"title":"Un libro para empezar a conocer mejor\u00a0tu\u00a0alma","description":"Un libro para empezar a conocer mejor\u00a0tu\u00a0alma c\u00f3mo sanar dolores del alma; c\u00f3mo sanar heridas del alma; c\u00f3mo sanar heridas del alma seg\u00fan la biblia","robots":{"index":"index","follow":"follow","max-snippet":"max-snippet:-1","max-image-preview":"max-image-preview:large","max-video-preview":"max-video-preview:-1"},"canonical":"https:\/\/jardindelasalmas.com\/web\/libros\/","og_locale":"es_ES","og_type":"article","og_title":"Un libro para empezar a conocer mejor\u00a0tu\u00a0alma","og_description":"Un libro para empezar a conocer mejor\u00a0tu\u00a0alma c\u00f3mo sanar dolores del alma; c\u00f3mo sanar heridas del alma; c\u00f3mo sanar heridas del alma seg\u00fan la biblia","og_url":"https:\/\/jardindelasalmas.com\/web\/libros\/","og_site_name":"Visita guiada al Jard\u00edn de las Almas","article_publisher":"https:\/\/www.facebook.com\/profile.php?id=100090224005995","article_modified_time":"2023-08-11T23:31:44+00:00","og_image":[{"url":"https:\/\/jardindelasalmas.com\/web\/wp-content\/uploads\/2022\/11\/libros.jpg","type":"","width":"","height":""}],"twitter_card":"summary_large_image","twitter_misc":{"Tiempo de lectura":"3 minutos"},"schema":{"@context":"https:\/\/schema.org","@graph":[{"@type":"WebPage","@id":"https:\/\/jardindelasalmas.com\/web\/libros\/","url":"https:\/\/jardindelasalmas.com\/web\/libros\/","name":"Un libro para empezar a conocer mejor\u00a0tu\u00a0alma","isPartOf":{"@id":"https:\/\/jardindelasalmas.com\/web\/#website"},"primaryImageOfPage":{"@id":"https:\/\/jardindelasalmas.com\/web\/libros\/#primaryimage"},"image":{"@id":"https:\/\/jardindelasalmas.com\/web\/libros\/#primaryimage"},"thumbnailUrl":"https:\/\/jardindelasalmas.com\/web\/wp-content\/uploads\/2022\/11\/libros.jpg","datePublished":"2022-11-14T04:10:28+00:00","dateModified":"2023-08-11T23:31:44+00:00","description":"Un libro para empezar a conocer mejor\u00a0tu\u00a0alma c\u00f3mo sanar dolores del alma; c\u00f3mo sanar heridas del alma; c\u00f3mo sanar heridas del alma seg\u00fan la biblia","breadcrumb":{"@id":"https:\/\/jardindelasalmas.com\/web\/libros\/#breadcrumb"},"inLanguage":"es","potentialAction":[{"@type":"ReadAction","target":["https:\/\/jardindelasalmas.com\/web\/libros\/"]}]},{"@type":"ImageObject","inLanguage":"es","@id":"https:\/\/jardindelasalmas.com\/web\/libros\/#primaryimage","url":"https:\/\/jardindelasalmas.com\/web\/wp-content\/uploads\/2022\/11\/libros.jpg","contentUrl":"https:\/\/jardindelasalmas.com\/web\/wp-content\/uploads\/2022\/11\/libros.jpg","width":1920,"height":629},{"@type":"BreadcrumbList","@id":"https:\/\/jardindelasalmas.com\/web\/libros\/#breadcrumb","itemListElement":[{"@type":"ListItem","position":1,"name":"Portada","item":"https:\/\/jardindelasalmas.com\/web\/"},{"@type":"ListItem","position":2,"name":"Libros"}]},{"@type":"WebSite","@id":"https:\/\/jardindelasalmas.com\/web\/#website","url":"https:\/\/jardindelasalmas.com\/web\/","name":"Visita guiada al Jard\u00edn de las Almas","description":"podcast + cursos","publisher":{"@id":"https:\/\/jardindelasalmas.com\/web\/#\/schema\/person\/082637eaa66432090856e2beebef5d5f"},"potentialAction":[{"@type":"SearchAction","target":{"@type":"EntryPoint","urlTemplate":"https:\/\/jardindelasalmas.com\/web\/?s={search_term_string}"},"query-input":{"@type":"PropertyValueSpecification","valueRequired":true,"valueName":"search_term_string"}}],"inLanguage":"es"},{"@type":["Person","Organization"],"@id":"https:\/\/jardindelasalmas.com\/web\/#\/schema\/person\/082637eaa66432090856e2beebef5d5f","name":"Daniel Schulman","image":{"@type":"ImageObject","inLanguage":"es","@id":"https:\/\/jardindelasalmas.com\/web\/wp-content\/uploads\/2022\/11\/cropped-favicon_512px.jpg","url":"https:\/\/jardindelasalmas.com\/web\/wp-content\/uploads\/2022\/11\/cropped-favicon_512px.jpg","contentUrl":"https:\/\/jardindelasalmas.com\/web\/wp-content\/uploads\/2022\/11\/cropped-favicon_512px.jpg","width":512,"height":512,"caption":"Daniel Schulman"},"logo":{"@id":"https:\/\/jardindelasalmas.com\/web\/wp-content\/uploads\/2022\/11\/cropped-favicon_512px.jpg"},"sameAs":["https:\/\/jardindelasalmas.com\/","https:\/\/www.facebook.com\/profile.php?id=100090224005995","https:\/\/www.instagram.com\/jardindelasalmas"]}]}},"_links":{"self":[{"href":"https:\/\/jardindelasalmas.com\/web\/wp-json\/wp\/v2\/pages\/2290","targetHints":{"allow":["GET"]}}],"collection":[{"href":"https:\/\/jardindelasalmas.com\/web\/wp-json\/wp\/v2\/pages"}],"about":[{"href":"https:\/\/jardindelasalmas.com\/web\/wp-json\/wp\/v2\/types\/page"}],"author":[{"embeddable":true,"href":"https:\/\/jardindelasalmas.com\/web\/wp-json\/wp\/v2\/users\/1"}],"replies":[{"embeddable":true,"href":"https:\/\/jardindelasalmas.com\/web\/wp-json\/wp\/v2\/comments?post=2290"}],"version-history":[{"count":10,"href":"https:\/\/jardindelasalmas.com\/web\/wp-json\/wp\/v2\/pages\/2290\/revisions"}],"predecessor-version":[{"id":3699,"href":"https:\/\/jardindelasalmas.com\/web\/wp-json\/wp\/v2\/pages\/2290\/revisions\/3699"}],"wp:attachment":[{"href":"https:\/\/jardindelasalmas.com\/web\/wp-json\/wp\/v2\/media?parent=2290"}],"curies":[{"name":"wp","href":"https:\/\/api.w.org\/{rel}","templated":true}]}}