{"id":2128,"date":"2022-02-25T03:59:20","date_gmt":"2022-02-25T03:59:20","guid":{"rendered":"https:\/\/jardindelasalmas.com\/web\/?page_id=2128"},"modified":"2023-03-02T00:39:12","modified_gmt":"2023-03-02T00:39:12","slug":"charlas-cursos-y-talleres","status":"publish","type":"page","link":"https:\/\/jardindelasalmas.com\/web\/charlas-cursos-y-talleres\/","title":{"rendered":"Charlas, cursos y talleres"},"content":{"rendered":"<p><img fetchpriority=\"high\" decoding=\"async\" class=\"aligncenter wp-image-2527 size-full\" src=\"https:\/\/jardindelasalmas.com\/web\/wp-content\/uploads\/2022\/12\/cursos.jpg\" alt=\"\" width=\"1920\" height=\"629\" srcset=\"https:\/\/jardindelasalmas.com\/web\/wp-content\/uploads\/2022\/12\/cursos.jpg 1920w, https:\/\/jardindelasalmas.com\/web\/wp-content\/uploads\/2022\/12\/cursos-300x98.jpg 300w, https:\/\/jardindelasalmas.com\/web\/wp-content\/uploads\/2022\/12\/cursos-1024x335.jpg 1024w, https:\/\/jardindelasalmas.com\/web\/wp-content\/uploads\/2022\/12\/cursos-768x252.jpg 768w, https:\/\/jardindelasalmas.com\/web\/wp-content\/uploads\/2022\/12\/cursos-1536x503.jpg 1536w, https:\/\/jardindelasalmas.com\/web\/wp-content\/uploads\/2022\/12\/cursos-470x154.jpg 470w\" sizes=\"(max-width: 1920px) 100vw, 1920px\" \/><br \/>\n<strong>Estos formatos de trabajo est\u00e1n dirigidos a aquellas personas que quieren seguir profundizando en el estudio del Zohar y la Cabal\u00e1.<\/strong><\/p>\n<p>Las charlas permiten abordar con mayor amplitud algunos de los temas que se desarrollan en los podcast y las publicaciones. Tienen una duraci\u00f3n de dos horas.<\/p>\n<p>Los cursos est\u00e1n organizados en m\u00f3dulos de complejidad creciente. En ellos se combinan momentos expositivos con espacios de reflexi\u00f3n en peque\u00f1os grupos e individuales. Tienen una duraci\u00f3n de 8 horas.<\/p>\n<p>Los talleres son encuentros dirigidos a un n\u00famero limitado de participantes en los que se utilizan diversas herramientas y actividades para favorecer el aprendizaje activo de cuestiones espirituales.<\/p>\n<p><strong>Tienen una duraci\u00f3n de 16 horas.<\/strong><\/p>\n<p>Tanto las charlas como los cursos y talleres se imparten en forma presencial o virtual.<\/p>\n<p><strong>Los temarios y las fechas aparecer\u00e1n publicadas en el Blog de nuestro sitio.<\/strong><\/p>\n","protected":false},"excerpt":{"rendered":"<p>Estos formatos de trabajo est\u00e1n dirigidos a aquellas personas que quieren seguir profundizando en el estudio del Zohar y la Cabal\u00e1. Las charlas permiten abordar con mayor amplitud algunos de los temas que se desarrollan en los podcast y las publicaciones. Tienen una duraci\u00f3n de dos horas. Los cursos est\u00e1n organizados en m\u00f3dulos de complejidad [&hellip;]<\/p>\n","protected":false},"author":1,"featured_media":0,"parent":0,"menu_order":0,"comment_status":"closed","ping_status":"closed","template":"","meta":{"footnotes":""},"class_list":["post-2128","page","type-page","status-publish","hentry"],"yoast_head":"<!-- This site is optimized with the Yoast SEO plugin v27.4 - https:\/\/yoast.com\/product\/yoast-seo-wordpress\/ -->\n<title>Charlas, cursos y talleres - Visita guiada al Jard\u00edn de las Almas<\/title>\n<meta name=\"robots\" content=\"index, follow, max-snippet:-1, max-image-preview:large, max-video-preview:-1\" \/>\n<link rel=\"canonical\" href=\"https:\/\/jardindelasalmas.com\/web\/charlas-cursos-y-talleres\/\" \/>\n<meta property=\"og:locale\" content=\"es_ES\" \/>\n<meta property=\"og:type\" content=\"article\" \/>\n<meta property=\"og:title\" content=\"Charlas, cursos y talleres - Visita guiada al Jard\u00edn de las Almas\" \/>\n<meta property=\"og:description\" content=\"Estos formatos de trabajo est\u00e1n dirigidos a aquellas personas que quieren seguir profundizando en el estudio del Zohar y la Cabal\u00e1. Las charlas permiten abordar con mayor amplitud algunos de los temas que se desarrollan en los podcast y las publicaciones. Tienen una duraci\u00f3n de dos horas. Los cursos est\u00e1n organizados en m\u00f3dulos de complejidad [&hellip;]\" \/>\n<meta property=\"og:url\" content=\"https:\/\/jardindelasalmas.com\/web\/charlas-cursos-y-talleres\/\" \/>\n<meta property=\"og:site_name\" content=\"Visita guiada al Jard\u00edn de las Almas\" \/>\n<meta property=\"article:publisher\" content=\"https:\/\/www.facebook.com\/profile.php?id=100090224005995\" \/>\n<meta property=\"article:modified_time\" content=\"2023-03-02T00:39:12+00:00\" \/>\n<meta property=\"og:image\" content=\"https:\/\/jardindelasalmas.com\/web\/wp-content\/uploads\/2022\/12\/cursos.jpg\" \/>\n<meta name=\"twitter:card\" content=\"summary_large_image\" \/>\n<meta name=\"twitter:label1\" content=\"Tiempo de lectura\" \/>\n\t<meta name=\"twitter:data1\" content=\"1 minuto\" \/>\n<script type=\"application\/ld+json\" class=\"yoast-schema-graph\">{\"@context\":\"https:\\\/\\\/schema.org\",\"@graph\":[{\"@type\":\"WebPage\",\"@id\":\"https:\\\/\\\/jardindelasalmas.com\\\/web\\\/charlas-cursos-y-talleres\\\/\",\"url\":\"https:\\\/\\\/jardindelasalmas.com\\\/web\\\/charlas-cursos-y-talleres\\\/\",\"name\":\"Charlas, cursos y talleres - Visita guiada al Jard\u00edn de las Almas\",\"isPartOf\":{\"@id\":\"https:\\\/\\\/jardindelasalmas.com\\\/web\\\/#website\"},\"primaryImageOfPage\":{\"@id\":\"https:\\\/\\\/jardindelasalmas.com\\\/web\\\/charlas-cursos-y-talleres\\\/#primaryimage\"},\"image\":{\"@id\":\"https:\\\/\\\/jardindelasalmas.com\\\/web\\\/charlas-cursos-y-talleres\\\/#primaryimage\"},\"thumbnailUrl\":\"https:\\\/\\\/jardindelasalmas.com\\\/web\\\/wp-content\\\/uploads\\\/2022\\\/12\\\/cursos.jpg\",\"datePublished\":\"2022-02-25T03:59:20+00:00\",\"dateModified\":\"2023-03-02T00:39:12+00:00\",\"breadcrumb\":{\"@id\":\"https:\\\/\\\/jardindelasalmas.com\\\/web\\\/charlas-cursos-y-talleres\\\/#breadcrumb\"},\"inLanguage\":\"es\",\"potentialAction\":[{\"@type\":\"ReadAction\",\"target\":[\"https:\\\/\\\/jardindelasalmas.com\\\/web\\\/charlas-cursos-y-talleres\\\/\"]}]},{\"@type\":\"ImageObject\",\"inLanguage\":\"es\",\"@id\":\"https:\\\/\\\/jardindelasalmas.com\\\/web\\\/charlas-cursos-y-talleres\\\/#primaryimage\",\"url\":\"https:\\\/\\\/jardindelasalmas.com\\\/web\\\/wp-content\\\/uploads\\\/2022\\\/12\\\/cursos.jpg\",\"contentUrl\":\"https:\\\/\\\/jardindelasalmas.com\\\/web\\\/wp-content\\\/uploads\\\/2022\\\/12\\\/cursos.jpg\",\"width\":1920,\"height\":629},{\"@type\":\"BreadcrumbList\",\"@id\":\"https:\\\/\\\/jardindelasalmas.com\\\/web\\\/charlas-cursos-y-talleres\\\/#breadcrumb\",\"itemListElement\":[{\"@type\":\"ListItem\",\"position\":1,\"name\":\"Portada\",\"item\":\"https:\\\/\\\/jardindelasalmas.com\\\/web\\\/\"},{\"@type\":\"ListItem\",\"position\":2,\"name\":\"Charlas, cursos y talleres\"}]},{\"@type\":\"WebSite\",\"@id\":\"https:\\\/\\\/jardindelasalmas.com\\\/web\\\/#website\",\"url\":\"https:\\\/\\\/jardindelasalmas.com\\\/web\\\/\",\"name\":\"Visita guiada al Jard\u00edn de las Almas\",\"description\":\"podcast + cursos\",\"publisher\":{\"@id\":\"https:\\\/\\\/jardindelasalmas.com\\\/web\\\/#\\\/schema\\\/person\\\/082637eaa66432090856e2beebef5d5f\"},\"potentialAction\":[{\"@type\":\"SearchAction\",\"target\":{\"@type\":\"EntryPoint\",\"urlTemplate\":\"https:\\\/\\\/jardindelasalmas.com\\\/web\\\/?s={search_term_string}\"},\"query-input\":{\"@type\":\"PropertyValueSpecification\",\"valueRequired\":true,\"valueName\":\"search_term_string\"}}],\"inLanguage\":\"es\"},{\"@type\":[\"Person\",\"Organization\"],\"@id\":\"https:\\\/\\\/jardindelasalmas.com\\\/web\\\/#\\\/schema\\\/person\\\/082637eaa66432090856e2beebef5d5f\",\"name\":\"Daniel Schulman\",\"image\":{\"@type\":\"ImageObject\",\"inLanguage\":\"es\",\"@id\":\"https:\\\/\\\/jardindelasalmas.com\\\/web\\\/wp-content\\\/uploads\\\/2022\\\/11\\\/cropped-favicon_512px.jpg\",\"url\":\"https:\\\/\\\/jardindelasalmas.com\\\/web\\\/wp-content\\\/uploads\\\/2022\\\/11\\\/cropped-favicon_512px.jpg\",\"contentUrl\":\"https:\\\/\\\/jardindelasalmas.com\\\/web\\\/wp-content\\\/uploads\\\/2022\\\/11\\\/cropped-favicon_512px.jpg\",\"width\":512,\"height\":512,\"caption\":\"Daniel Schulman\"},\"logo\":{\"@id\":\"https:\\\/\\\/jardindelasalmas.com\\\/web\\\/wp-content\\\/uploads\\\/2022\\\/11\\\/cropped-favicon_512px.jpg\"},\"sameAs\":[\"https:\\\/\\\/jardindelasalmas.com\\\/\",\"https:\\\/\\\/www.facebook.com\\\/profile.php?id=100090224005995\",\"https:\\\/\\\/www.instagram.com\\\/jardindelasalmas\"]}]}<\/script>\n<!-- \/ Yoast SEO plugin. -->","yoast_head_json":{"title":"Charlas, cursos y talleres - Visita guiada al Jard\u00edn de las Almas","robots":{"index":"index","follow":"follow","max-snippet":"max-snippet:-1","max-image-preview":"max-image-preview:large","max-video-preview":"max-video-preview:-1"},"canonical":"https:\/\/jardindelasalmas.com\/web\/charlas-cursos-y-talleres\/","og_locale":"es_ES","og_type":"article","og_title":"Charlas, cursos y talleres - Visita guiada al Jard\u00edn de las Almas","og_description":"Estos formatos de trabajo est\u00e1n dirigidos a aquellas personas que quieren seguir profundizando en el estudio del Zohar y la Cabal\u00e1. Las charlas permiten abordar con mayor amplitud algunos de los temas que se desarrollan en los podcast y las publicaciones. Tienen una duraci\u00f3n de dos horas. Los cursos est\u00e1n organizados en m\u00f3dulos de complejidad [&hellip;]","og_url":"https:\/\/jardindelasalmas.com\/web\/charlas-cursos-y-talleres\/","og_site_name":"Visita guiada al Jard\u00edn de las Almas","article_publisher":"https:\/\/www.facebook.com\/profile.php?id=100090224005995","article_modified_time":"2023-03-02T00:39:12+00:00","og_image":[{"url":"https:\/\/jardindelasalmas.com\/web\/wp-content\/uploads\/2022\/12\/cursos.jpg","type":"","width":"","height":""}],"twitter_card":"summary_large_image","twitter_misc":{"Tiempo de lectura":"1 minuto"},"schema":{"@context":"https:\/\/schema.org","@graph":[{"@type":"WebPage","@id":"https:\/\/jardindelasalmas.com\/web\/charlas-cursos-y-talleres\/","url":"https:\/\/jardindelasalmas.com\/web\/charlas-cursos-y-talleres\/","name":"Charlas, cursos y talleres - Visita guiada al Jard\u00edn de las Almas","isPartOf":{"@id":"https:\/\/jardindelasalmas.com\/web\/#website"},"primaryImageOfPage":{"@id":"https:\/\/jardindelasalmas.com\/web\/charlas-cursos-y-talleres\/#primaryimage"},"image":{"@id":"https:\/\/jardindelasalmas.com\/web\/charlas-cursos-y-talleres\/#primaryimage"},"thumbnailUrl":"https:\/\/jardindelasalmas.com\/web\/wp-content\/uploads\/2022\/12\/cursos.jpg","datePublished":"2022-02-25T03:59:20+00:00","dateModified":"2023-03-02T00:39:12+00:00","breadcrumb":{"@id":"https:\/\/jardindelasalmas.com\/web\/charlas-cursos-y-talleres\/#breadcrumb"},"inLanguage":"es","potentialAction":[{"@type":"ReadAction","target":["https:\/\/jardindelasalmas.com\/web\/charlas-cursos-y-talleres\/"]}]},{"@type":"ImageObject","inLanguage":"es","@id":"https:\/\/jardindelasalmas.com\/web\/charlas-cursos-y-talleres\/#primaryimage","url":"https:\/\/jardindelasalmas.com\/web\/wp-content\/uploads\/2022\/12\/cursos.jpg","contentUrl":"https:\/\/jardindelasalmas.com\/web\/wp-content\/uploads\/2022\/12\/cursos.jpg","width":1920,"height":629},{"@type":"BreadcrumbList","@id":"https:\/\/jardindelasalmas.com\/web\/charlas-cursos-y-talleres\/#breadcrumb","itemListElement":[{"@type":"ListItem","position":1,"name":"Portada","item":"https:\/\/jardindelasalmas.com\/web\/"},{"@type":"ListItem","position":2,"name":"Charlas, cursos y talleres"}]},{"@type":"WebSite","@id":"https:\/\/jardindelasalmas.com\/web\/#website","url":"https:\/\/jardindelasalmas.com\/web\/","name":"Visita guiada al Jard\u00edn de las Almas","description":"podcast + cursos","publisher":{"@id":"https:\/\/jardindelasalmas.com\/web\/#\/schema\/person\/082637eaa66432090856e2beebef5d5f"},"potentialAction":[{"@type":"SearchAction","target":{"@type":"EntryPoint","urlTemplate":"https:\/\/jardindelasalmas.com\/web\/?s={search_term_string}"},"query-input":{"@type":"PropertyValueSpecification","valueRequired":true,"valueName":"search_term_string"}}],"inLanguage":"es"},{"@type":["Person","Organization"],"@id":"https:\/\/jardindelasalmas.com\/web\/#\/schema\/person\/082637eaa66432090856e2beebef5d5f","name":"Daniel Schulman","image":{"@type":"ImageObject","inLanguage":"es","@id":"https:\/\/jardindelasalmas.com\/web\/wp-content\/uploads\/2022\/11\/cropped-favicon_512px.jpg","url":"https:\/\/jardindelasalmas.com\/web\/wp-content\/uploads\/2022\/11\/cropped-favicon_512px.jpg","contentUrl":"https:\/\/jardindelasalmas.com\/web\/wp-content\/uploads\/2022\/11\/cropped-favicon_512px.jpg","width":512,"height":512,"caption":"Daniel Schulman"},"logo":{"@id":"https:\/\/jardindelasalmas.com\/web\/wp-content\/uploads\/2022\/11\/cropped-favicon_512px.jpg"},"sameAs":["https:\/\/jardindelasalmas.com\/","https:\/\/www.facebook.com\/profile.php?id=100090224005995","https:\/\/www.instagram.com\/jardindelasalmas"]}]}},"_links":{"self":[{"href":"https:\/\/jardindelasalmas.com\/web\/wp-json\/wp\/v2\/pages\/2128","targetHints":{"allow":["GET"]}}],"collection":[{"href":"https:\/\/jardindelasalmas.com\/web\/wp-json\/wp\/v2\/pages"}],"about":[{"href":"https:\/\/jardindelasalmas.com\/web\/wp-json\/wp\/v2\/types\/page"}],"author":[{"embeddable":true,"href":"https:\/\/jardindelasalmas.com\/web\/wp-json\/wp\/v2\/users\/1"}],"replies":[{"embeddable":true,"href":"https:\/\/jardindelasalmas.com\/web\/wp-json\/wp\/v2\/comments?post=2128"}],"version-history":[{"count":9,"href":"https:\/\/jardindelasalmas.com\/web\/wp-json\/wp\/v2\/pages\/2128\/revisions"}],"predecessor-version":[{"id":2995,"href":"https:\/\/jardindelasalmas.com\/web\/wp-json\/wp\/v2\/pages\/2128\/revisions\/2995"}],"wp:attachment":[{"href":"https:\/\/jardindelasalmas.com\/web\/wp-json\/wp\/v2\/media?parent=2128"}],"curies":[{"name":"wp","href":"https:\/\/api.w.org\/{rel}","templated":true}]}}