{"id":2121,"date":"2022-02-25T03:35:12","date_gmt":"2022-02-25T03:35:12","guid":{"rendered":"https:\/\/jardindelasalmas.com\/web\/?page_id=2121"},"modified":"2023-08-11T21:33:40","modified_gmt":"2023-08-11T21:33:40","slug":"que-es-este-jardin","status":"publish","type":"page","link":"https:\/\/jardindelasalmas.com\/web\/que-es-este-jardin\/","title":{"rendered":"\u00bfQu\u00e9 es este Jard\u00edn?"},"content":{"rendered":"<p><img fetchpriority=\"high\" decoding=\"async\" class=\"aligncenter wp-image-2525 size-full\" src=\"https:\/\/jardindelasalmas.com\/web\/wp-content\/uploads\/2022\/12\/header1.jpg\" alt=\"sanaci\u00f3n del alma; c\u00f3mo sanar dolores del alma; c\u00f3mo sanar heridas del alma; c\u00f3mo sanar heridas del alma seg\u00fan la biblia; c\u00f3mo encontrar almas gemelas; liberaci\u00f3n; sanaci\u00f3n del alma iluminaci\u00f3n espiritual; camino espiritual; transformaci\u00f3n personal; sabidur\u00eda oculta; tradiciones espirituales; consciencia elevada; estudio espiritual\" width=\"1913\" height=\"629\" srcset=\"https:\/\/jardindelasalmas.com\/web\/wp-content\/uploads\/2022\/12\/header1.jpg 1913w, https:\/\/jardindelasalmas.com\/web\/wp-content\/uploads\/2022\/12\/header1-300x99.jpg 300w, https:\/\/jardindelasalmas.com\/web\/wp-content\/uploads\/2022\/12\/header1-1024x337.jpg 1024w, https:\/\/jardindelasalmas.com\/web\/wp-content\/uploads\/2022\/12\/header1-768x253.jpg 768w, https:\/\/jardindelasalmas.com\/web\/wp-content\/uploads\/2022\/12\/header1-1536x505.jpg 1536w, https:\/\/jardindelasalmas.com\/web\/wp-content\/uploads\/2022\/12\/header1-470x155.jpg 470w\" sizes=\"(max-width: 1913px) 100vw, 1913px\" \/><\/p>\n<p><strong>\u00bfQu\u00e9 es este Jard\u00edn? El Jard\u00edn de las Almas es un campo en el cual viven todas las almas que han existido, que existen y que existir\u00e1n en el Mundo que Viene.<\/strong><\/p>\n<p>En el Jard\u00edn encontramos \u00e1rboles enormes, que son las almas de los Tzadikim, los Justos. Ellos se ocupan de brindarle sustento espiritual al resto de las plantas y las flores, que son las almas que se encuentran all\u00ed en su proceso de correcci\u00f3n, que en Hebreo se dice \u2018Tik\u00fan\u2019.<\/p>\n<p>Mediante la correcci\u00f3n de nuestras almas contribuimos con el Tik\u00fan Olam, que significa \u2018Reparar el Universo y la Humanidad\u2019, para que reinen la paz, la felicidad y la armon\u00eda.<\/p>\n<p>Gracias a los escritos que nos han legado los estudiosos y sabios de la Cabal\u00e1 y el Zohar podemos acceder a los profundos misterios que tienen lugar en este Jard\u00edn. El Rebe Najm\u00e1n nos revel\u00f3 muchas ense\u00f1anzas valiosas y nos transmite un potente mensaje: \u201c\u00a1Nunca pierdan la esperanza!. No importa cu\u00e1n lejos se hayan extraviado, siempre es posible regresar al Jard\u00edn para encontarse con sus almas\u00a0verdaderas\u201d.<\/p>\n","protected":false},"excerpt":{"rendered":"<p>\u00bfQu\u00e9 es este Jard\u00edn? El Jard\u00edn de las Almas es un campo en el cual viven todas las almas que han existido, que existen y que existir\u00e1n en el Mundo que Viene. En el Jard\u00edn encontramos \u00e1rboles enormes, que son las almas de los Tzadikim, los Justos. Ellos se ocupan de brindarle sustento espiritual al [&hellip;]<\/p>\n","protected":false},"author":1,"featured_media":0,"parent":0,"menu_order":0,"comment_status":"closed","ping_status":"closed","template":"","meta":{"footnotes":""},"class_list":["post-2121","page","type-page","status-publish","hentry"],"yoast_head":"<!-- This site is optimized with the Yoast SEO plugin v27.4 - https:\/\/yoast.com\/product\/yoast-seo-wordpress\/ -->\n<title>\u00bfQu\u00e9 es este Jard\u00edn? - Visit\u00e1 guiada al Jard\u00edn de las Almas<\/title>\n<meta name=\"description\" content=\"\u00bfQu\u00e9 es este Jard\u00edn? sanaci\u00f3n del alma; c\u00f3mo sanar dolores del alma; c\u00f3mo sanar heridas del alma; c\u00f3mo sanar heridas del alma seg\u00fan la biblia\" \/>\n<meta name=\"robots\" content=\"index, follow, max-snippet:-1, max-image-preview:large, max-video-preview:-1\" \/>\n<link rel=\"canonical\" href=\"https:\/\/jardindelasalmas.com\/web\/que-es-este-jardin\/\" \/>\n<meta property=\"og:locale\" content=\"es_ES\" \/>\n<meta property=\"og:type\" content=\"article\" \/>\n<meta property=\"og:title\" content=\"Visita guiada al Jard\u00edn de las Almas\" \/>\n<meta property=\"og:description\" content=\"\u00bfQu\u00e9 es este Jard\u00edn? sanaci\u00f3n del alma; c\u00f3mo sanar dolores del alma; c\u00f3mo sanar heridas del alma; c\u00f3mo sanar heridas del alma seg\u00fan la biblia\" \/>\n<meta property=\"og:url\" content=\"https:\/\/jardindelasalmas.com\/web\/que-es-este-jardin\/\" \/>\n<meta property=\"og:site_name\" content=\"Visita guiada al Jard\u00edn de las Almas\" \/>\n<meta property=\"article:publisher\" content=\"https:\/\/www.facebook.com\/profile.php?id=100090224005995\" \/>\n<meta property=\"article:modified_time\" content=\"2023-08-11T21:33:40+00:00\" \/>\n<meta property=\"og:image\" content=\"https:\/\/jardindelasalmas.com\/web\/wp-content\/uploads\/2022\/12\/header1.jpg\" \/>\n<meta name=\"twitter:card\" content=\"summary_large_image\" \/>\n<meta name=\"twitter:label1\" content=\"Tiempo de lectura\" \/>\n\t<meta name=\"twitter:data1\" content=\"2 minutos\" \/>\n<script type=\"application\/ld+json\" class=\"yoast-schema-graph\">{\"@context\":\"https:\\\/\\\/schema.org\",\"@graph\":[{\"@type\":\"Article\",\"@id\":\"https:\\\/\\\/jardindelasalmas.com\\\/web\\\/que-es-este-jardin\\\/#article\",\"isPartOf\":{\"@id\":\"https:\\\/\\\/jardindelasalmas.com\\\/web\\\/que-es-este-jardin\\\/\"},\"author\":{\"name\":\"Daniel Schulman\",\"@id\":\"https:\\\/\\\/jardindelasalmas.com\\\/web\\\/#\\\/schema\\\/person\\\/fff163717c352ceebe648372dd0df981\"},\"headline\":\"\u00bfQu\u00e9 es este Jard\u00edn?\",\"datePublished\":\"2022-02-25T03:35:12+00:00\",\"dateModified\":\"2023-08-11T21:33:40+00:00\",\"mainEntityOfPage\":{\"@id\":\"https:\\\/\\\/jardindelasalmas.com\\\/web\\\/que-es-este-jardin\\\/\"},\"wordCount\":196,\"publisher\":{\"@id\":\"https:\\\/\\\/jardindelasalmas.com\\\/web\\\/#\\\/schema\\\/person\\\/082637eaa66432090856e2beebef5d5f\"},\"image\":{\"@id\":\"https:\\\/\\\/jardindelasalmas.com\\\/web\\\/que-es-este-jardin\\\/#primaryimage\"},\"thumbnailUrl\":\"https:\\\/\\\/jardindelasalmas.com\\\/web\\\/wp-content\\\/uploads\\\/2022\\\/12\\\/header1.jpg\",\"inLanguage\":\"es\"},{\"@type\":\"WebPage\",\"@id\":\"https:\\\/\\\/jardindelasalmas.com\\\/web\\\/que-es-este-jardin\\\/\",\"url\":\"https:\\\/\\\/jardindelasalmas.com\\\/web\\\/que-es-este-jardin\\\/\",\"name\":\"\u00bfQu\u00e9 es este Jard\u00edn? - Visit\u00e1 guiada al Jard\u00edn de las Almas\",\"isPartOf\":{\"@id\":\"https:\\\/\\\/jardindelasalmas.com\\\/web\\\/#website\"},\"primaryImageOfPage\":{\"@id\":\"https:\\\/\\\/jardindelasalmas.com\\\/web\\\/que-es-este-jardin\\\/#primaryimage\"},\"image\":{\"@id\":\"https:\\\/\\\/jardindelasalmas.com\\\/web\\\/que-es-este-jardin\\\/#primaryimage\"},\"thumbnailUrl\":\"https:\\\/\\\/jardindelasalmas.com\\\/web\\\/wp-content\\\/uploads\\\/2022\\\/12\\\/header1.jpg\",\"datePublished\":\"2022-02-25T03:35:12+00:00\",\"dateModified\":\"2023-08-11T21:33:40+00:00\",\"description\":\"\u00bfQu\u00e9 es este Jard\u00edn? sanaci\u00f3n del alma; c\u00f3mo sanar dolores del alma; c\u00f3mo sanar heridas del alma; c\u00f3mo sanar heridas del alma seg\u00fan la biblia\",\"breadcrumb\":{\"@id\":\"https:\\\/\\\/jardindelasalmas.com\\\/web\\\/que-es-este-jardin\\\/#breadcrumb\"},\"inLanguage\":\"es\",\"potentialAction\":[{\"@type\":\"ReadAction\",\"target\":[\"https:\\\/\\\/jardindelasalmas.com\\\/web\\\/que-es-este-jardin\\\/\"]}]},{\"@type\":\"ImageObject\",\"inLanguage\":\"es\",\"@id\":\"https:\\\/\\\/jardindelasalmas.com\\\/web\\\/que-es-este-jardin\\\/#primaryimage\",\"url\":\"https:\\\/\\\/jardindelasalmas.com\\\/web\\\/wp-content\\\/uploads\\\/2022\\\/12\\\/header1.jpg\",\"contentUrl\":\"https:\\\/\\\/jardindelasalmas.com\\\/web\\\/wp-content\\\/uploads\\\/2022\\\/12\\\/header1.jpg\",\"width\":1913,\"height\":629},{\"@type\":\"BreadcrumbList\",\"@id\":\"https:\\\/\\\/jardindelasalmas.com\\\/web\\\/que-es-este-jardin\\\/#breadcrumb\",\"itemListElement\":[{\"@type\":\"ListItem\",\"position\":1,\"name\":\"Portada\",\"item\":\"https:\\\/\\\/jardindelasalmas.com\\\/web\\\/\"},{\"@type\":\"ListItem\",\"position\":2,\"name\":\"\u00bfQu\u00e9 es este Jard\u00edn?\"}]},{\"@type\":\"WebSite\",\"@id\":\"https:\\\/\\\/jardindelasalmas.com\\\/web\\\/#website\",\"url\":\"https:\\\/\\\/jardindelasalmas.com\\\/web\\\/\",\"name\":\"Visita guiada al Jard\u00edn de las Almas\",\"description\":\"podcast + cursos\",\"publisher\":{\"@id\":\"https:\\\/\\\/jardindelasalmas.com\\\/web\\\/#\\\/schema\\\/person\\\/082637eaa66432090856e2beebef5d5f\"},\"potentialAction\":[{\"@type\":\"SearchAction\",\"target\":{\"@type\":\"EntryPoint\",\"urlTemplate\":\"https:\\\/\\\/jardindelasalmas.com\\\/web\\\/?s={search_term_string}\"},\"query-input\":{\"@type\":\"PropertyValueSpecification\",\"valueRequired\":true,\"valueName\":\"search_term_string\"}}],\"inLanguage\":\"es\"},{\"@type\":[\"Person\",\"Organization\"],\"@id\":\"https:\\\/\\\/jardindelasalmas.com\\\/web\\\/#\\\/schema\\\/person\\\/082637eaa66432090856e2beebef5d5f\",\"name\":\"Daniel Schulman\",\"image\":{\"@type\":\"ImageObject\",\"inLanguage\":\"es\",\"@id\":\"https:\\\/\\\/jardindelasalmas.com\\\/web\\\/wp-content\\\/uploads\\\/2022\\\/11\\\/cropped-favicon_512px.jpg\",\"url\":\"https:\\\/\\\/jardindelasalmas.com\\\/web\\\/wp-content\\\/uploads\\\/2022\\\/11\\\/cropped-favicon_512px.jpg\",\"contentUrl\":\"https:\\\/\\\/jardindelasalmas.com\\\/web\\\/wp-content\\\/uploads\\\/2022\\\/11\\\/cropped-favicon_512px.jpg\",\"width\":512,\"height\":512,\"caption\":\"Daniel Schulman\"},\"logo\":{\"@id\":\"https:\\\/\\\/jardindelasalmas.com\\\/web\\\/wp-content\\\/uploads\\\/2022\\\/11\\\/cropped-favicon_512px.jpg\"},\"sameAs\":[\"https:\\\/\\\/jardindelasalmas.com\\\/\",\"https:\\\/\\\/www.facebook.com\\\/profile.php?id=100090224005995\",\"https:\\\/\\\/www.instagram.com\\\/jardindelasalmas\"]},{\"@type\":\"Person\",\"@id\":\"https:\\\/\\\/jardindelasalmas.com\\\/web\\\/#\\\/schema\\\/person\\\/fff163717c352ceebe648372dd0df981\",\"name\":\"Daniel Schulman\",\"image\":{\"@type\":\"ImageObject\",\"inLanguage\":\"es\",\"@id\":\"https:\\\/\\\/secure.gravatar.com\\\/avatar\\\/6cd9c5eefc88d757004f09631286086bc6601f5b3111c77bd2f92daec729c43a?s=96&d=mm&r=g\",\"url\":\"https:\\\/\\\/secure.gravatar.com\\\/avatar\\\/6cd9c5eefc88d757004f09631286086bc6601f5b3111c77bd2f92daec729c43a?s=96&d=mm&r=g\",\"contentUrl\":\"https:\\\/\\\/secure.gravatar.com\\\/avatar\\\/6cd9c5eefc88d757004f09631286086bc6601f5b3111c77bd2f92daec729c43a?s=96&d=mm&r=g\",\"caption\":\"Daniel Schulman\"},\"sameAs\":[\"https:\\\/\\\/jardindelasalmas.com\\\/web\"],\"url\":\"https:\\\/\\\/jardindelasalmas.com\\\/web\\\/author\\\/adminas\\\/\"}]}<\/script>\n<!-- \/ Yoast SEO plugin. -->","yoast_head_json":{"title":"\u00bfQu\u00e9 es este Jard\u00edn? - Visit\u00e1 guiada al Jard\u00edn de las Almas","description":"\u00bfQu\u00e9 es este Jard\u00edn? sanaci\u00f3n del alma; c\u00f3mo sanar dolores del alma; c\u00f3mo sanar heridas del alma; c\u00f3mo sanar heridas del alma seg\u00fan la biblia","robots":{"index":"index","follow":"follow","max-snippet":"max-snippet:-1","max-image-preview":"max-image-preview:large","max-video-preview":"max-video-preview:-1"},"canonical":"https:\/\/jardindelasalmas.com\/web\/que-es-este-jardin\/","og_locale":"es_ES","og_type":"article","og_title":"Visita guiada al Jard\u00edn de las Almas","og_description":"\u00bfQu\u00e9 es este Jard\u00edn? sanaci\u00f3n del alma; c\u00f3mo sanar dolores del alma; c\u00f3mo sanar heridas del alma; c\u00f3mo sanar heridas del alma seg\u00fan la biblia","og_url":"https:\/\/jardindelasalmas.com\/web\/que-es-este-jardin\/","og_site_name":"Visita guiada al Jard\u00edn de las Almas","article_publisher":"https:\/\/www.facebook.com\/profile.php?id=100090224005995","article_modified_time":"2023-08-11T21:33:40+00:00","og_image":[{"url":"https:\/\/jardindelasalmas.com\/web\/wp-content\/uploads\/2022\/12\/header1.jpg","type":"","width":"","height":""}],"twitter_card":"summary_large_image","twitter_misc":{"Tiempo de lectura":"2 minutos"},"schema":{"@context":"https:\/\/schema.org","@graph":[{"@type":"Article","@id":"https:\/\/jardindelasalmas.com\/web\/que-es-este-jardin\/#article","isPartOf":{"@id":"https:\/\/jardindelasalmas.com\/web\/que-es-este-jardin\/"},"author":{"name":"Daniel Schulman","@id":"https:\/\/jardindelasalmas.com\/web\/#\/schema\/person\/fff163717c352ceebe648372dd0df981"},"headline":"\u00bfQu\u00e9 es este Jard\u00edn?","datePublished":"2022-02-25T03:35:12+00:00","dateModified":"2023-08-11T21:33:40+00:00","mainEntityOfPage":{"@id":"https:\/\/jardindelasalmas.com\/web\/que-es-este-jardin\/"},"wordCount":196,"publisher":{"@id":"https:\/\/jardindelasalmas.com\/web\/#\/schema\/person\/082637eaa66432090856e2beebef5d5f"},"image":{"@id":"https:\/\/jardindelasalmas.com\/web\/que-es-este-jardin\/#primaryimage"},"thumbnailUrl":"https:\/\/jardindelasalmas.com\/web\/wp-content\/uploads\/2022\/12\/header1.jpg","inLanguage":"es"},{"@type":"WebPage","@id":"https:\/\/jardindelasalmas.com\/web\/que-es-este-jardin\/","url":"https:\/\/jardindelasalmas.com\/web\/que-es-este-jardin\/","name":"\u00bfQu\u00e9 es este Jard\u00edn? - Visit\u00e1 guiada al Jard\u00edn de las Almas","isPartOf":{"@id":"https:\/\/jardindelasalmas.com\/web\/#website"},"primaryImageOfPage":{"@id":"https:\/\/jardindelasalmas.com\/web\/que-es-este-jardin\/#primaryimage"},"image":{"@id":"https:\/\/jardindelasalmas.com\/web\/que-es-este-jardin\/#primaryimage"},"thumbnailUrl":"https:\/\/jardindelasalmas.com\/web\/wp-content\/uploads\/2022\/12\/header1.jpg","datePublished":"2022-02-25T03:35:12+00:00","dateModified":"2023-08-11T21:33:40+00:00","description":"\u00bfQu\u00e9 es este Jard\u00edn? sanaci\u00f3n del alma; c\u00f3mo sanar dolores del alma; c\u00f3mo sanar heridas del alma; c\u00f3mo sanar heridas del alma seg\u00fan la biblia","breadcrumb":{"@id":"https:\/\/jardindelasalmas.com\/web\/que-es-este-jardin\/#breadcrumb"},"inLanguage":"es","potentialAction":[{"@type":"ReadAction","target":["https:\/\/jardindelasalmas.com\/web\/que-es-este-jardin\/"]}]},{"@type":"ImageObject","inLanguage":"es","@id":"https:\/\/jardindelasalmas.com\/web\/que-es-este-jardin\/#primaryimage","url":"https:\/\/jardindelasalmas.com\/web\/wp-content\/uploads\/2022\/12\/header1.jpg","contentUrl":"https:\/\/jardindelasalmas.com\/web\/wp-content\/uploads\/2022\/12\/header1.jpg","width":1913,"height":629},{"@type":"BreadcrumbList","@id":"https:\/\/jardindelasalmas.com\/web\/que-es-este-jardin\/#breadcrumb","itemListElement":[{"@type":"ListItem","position":1,"name":"Portada","item":"https:\/\/jardindelasalmas.com\/web\/"},{"@type":"ListItem","position":2,"name":"\u00bfQu\u00e9 es este Jard\u00edn?"}]},{"@type":"WebSite","@id":"https:\/\/jardindelasalmas.com\/web\/#website","url":"https:\/\/jardindelasalmas.com\/web\/","name":"Visita guiada al Jard\u00edn de las Almas","description":"podcast + cursos","publisher":{"@id":"https:\/\/jardindelasalmas.com\/web\/#\/schema\/person\/082637eaa66432090856e2beebef5d5f"},"potentialAction":[{"@type":"SearchAction","target":{"@type":"EntryPoint","urlTemplate":"https:\/\/jardindelasalmas.com\/web\/?s={search_term_string}"},"query-input":{"@type":"PropertyValueSpecification","valueRequired":true,"valueName":"search_term_string"}}],"inLanguage":"es"},{"@type":["Person","Organization"],"@id":"https:\/\/jardindelasalmas.com\/web\/#\/schema\/person\/082637eaa66432090856e2beebef5d5f","name":"Daniel Schulman","image":{"@type":"ImageObject","inLanguage":"es","@id":"https:\/\/jardindelasalmas.com\/web\/wp-content\/uploads\/2022\/11\/cropped-favicon_512px.jpg","url":"https:\/\/jardindelasalmas.com\/web\/wp-content\/uploads\/2022\/11\/cropped-favicon_512px.jpg","contentUrl":"https:\/\/jardindelasalmas.com\/web\/wp-content\/uploads\/2022\/11\/cropped-favicon_512px.jpg","width":512,"height":512,"caption":"Daniel Schulman"},"logo":{"@id":"https:\/\/jardindelasalmas.com\/web\/wp-content\/uploads\/2022\/11\/cropped-favicon_512px.jpg"},"sameAs":["https:\/\/jardindelasalmas.com\/","https:\/\/www.facebook.com\/profile.php?id=100090224005995","https:\/\/www.instagram.com\/jardindelasalmas"]},{"@type":"Person","@id":"https:\/\/jardindelasalmas.com\/web\/#\/schema\/person\/fff163717c352ceebe648372dd0df981","name":"Daniel Schulman","image":{"@type":"ImageObject","inLanguage":"es","@id":"https:\/\/secure.gravatar.com\/avatar\/6cd9c5eefc88d757004f09631286086bc6601f5b3111c77bd2f92daec729c43a?s=96&d=mm&r=g","url":"https:\/\/secure.gravatar.com\/avatar\/6cd9c5eefc88d757004f09631286086bc6601f5b3111c77bd2f92daec729c43a?s=96&d=mm&r=g","contentUrl":"https:\/\/secure.gravatar.com\/avatar\/6cd9c5eefc88d757004f09631286086bc6601f5b3111c77bd2f92daec729c43a?s=96&d=mm&r=g","caption":"Daniel Schulman"},"sameAs":["https:\/\/jardindelasalmas.com\/web"],"url":"https:\/\/jardindelasalmas.com\/web\/author\/adminas\/"}]}},"_links":{"self":[{"href":"https:\/\/jardindelasalmas.com\/web\/wp-json\/wp\/v2\/pages\/2121","targetHints":{"allow":["GET"]}}],"collection":[{"href":"https:\/\/jardindelasalmas.com\/web\/wp-json\/wp\/v2\/pages"}],"about":[{"href":"https:\/\/jardindelasalmas.com\/web\/wp-json\/wp\/v2\/types\/page"}],"author":[{"embeddable":true,"href":"https:\/\/jardindelasalmas.com\/web\/wp-json\/wp\/v2\/users\/1"}],"replies":[{"embeddable":true,"href":"https:\/\/jardindelasalmas.com\/web\/wp-json\/wp\/v2\/comments?post=2121"}],"version-history":[{"count":13,"href":"https:\/\/jardindelasalmas.com\/web\/wp-json\/wp\/v2\/pages\/2121\/revisions"}],"predecessor-version":[{"id":3696,"href":"https:\/\/jardindelasalmas.com\/web\/wp-json\/wp\/v2\/pages\/2121\/revisions\/3696"}],"wp:attachment":[{"href":"https:\/\/jardindelasalmas.com\/web\/wp-json\/wp\/v2\/media?parent=2121"}],"curies":[{"name":"wp","href":"https:\/\/api.w.org\/{rel}","templated":true}]}}